{"id":15451,"date":"2022-01-09T14:12:59","date_gmt":"2022-01-09T14:12:59","guid":{"rendered":"http:\/\/aiolosair.com\/?page_id=15451"},"modified":"2025-03-14T11:38:03","modified_gmt":"2025-03-14T11:38:03","slug":"imprint","status":"publish","type":"page","link":"https:\/\/aiolosair.com\/tr\/imprint\/","title":{"rendered":"K\u00fcnye"},"content":{"rendered":"<div class=\"vc_row wpb_row vc_row-fluid vc_custom_1641905572223 vc_row-has-fill\"><div class=\"wpb_column vc_column_container vc_col-sm-12 vc_col-lg-12 vc_col-md-12\"><div class=\"vc_column-inner vc_custom_1476030031960\"><div class=\"wpb_wrapper\"><div id=\"ultimate-heading-636169e5e948ce911\" class=\"uvc-heading ult-adjust-bottom-margin ultimate-heading-636169e5e948ce911 uvc-143 accent-title-color\" data-hspacer=\"no_spacer\"  data-halign=\"center\" style=\"text-align:center\"><div class=\"uvc-heading-spacer no_spacer\" style=\"top\"><\/div><div class=\"uvc-main-heading ult-responsive\"  data-ultimate-target='.uvc-heading.ultimate-heading-636169e5e948ce911 h1'  data-responsive-json-new='{\"font-size\":\"desktop:34px;mobile_landscape:22px;mobile:22px;\",\"line-height\":\"desktop:46px;mobile_landscape:32px;mobile:32px;\"}' ><h1 style=\"font-family:&#039;Fira Sans&#039;;font-weight:700;color:#003b81;\">AiolosAir<\/h1><\/div><div class=\"uvc-sub-heading ult-responsive\"  data-ultimate-target='.uvc-heading.ultimate-heading-636169e5e948ce911 .uvc-sub-heading '  data-responsive-json-new='{\"font-size\":\"desktop:58px;mobile_landscape:38px;mobile:30px;\",\"line-height\":\"desktop:68px;mobile_landscape:48px;mobile:40px;\"}'  style=\"font-family:&#039;Fira Sans Condensed&#039;;font-weight:700;color:#ffffff;margin-top:10px;margin-bottom:20px;\">K\u00fcnye<\/div><\/div><style type=\"text\/css\" data-type=\"the7_shortcodes-inline-css\">.dt-breadcrumbs-id-00e7ad14fe45716ac790718ece057902 .breadcrumbs {\n  display: inline-block;\n  margin: 0;\n  padding: 2px 12px 2px 12px;\n  border: 1px solid rgba(255,255,255,0.25);\n  border-radius: 0px;\n}\n.dt-breadcrumbs-id-00e7ad14fe45716ac790718ece057902 .breadcrumbs * {\n  font-size: 13px;\n  line-height: 16px;\n  color: #ffffff;\n}\n<\/style><div class=\"dt-breadcrumbs-shortcode dt-breadcrumbs-id-00e7ad14fe45716ac790718ece057902 align-centre\"><div class=\"assistive-text\">You are here:<\/div><ol class=\"breadcrumbs text-small\" itemscope itemtype=\"https:\/\/schema.org\/BreadcrumbList\"><li itemprop=\"itemListElement\" itemscope itemtype=\"https:\/\/schema.org\/ListItem\"><a itemprop=\"item\" href=\"https:\/\/aiolosair.com\/tr\/\" title=\"\"><span itemprop=\"name\">Home<\/span><\/a><meta itemprop=\"position\" content=\"1\" \/><\/li><li class=\"current\" itemprop=\"itemListElement\" itemscope itemtype=\"https:\/\/schema.org\/ListItem\"><span itemprop=\"name\">Sayfa<\/span><meta itemprop=\"position\" content=\"2\" \/><\/li><\/ol><\/div><\/div><\/div><\/div><\/div><!-- Row Backgrounds --><div class=\"upb_bg_img\" data-ultimate-bg=\"url(https:\/\/aiolosair.com\/wp-content\/uploads\/2022\/01\/9-scaled.jpg)\" data-image-id=\"id^15578|url^https:\/\/aiolosair.com\/wp-content\/uploads\/2022\/01\/9-scaled.jpg|caption^Data privacy concept with wooden blocks with words, lock on it on sage color background side view. horizontal image|alt^null|title^Data privacy concept with wooden blocks with words, lock on it on sage color background side view. horizontal image|description^null\" data-ultimate-bg-style=\"vcpb-vz-jquery\" data-bg-img-repeat=\"no-repeat\" data-bg-img-size=\"cover\" data-bg-img-position=\"\" data-parallx_sense=\"30\" data-bg-override=\"ex-full\" data-bg_img_attach=\"scroll\" data-upb-overlay-color=\"rgba(0,0,0,0.5)\" data-upb-bg-animation=\"\" data-fadeout=\"\" data-bg-animation=\"left-animation\" data-bg-animation-type=\"h\" data-animation-repeat=\"repeat\" data-fadeout-percentage=\"30\" data-parallax-content=\"\" data-parallax-content-sense=\"30\" data-row-effect-mobile-disable=\"true\" data-img-parallax-mobile-disable=\"true\" data-rtl=\"false\"  data-custom-vc-row=\"\"  data-vc=\"6.6.0.1\"  data-is_old_vc=\"\"  data-theme-support=\"\"   data-overlay=\"true\" data-overlay-color=\"rgba(0,0,0,0.5)\" data-overlay-pattern=\"\" data-overlay-pattern-opacity=\"0.25\" data-overlay-pattern-size=\"\" data-overlay-pattern-attachment=\"scroll\"    ><\/div><div class=\"vc_row wpb_row vc_row-fluid\"><div class=\"wpb_column vc_column_container vc_col-sm-6\"><div class=\"vc_column-inner\"><div class=\"wpb_wrapper\">\n\t<div class=\"wpb_accordion wpb_content_element  not-column-inherit dt-style dt-accordion-bg-on dt-accordion-text-big\" data-collapsible=\"yes\" data-vc-disable-keydown=\"false\" data-active-tab=\"false\">\n\t\t<div class=\"wpb_wrapper wpb_accordion_wrapper ui-accordion\">\n<h2 class=\"wpb_heading wpb_accordion_heading\">K\u00fcnye<\/h2>\n\n\t<div id='imprintsection2'class=\"wpb_accordion_section group\">\n\t\t<h3 class=\"wpb_accordion_header ui-accordion-header\"><a href=\"#disclaimer\"><span>Sorumluluk reddi beyan\u0131<\/span><\/a><\/h3>\n\t\t<div class=\"wpb_accordion_content ui-accordion-content vc_clearfix\">\n\t\t\t\n\t<div class=\"wpb_text_column wpb_content_element\" >\n\t\t<div class=\"wpb_wrapper\">\n\t\t\t<p>\u0130\u00e7erik sorumlulu\u011fu. Bir hizmet sa\u011flay\u0131c\u0131 olarak, bu sayfalardaki kendi i\u00e7eriklerimizden genel yasalar uyar\u0131nca \u00a7 7 paragraf 1 TMG uyar\u0131nca sorumluyuz. TMG \u00a7\u00a7 8 ila 10 uyar\u0131nca, bir hizmet sa\u011flay\u0131c\u0131 olarak iletilen veya saklanan bilgileri izlemek veya yasa d\u0131\u015f\u0131 faaliyete i\u015faret eden durumlar\u0131 ara\u015ft\u0131rmakla y\u00fck\u00fcml\u00fc de\u011filiz. Genel kanunlar kapsam\u0131ndaki bilgilerin kald\u0131r\u0131lmas\u0131 veya kullan\u0131m\u0131n\u0131n engellenmesine ili\u015fkin y\u00fck\u00fcml\u00fcl\u00fckler bundan etkilenmez. Bununla birlikte, ilgili bir sorumluluk ancak belirli bir ihlalin \u00f6\u011frenildi\u011fi tarihten itibaren m\u00fcmk\u00fcnd\u00fcr. Uygun yasa ihlallerinin bildirilmesi \u00fczerine i\u00e7eri\u011fi derhal kald\u0131raca\u011f\u0131z.<\/p>\n\n\t\t<\/div>\n\t<\/div>\n\n\t\t<\/div>\n\t<\/div>\n\n\t<div id='imprintsection3'class=\"wpb_accordion_section group\">\n\t\t<h3 class=\"wpb_accordion_header ui-accordion-header\"><a href=\"#liability-for-links\"><span>Ba\u011flant\u0131lara \u0130li\u015fkin Sorumluluk<\/span><\/a><\/h3>\n\t\t<div class=\"wpb_accordion_content ui-accordion-content vc_clearfix\">\n\t\t\t\n\t<div class=\"wpb_text_column wpb_content_element\" >\n\t\t<div class=\"wpb_wrapper\">\n\t\t\t<p>Sitemiz, \u00fczerinde hi\u00e7bir kontrol\u00fcm\u00fcz olmayan harici web sitelerine ba\u011flant\u0131lar i\u00e7ermektedir. Bu nedenle bu harici i\u00e7erikle ilgili herhangi bir sorumluluk kabul edemeyiz. Ba\u011flant\u0131l\u0131 Sitelerin i\u00e7eri\u011finden her zaman ilgili sa\u011flay\u0131c\u0131 veya operat\u00f6r sorumludur. Ba\u011flant\u0131 verilen siteler, ba\u011flant\u0131 verildi\u011fi s\u0131rada olas\u0131 yasal ihlallere kar\u015f\u0131 kontrol edildi. Ba\u011flant\u0131 verildi\u011fi s\u0131rada yasa d\u0131\u015f\u0131 i\u00e7erikler mevcuttu. Ba\u011flant\u0131l\u0131 sayfalar\u0131n kal\u0131c\u0131 olarak kontrol edilmesi, ihlale dair somut bir kan\u0131t olmadan makul de\u011fildir. \u0130hlallerin bildirilmesi \u00fczerine bu t\u00fcr ba\u011flant\u0131lar\u0131 derhal kald\u0131raca\u011f\u0131z.<\/p>\n\n\t\t<\/div>\n\t<\/div>\n\n\t\t<\/div>\n\t<\/div>\n\n\t<div id='imprintsection1'class=\"wpb_accordion_section group\">\n\t\t<h3 class=\"wpb_accordion_header ui-accordion-header\"><a href=\"#privacy-statement\"><span>Gizlilik Bildirimi<\/span><\/a><\/h3>\n\t\t<div class=\"wpb_accordion_content ui-accordion-content vc_clearfix\">\n\t\t\t\n\t<div class=\"wpb_text_column wpb_content_element\" >\n\t\t<div class=\"wpb_wrapper\">\n\t\t\t<p><strong>Veri korumas\u0131<\/strong><\/p>\n<p>Bu sitelerin operat\u00f6rleri ki\u015fisel verilerinizi \u00e7ok ciddi bir \u015fekilde korumay\u0131 taahh\u00fct etmi\u015flerdir. Ki\u015fisel verilerinizi gizli olarak ve yasal veri koruma d\u00fczenlemelerine ve bu gizlilik politikas\u0131na uygun olarak ele al\u0131yoruz. Web sitemizin kullan\u0131m\u0131 genellikle ki\u015fisel bilgi vermeden m\u00fcmk\u00fcnd\u00fcr. Her t\u00fcrl\u00fc ki\u015fisel verinin (isimler, adresler veya e-posta adresleri gibi) toplanmas\u0131 m\u00fcmk\u00fcn oldu\u011funca g\u00f6n\u00fcll\u00fcl\u00fck esas\u0131na dayal\u0131 olarak toplan\u0131r. Bu veriler \u00fc\u00e7\u00fcnc\u00fc taraflara a\u00e7\u0131k izniniz olmadan verilmez.<\/p>\n<p>\u0130nternet \u00fczerinden veri aktar\u0131m\u0131n\u0131n (\u00f6rne\u011fin e-posta yoluyla ileti\u015fim kurarken) g\u00fcvenlik a\u00e7\u0131klar\u0131 g\u00f6sterebilece\u011fini belirtiyoruz. Verilerin \u00fc\u00e7\u00fcnc\u00fc \u015fah\u0131slar\u0131n yetkisiz eri\u015fimine kar\u015f\u0131 tam olarak korunmas\u0131 m\u00fcmk\u00fcn de\u011fildir.<\/p>\n<p><strong>Google Analytics Kullan\u0131m\u0131na \u0130li\u015fkin Gizlilik Beyan\u0131<\/strong><\/p>\n<p>Bu web sitesi, web analiz hizmeti Google Analytics'in i\u015flevlerini kullan\u0131r. Sa\u011flay\u0131c\u0131 Google Inc.1600 Amphitheatre Parkway Mountain View, CA 94043't\u00fcr. Google Analytics kullan\u0131r. \"Kurabiye\". Bunlar bilgisayar\u0131n\u0131zda saklanan ve web sitesini kullan\u0131m\u0131n\u0131z\u0131n analiz edilmesini sa\u011flayan metin dosyalar\u0131d\u0131r. Bu web sitesini kullan\u0131m\u0131n\u0131zla ilgili olarak \u00e7erez taraf\u0131ndan olu\u015fturulan bilgiler genellikle Google'\u0131n ABD'deki bir sunucusuna aktar\u0131l\u0131r ve orada saklan\u0131r.<\/p>\n<p>Bu web sitesinde IP anonimle\u015ftirmenin etkinle\u015ftirilmesi durumunda Google'dan alaca\u011f\u0131n\u0131z IP adresiniz, Avrupa Birli\u011fi \u00dcye Devletlerinde veya Avrupa Ekonomik Alan\u0131 Anla\u015fmas\u0131n\u0131n di\u011fer taraflar\u0131nda kesilecektir. Yaln\u0131zca istisnai durumlarda tam IP adresi ABD'deki bir Google sunucusuna aktar\u0131l\u0131r ve orada k\u0131salt\u0131l\u0131r. Bu sitenin operat\u00f6r\u00fc ad\u0131na Google, bu bilgileri web sitesini kullan\u0131m\u0131n\u0131z\u0131 de\u011ferlendirmek, web sitesi faaliyetlerine ili\u015fkin raporlar derlemek ve web sitesi operat\u00f6r\u00fcne web sitesi ve internetle ilgili hizmetleri sa\u011flamak i\u00e7in kullanacakt\u0131r.<\/p>\n<p>Google Analytics kapsam\u0131nda \u00fcstlenilen taray\u0131c\u0131n\u0131z\u0131n g\u00f6nderdi\u011fi IP adresi di\u011fer Google verileriyle birle\u015ftirilemez. Taray\u0131c\u0131n\u0131zda uygun ayarlar\u0131 se\u00e7erek \u00e7erezlerin kullan\u0131m\u0131n\u0131 reddedebilirsiniz; ancak bu durumda web sitesinin t\u00fcm \u0130\u015flevlerinden tam olarak yararlanamayaca\u011f\u0131n\u0131z\u0131 belirtmek isteriz. Ayr\u0131ca, \u00e7erez taraf\u0131ndan olu\u015fturulan ve web sitesini kullan\u0131m\u0131n\u0131zla (IP adresiniz dahil) ilgili verilerin Google'a g\u00f6nderilmesini ve bu verilerin Google taraf\u0131ndan i\u015flenmesini, a\u015fa\u011f\u0131daki ba\u011flant\u0131daki taray\u0131c\u0131 eklentisini indirerek ve kurarak da \u00f6nleyebilirsiniz:\u00a0<a href=\"http:\/\/tools.google.com\/dlpage\/gaoptour?hl=de.%C2%A0\" target=\"_blank\" rel=\"noopener\">http:\/\/tools.google.com\/dlpage\/gaoptour?hl=de.\u00a0<\/a><\/p>\n<p><strong>\u00c7erezler<\/strong><\/p>\n<p>Web siteleri baz\u0131 \u00e7erezler kullan\u0131r. Bilgisayar\u0131n\u0131za \u00e7erez yerle\u015ftirmeniz zarar vermez ve vir\u00fcs i\u00e7ermez. \u00c7erezler, teklifimizi daha kullan\u0131c\u0131 dostu, etkili ve daha g\u00fcvenli hale getirmek i\u00e7in kullan\u0131l\u0131r. \u00c7erezler, bilgisayar\u0131n\u0131zda saklanan ve taray\u0131c\u0131n\u0131z taraf\u0131ndan kaydedilen k\u00fc\u00e7\u00fck metin dosyalar\u0131d\u0131r. Kulland\u0131\u011f\u0131m\u0131z \u00e7erezlerin \u00e7o\u011fu \u201coturum \u00e7erezleri\u201d olarak adland\u0131r\u0131lmaktad\u0131r. Ziyaretinizden sonra otomatik olarak silinirler. Di\u011fer \u00e7erezler siz silinceye kadar cihaz\u0131n\u0131z\u0131n haf\u0131zas\u0131nda kal\u0131r. Bu \u00e7erezler bir sonraki ziyaretinizde taray\u0131c\u0131n\u0131z\u0131 tan\u0131mam\u0131z\u0131 sa\u011flar.<\/p>\n<p>Taray\u0131c\u0131n\u0131z\u0131, \u00e7erez kullan\u0131m\u0131 konusunda bilgilendirilecek ve \u00e7erezlere yaln\u0131zca m\u00fcnferit durumlarda izin verecek \u015fekilde ayarlayabilir, belirli durumlarda veya genel kural olarak \u00e7erezlerin kabul\u00fcn\u00fc ve taray\u0131c\u0131y\u0131 kapatt\u0131\u011f\u0131n\u0131zda \u00e7erezlerin otomatik olarak silinmesini etkinle\u015ftirebilirsiniz. \u00c7erezlerin devre d\u0131\u015f\u0131 b\u0131rak\u0131lmas\u0131 durumunda bu web sitesinin i\u015flevselli\u011fi k\u0131s\u0131tlanabilir.<\/p>\n<p><strong>Sunucu-G\u00fcnl\u00fck Dosyalar\u0131<\/strong><\/p>\n<p>Sayfalar\u0131n sa\u011flay\u0131c\u0131s\u0131, taray\u0131c\u0131n\u0131z\u0131n bize otomatik olarak iletti\u011fi sunucu g\u00fcnl\u00fck dosyalar\u0131 ad\u0131 verilen bilgileri otomatik olarak toplar ve saklar. Bunlar: Taray\u0131c\u0131 t\u00fcr\u00fc \/ taray\u0131c\u0131 s\u00fcr\u00fcm\u00fc \u0130\u015fletim sistemi Y\u00f6nlendiren URL Bilgisayara eri\u015fen ana bilgisayar ad\u0131 Sunucu iste\u011finin zaman\u0131 Bu veriler belirli ki\u015filere atanmaz. Bu verilerin ba\u015fka veri kaynaklar\u0131yla birle\u015ftirilmesi yap\u0131lmaz. Yasad\u0131\u015f\u0131 kullan\u0131ma ili\u015fkin somut belirtilerin bilinmesi halinde, bu verileri geriye d\u00f6n\u00fck olarak inceleme hakk\u0131m\u0131z\u0131 sakl\u0131 tutuyoruz.<\/p>\n<p><strong>\u0130leti\u015fim Formu<\/strong><\/p>\n<p>Bize ileti\u015fim formu arac\u0131l\u0131\u011f\u0131yla soru g\u00f6nderirseniz, sa\u011flad\u0131\u011f\u0131n\u0131z ileti\u015fim bilgileri de dahil olmak \u00fczere Talep Formu'ndaki verileriniz, talebin i\u015flenmesi amac\u0131yla ve bize iletilecek takip sorular\u0131 olmas\u0131 durumunda orada saklanacakt\u0131r. Bu veriler sizin izniniz olmadan a\u00e7\u0131klanmayacakt\u0131r.<\/p>\n<p><strong>\u00c7eli\u015fkili tan\u0131t\u0131m e-postalar\u0131<\/strong><\/p>\n<p>K\u00fcnye y\u00fck\u00fcml\u00fcl\u00fc\u011f\u00fc \u00e7er\u00e7evesinde yay\u0131nlanan, a\u00e7\u0131k\u00e7a talep edilmeyen reklam ve bilgilendirme materyallerinin g\u00f6nderilmesi amac\u0131yla kullan\u0131lmas\u0131 i\u015fbu belge ile reddedilmi\u015ftir. Bu sayfalar\u0131n operat\u00f6rleri, spam e-postalar gibi istenmeyen tan\u0131t\u0131m bilgileri durumunda a\u00e7\u0131k\u00e7a yasal ad\u0131mlar atmaktad\u0131r.<\/p>\n<p><strong>Bilgi, Silme veya Engelleme<\/strong><\/p>\n<p>Saklanan ki\u015fisel verileriniz, bunlar\u0131n kayna\u011f\u0131 ve var\u0131\u015f yeri ve veri i\u015fleme amac\u0131 hakk\u0131nda \u00fccretsiz bilgi edinme ve bu verilerin d\u00fczeltilmesi, engellenmesi veya silinmesi hakk\u0131na her zaman sahipsiniz. Bu ama\u00e7la, ki\u015fisel verilere ili\u015fkin di\u011fer sorular\u0131n\u0131z\u0131n yan\u0131 s\u0131ra, \u00fczerimizdeki k\u00fcnyede belirtilen adresten istedi\u011finiz zaman ileti\u015fime ge\u00e7ebilirsiniz.<\/p>\n<p><strong>B\u00fclten Verileri<\/strong><\/p>\n<p>Web sitesinde sunulan b\u00fclteni almak istiyorsan\u0131z, e-posta adresinize ve e-posta adresinin sahibi oldu\u011funuzu ve b\u00fclteni almay\u0131 kabul etti\u011finizi do\u011frulamam\u0131za olanak tan\u0131yan bilgilere ihtiyac\u0131m\u0131z var, Daha fazla veri toplanmaz . Bu bilgileri yaln\u0131zca talep edilen bilgileri g\u00f6ndermek ve \u00fc\u00e7\u00fcnc\u00fc taraflara iletmek i\u00e7in kullan\u0131r\u0131z. Verilerin, e-posta adresinin ve bunlar\u0131n haber b\u00fclteninin g\u00f6nderilmesi i\u00e7in kullan\u0131lmas\u0131na ili\u015fkin onay, \u00f6rne\u011fin haber b\u00fcltenindeki \"aboneli\u011fi iptal et\" ba\u011flant\u0131s\u0131 arac\u0131l\u0131\u011f\u0131yla herhangi bir zamanda iptal edilebilir.<\/p>\n\n\t\t<\/div>\n\t<\/div>\n\n\t\t<\/div>\n\t<\/div>\n\n\t\t<\/div>\n\t<\/div>\n<\/div><\/div><\/div><div class=\"wpb_column vc_column_container vc_col-sm-6 vc_col-has-fill\"><div class=\"vc_column-inner vc_custom_1641903420896\"><div class=\"wpb_wrapper\">\n\t<div class=\"wpb_text_column wpb_content_element  vc_custom_1741952268817\" >\n\t\t<div class=\"wpb_wrapper\">\n\t\t\t<p><span style=\"color: #263a7c;\"><b>Buna g\u00f6re bilgi<\/b>:<\/span><br \/>\nBu web sitesinin veri koruma kanunu a\u00e7\u0131s\u0131ndan sorumlu sa\u011flay\u0131c\u0131s\u0131:<br \/>\n<span style=\"color: #263a7c;\"><b>AiolosAir \u0130leri Havaland\u0131rma Teknolojileri A.\u015e.<\/b><\/span><br \/>\n34776 Istanbul &#8211; Turkey<\/p>\n<p><span style=\"color: #263a7c;\"><b>Y\u00f6netim taraf\u0131ndan temsil edilenler:<\/b>\u00a0<\/span><br \/>\nOzan Atasoy<\/p>\n<p><b><span style=\"color: #263a7c;\">\u0130leti\u015fim:<\/span><\/b><br \/>\nE-Mail:\u00a0<a href=\"https:\/\/aiolosair.com\/tr\/Page\/details\/info@aiolosair.com\/\" target=\"_blank\" rel=\"noopener\">info@aiolosair.com<\/a><br \/>\nWEB:\u00a0<a href=\"https:\/\/aiolosair.com\/tr\/\" target=\"_blank\" rel=\"noopener\">https:\/\/aiolosair.com\/&lt;\/a<\/a><\/p>\n<p class=\" translation-block\"><b><span style=\"color: #263a7c\">Kay\u0131t Numaras\u0131:<\/span><br>\n<\/b>167161-5<\/p>\n<p><b><span style=\"color: #263a7c;\">Merkezi Kay\u0131t Numaras\u0131:<\/span><br \/>\n<\/b>0010-1327-6780-0001<\/p>\n<p><b><span style=\"color: #263a7c;\">Resim Kaynaklar\u0131:<\/span><br \/>\n<\/b>AiolosAir<br \/>\nPrimeware<br \/>\nMicrosoft free gallery<br \/>\nFotolia<br \/>\nPhoto by freestockgallery.de<\/p>\n\n\t\t<\/div>\n\t<\/div>\n<\/div><\/div><\/div><\/div>","protected":false},"excerpt":{"rendered":"<p>AiolosAirImprint Imprint Disclaimer Liability for content. As a service provider we are responsible according to \u00a7 7 paragraph 1 TMG for own contents on these pages under the general laws. According to \u00a7\u00a7 8 to 10 TMG we are not obligated as a service provider to monitor transmitted or stored information, or to investigate circumstances&hellip;<\/p>","protected":false},"author":1,"featured_media":0,"parent":0,"menu_order":20,"comment_status":"closed","ping_status":"closed","template":"","meta":{"footnotes":""},"class_list":["post-15451","page","type-page","status-publish","hentry","description-off"],"aioseo_notices":[],"_links":{"self":[{"href":"https:\/\/aiolosair.com\/tr\/wp-json\/wp\/v2\/pages\/15451","targetHints":{"allow":["GET"]}}],"collection":[{"href":"https:\/\/aiolosair.com\/tr\/wp-json\/wp\/v2\/pages"}],"about":[{"href":"https:\/\/aiolosair.com\/tr\/wp-json\/wp\/v2\/types\/page"}],"author":[{"embeddable":true,"href":"https:\/\/aiolosair.com\/tr\/wp-json\/wp\/v2\/users\/1"}],"replies":[{"embeddable":true,"href":"https:\/\/aiolosair.com\/tr\/wp-json\/wp\/v2\/comments?post=15451"}],"version-history":[{"count":4,"href":"https:\/\/aiolosair.com\/tr\/wp-json\/wp\/v2\/pages\/15451\/revisions"}],"predecessor-version":[{"id":16368,"href":"https:\/\/aiolosair.com\/tr\/wp-json\/wp\/v2\/pages\/15451\/revisions\/16368"}],"wp:attachment":[{"href":"https:\/\/aiolosair.com\/tr\/wp-json\/wp\/v2\/media?parent=15451"}],"curies":[{"name":"wp","href":"https:\/\/api.w.org\/{rel}","templated":true}]}}