{"id":15621,"date":"2022-01-12T14:36:38","date_gmt":"2022-01-12T14:36:38","guid":{"rendered":"http:\/\/aiolosair.com\/?page_id=15621"},"modified":"2022-02-04T13:31:25","modified_gmt":"2022-02-04T13:31:25","slug":"centralized-ventilation","status":"publish","type":"page","link":"https:\/\/aiolosair.com\/tr\/centralized-ventilation\/","title":{"rendered":"Merkezi Havaland\u0131rma"},"content":{"rendered":"<div class=\"vc_row wpb_row vc_row-fluid vc_custom_1643101485959 vc_row-has-fill\"><div class=\"wpb_column vc_column_container vc_col-sm-12 vc_col-lg-12 vc_col-md-12\"><div class=\"vc_column-inner vc_custom_1476030031960\"><div class=\"wpb_wrapper\"><div id=\"ultimate-heading-179569d001fa9d3a6\" class=\"uvc-heading ult-adjust-bottom-margin ultimate-heading-179569d001fa9d3a6 uvc-2449 accent-title-color\" data-hspacer=\"no_spacer\"  data-halign=\"center\" style=\"text-align:center\"><div class=\"uvc-heading-spacer no_spacer\" style=\"top\"><\/div><\/div><div class=\"vc_empty_space\"   style=\"height: 32px\"><span class=\"vc_empty_space_inner\"><\/span><\/div><\/div><\/div><\/div><\/div><!-- Row Backgrounds --><div class=\"upb_bg_img\" data-ultimate-bg=\"url(https:\/\/aiolosair.com\/wp-content\/uploads\/2022\/01\/Centralized-Ventilation-Products.jpg)\" data-image-id=\"id^15759|url^https:\/\/aiolosair.com\/wp-content\/uploads\/2022\/01\/Centralized-Ventilation-Products.jpg|caption^null|alt^null|title^Centralized Ventilation Products|description^null\" data-ultimate-bg-style=\"vcpb-default\" data-bg-img-repeat=\"no-repeat\" data-bg-img-size=\"contain\" data-bg-img-position=\"\" data-parallx_sense=\"30\" data-bg-override=\"ex-full\" data-bg_img_attach=\"scroll\" data-upb-overlay-color=\"\" data-upb-bg-animation=\"\" data-fadeout=\"\" data-bg-animation=\"left-animation\" data-bg-animation-type=\"h\" data-animation-repeat=\"repeat\" data-fadeout-percentage=\"30\" data-parallax-content=\"\" data-parallax-content-sense=\"30\" data-row-effect-mobile-disable=\"true\" data-img-parallax-mobile-disable=\"true\" data-rtl=\"false\"  data-custom-vc-row=\"\"  data-vc=\"6.6.0.1\"  data-is_old_vc=\"\"  data-theme-support=\"\"   data-overlay=\"false\" data-overlay-color=\"\" data-overlay-pattern=\"\" data-overlay-pattern-opacity=\"\" data-overlay-pattern-size=\"\"    ><\/div><div class=\"vc_row wpb_row vc_row-fluid\"><div class=\"wpb_column vc_column_container vc_col-sm-12\"><div class=\"vc_column-inner vc_custom_1642060188568\"><div class=\"wpb_wrapper\"><style type=\"text\/css\" data-type=\"the7_shortcodes-inline-css\">.shortcode-single-image-wrap.shortcode-single-image-060eb6640699333647db0fcda9ae8bfa.enable-bg-rollover .rollover i,\n.shortcode-single-image-wrap.shortcode-single-image-060eb6640699333647db0fcda9ae8bfa.enable-bg-rollover .rollover-video i {\n  background: -webkit-linear-gradient();\n  background: linear-gradient();\n}\n.shortcode-single-image-wrap.shortcode-single-image-060eb6640699333647db0fcda9ae8bfa .rollover-icon {\n  font-size: 32px;\n  color: #ffffff;\n  min-width: 44px;\n  min-height: 44px;\n  line-height: 44px;\n  border-radius: 100px;\n  border-style: solid;\n  border-width: 0px;\n}\n.dt-icon-bg-on.shortcode-single-image-wrap.shortcode-single-image-060eb6640699333647db0fcda9ae8bfa .rollover-icon {\n  background: rgba(255,255,255,0.3);\n  box-shadow: none;\n}\n<\/style><div class=\"shortcode-single-image-wrap shortcode-single-image-060eb6640699333647db0fcda9ae8bfa alignnone  enable-bg-rollover dt-icon-bg-off\" style=\"margin-top:0px; margin-bottom:0px; margin-left:0px; margin-right:0px; width:500px;\"><div class=\"shortcode-single-image\"><div class=\"fancy-media-wrap  layzr-bg\" style=\"\"><img loading=\"lazy\" decoding=\"async\" class=\"preload-me lazy-load\" src=\"data:image\/svg+xml,%3Csvg%20xmlns%3D&#39;http%3A%2F%2Fwww.w3.org%2F2000%2Fsvg&#39;%20viewBox%3D&#39;0%200%20500%20260&#39;%2F%3E\" data-src=\"https:\/\/aiolosair.com\/wp-content\/uploads\/2022\/01\/Original-500x260.png\" data-srcset=\"https:\/\/aiolosair.com\/wp-content\/uploads\/2022\/01\/Original-500x260.png 500w, https:\/\/aiolosair.com\/wp-content\/uploads\/2022\/01\/Original.png 638w\" width=\"500\" height=\"260\"  data-dt-location=\"https:\/\/aiolosair.com\/tr\/home\/original\/\" style=\"\" alt=\"\" \/><\/div><\/div><\/div>\n\t<div class=\"wpb_text_column wpb_content_element  vc_custom_1643111866108\" >\n\t\t<div class=\"wpb_wrapper\">\n\t\t\t<h2 style=\"text-align: center;\"><span style=\"color: #263a7c;\">En Y\u00fcksek Enerji Verimli Merkezi Havaland\u0131rma Sistemleri<\/span><\/h2>\n<p class=\"has-text-color\" style=\"color: #263a7c; text-align: left;\"><span style=\"color: #111111; font-size: 14px; font-weight: normal;\"><span style=\"color: #263a7c;\"><b style=\"font-size: 14px;\">AiolosAir<sup>\u00ae<\/sup><\/b><\/span> , \u00e7evre dostu merkezi havaland\u0131rma ve klima \u00fcr\u00fcnleri \u00fcreten ve tedarik eden bir \u00fcreticidir. Sa\u011fl\u0131kl\u0131 ve konforlu hava i\u015fleme konusunda sorumluluk ta\u015f\u0131r\u0131z. <\/span><span style=\"color: #263a7c;\"><b style=\"font-size: 14px;\">AiolosAir<sup>\u00ae<\/sup><\/b><\/span><span style=\"color: #111111; font-size: 14px; font-weight: normal;\">\u00a0merkezi havaland\u0131rma \u00fcr\u00fcnlerinin en \u00f6nemli felsefelerinden biri, ak\u0131ll\u0131 uygulamalarla en y\u00fcksek enerji verimlili\u011fidir. Enerji maliyetini azaltarak 100% taze hava sa\u011fl\u0131yoruz. Uluslararas\u0131 y\u00f6nelimimiz sayesinde, projenizin nerede olursa olsun, iklim gereksinimleriniz ne olursa olsun, do\u011fru \u00e7\u00f6z\u00fcm\u00fc buluyoruz.\u00a0<\/span><span style=\"color: #263a7c;\"><b style=\"font-size: 14px;\">AiolosAir<sup>\u00ae<\/sup><\/b><\/span><span style=\"color: #111111; font-size: 14px; font-weight: normal;\"> i\u00e7in projenizin planlanmas\u0131 s\u0131ras\u0131nda yak\u0131n ileti\u015fim \u00f6nemlidir. \u0130\u015f orta\u011f\u0131m\u0131z ve m\u00fc\u015fterimizi s\u00fcre\u00e7 boyunca e\u015flik ediyoruz. <span style=\"color: #263a7c;\"><strong>AiolosAir<\/strong><\/span><span style=\"color: #263a7c;\"><strong><sup style=\"font-weight: normal;\">\u00ae<\/sup><\/strong><\/span>\u00a0'in merkezi havaland\u0131rma \u00fcniteleri, y\u00fcksek enerji verimlili\u011fi ve tasar\u0131m kalitesi ile son teknolojiyi temsil eder.\u00a0<span style=\"color: #263a7c;\"><strong>AiolosAir<\/strong><\/span><\/span><span style=\"color: #263a7c;\"><strong><sup style=\"font-weight: normal;\">\u00ae<\/sup><\/strong><\/span><span style=\"color: #111111; font-size: 14px; font-weight: normal;\"> 'in merkezi havaland\u0131rma \u00fcniteleri, hava de\u011fi\u015fimi ve havadaki fazla nemin yan\u0131 s\u0131ra kirleticilerin uzakla\u015ft\u0131r\u0131lmas\u0131 i\u00e7in m\u00fckemmeldir. \u00dcr\u00fcnlerin ak\u0131ll\u0131 tasar\u0131m\u0131 ve kontrol edilebilir oda havaland\u0131rmas\u0131n\u0131n esnek uygulama imkanlar\u0131, kompres\u00f6rl\u00fc DX so\u011futma ve\/veya \u0131s\u0131 pompas\u0131 uygulamas\u0131 ile veya bunlars\u0131z, size tamamen yeni bir planlama perspektifi sunar.<\/span><\/p>\n\n\t\t<\/div>\n\t<\/div>\n<div class=\"vc_empty_space\"   style=\"height: 32px\"><span class=\"vc_empty_space_inner\"><\/span><\/div><div class=\"vc_empty_space\"   style=\"height: 32px\"><span class=\"vc_empty_space_inner\"><\/span><\/div><div class=\"vc_empty_space\"   style=\"height: 32px\"><span class=\"vc_empty_space_inner\"><\/span><\/div><\/div><\/div><\/div><\/div><div class=\"vc_row wpb_row vc_row-fluid\"><div class=\"wpb_column vc_column_container vc_col-sm-3\"><div class=\"vc_column-inner\"><div class=\"wpb_wrapper\"><div class=\"aio-icon-component    style_1\"><div id=\"Info-box-wrap-3674\" class=\"aio-icon-box top-icon\" style=\"\"  ><div class=\"aio-icon-top\"><div class=\"ult-just-icon-wrapper\"><div class=\"align-icon\" style=\"text-align:center;\">\n<div class=\"aio-icon none\"  style=\"color:#263a7c;font-size:32px;display:inline-block;\">\n\t<i class=\"fas fa-check-circle\"><\/i>\n<\/div><\/div><\/div><\/div><div class=\"aio-icon-description ult-responsive\"  data-ultimate-target='#Info-box-wrap-3674 .aio-icon-description'  data-responsive-json-new='{\"font-size\":\"\",\"line-height\":\"\"}'  style=\"\"><\/p>\n<h3 style=\"text-align: center;\" class=\" translation-block\"><strong><span style=\"color: #263a7c\">Yat\u0131r\u0131mc\u0131lar i\u00e7in<br>\n<\/span><\/strong><strong><span style=\"color: #263a7c\">Faydalar<\/span><\/strong><\/h3>\n<p><\/div> <!-- description --><\/div> <!-- aio-icon-box --><\/div> <!-- aio-icon-component --><div class=\"standard-arrow list-divider bullet-top\"><ul>\n<li>\u0130nsan konforunu art\u0131rarak hastal\u0131kl\u0131 bina etkisini \u00f6nlemek i\u00e7in en y\u00fcksek taze hava ile rahatl\u0131k sa\u011flama<\/li>\n<li>Y\u00fcksek enerji verimlili\u011fi ile enerji maliyetini azaltma<\/li>\n<li>Kurulum ve ba\u015flang\u0131\u00e7 maliyetlerini azaltan paket tipi tak ve \u00e7al\u0131\u015ft\u0131r \u00e7\u00f6z\u00fcm\u00fc<\/li>\n<li>\u00c7o\u011fu durumda ba\u015flang\u0131\u00e7 yat\u0131r\u0131m maliyetini art\u0131rmaya gerek yok<\/li>\n<li>\u00dcnitenin uzaktan izlenmesi ve kontrol edilmesiyle mevcut ve ge\u00e7mi\u015f enerji t\u00fcketimini takip etme<\/li>\n<li>AiolosAir taraf\u0131ndan sunulan \u00f6nleyici bak\u0131m hizmeti ile bak\u0131m maliyetlerini azaltma<\/li>\n<li>\u00c7evre dostu \u00fcr\u00fcnler binan\u0131z\u0131n de\u011ferini art\u0131r\u0131r<\/li>\n<\/ul>\n<\/div><\/div><\/div><\/div><div class=\"wpb_column vc_column_container vc_col-sm-3\"><div class=\"vc_column-inner\"><div class=\"wpb_wrapper\"><div class=\"aio-icon-component    style_1\"><div id=\"Info-box-wrap-7516\" class=\"aio-icon-box top-icon\" style=\"\"  ><div class=\"aio-icon-top\"><div class=\"ult-just-icon-wrapper\"><div class=\"align-icon\" style=\"text-align:center;\">\n<div class=\"aio-icon none\"  style=\"color:#263a7c;font-size:32px;display:inline-block;\">\n\t<i class=\"fas fa-user-friends\"><\/i>\n<\/div><\/div><\/div><\/div><div class=\"aio-icon-description ult-responsive\"  data-ultimate-target='#Info-box-wrap-7516 .aio-icon-description'  data-responsive-json-new='{\"font-size\":\"\",\"line-height\":\"\"}'  style=\"\"><\/p>\n<h3 style=\"text-align: center;\" class=\" translation-block\"><span style=\"color: #263a7c\"><b>Kullan\u0131c\u0131lar i\u00e7in<br>\n<\/b><b>Faydalar<\/b><\/span><\/h3>\n<p><\/div> <!-- description --><\/div> <!-- aio-icon-box --><\/div> <!-- aio-icon-component --><div class=\"standard-arrow list-divider bullet-top\"><ul>\n<li>Maksimum taze hava tedariki ile ya\u015fam konforunun art\u0131r\u0131lmas\u0131<\/li>\n<li>Hastal\u0131kl\u0131 bina etkisine kar\u015f\u0131 \u00f6nleyici koruma<\/li>\n<li>Temiz ve kondisyonlu taze hava ile ya\u015fam kalitesinin art\u0131r\u0131lmas\u0131<\/li>\n<li>Ak\u0131ll\u0131 kontrol sistemi esnek, kullan\u0131c\u0131ya y\u00f6nelik i\u015fletmeyi sa\u011flar<\/li>\n<li>Sistem mevcut havaland\u0131rma sistemine entegre edilebilir<\/li>\n<\/ul>\n<\/div><\/div><\/div><\/div><div class=\"wpb_column vc_column_container vc_col-sm-3\"><div class=\"vc_column-inner\"><div class=\"wpb_wrapper\"><div class=\"aio-icon-component    style_1\"><div id=\"Info-box-wrap-7232\" class=\"aio-icon-box top-icon\" style=\"\"  ><div class=\"aio-icon-top\"><div class=\"ult-just-icon-wrapper\"><div class=\"align-icon\" style=\"text-align:center;\">\n<div class=\"aio-icon none\"  style=\"color:#263a7c;font-size:32px;display:inline-block;\">\n\t<i class=\"icomoon-font-awesome-14x14-wrench\"><\/i>\n<\/div><\/div><\/div><\/div><div class=\"aio-icon-description ult-responsive\"  data-ultimate-target='#Info-box-wrap-7232 .aio-icon-description'  data-responsive-json-new='{\"font-size\":\"\",\"line-height\":\"\"}'  style=\"\"><\/p>\n<h3 style=\"text-align: center;\" class=\" translation-block\"><span style=\"color: #263a7c\"><b>Kurulum<br>\n<\/b><b>Faydalar\u0131<\/b><\/span><\/h3>\n<p><\/div> <!-- description --><\/div> <!-- aio-icon-box --><\/div> <!-- aio-icon-component --><div class=\"standard-arrow list-divider bullet-top\"><ul>\n<li class=\"simple\">Basit hesaplama ve kurulum, havaland\u0131rma kanallar\u0131na gerek yok<\/li>\n<li>T\u00fcm\u00fcn\u00fc bir arada tasar\u0131m sayesinde kurulum maliyetini azalt\u0131r<\/li>\n<li>Yeni in\u015faat ve yenileme binalar\u0131na kurulumu kolay<\/li>\n<li>Yeni yap\u0131 ve yenileme binalarda kolay kurulabilir \"Tak ve \u00c7al\u0131\u015ft\u0131r\" \u00e7\u00f6z\u00fcm\u00fc sayesinde h\u0131zl\u0131 devreye alma<\/li>\n<li>Ek DX So\u011futma ve\/veya \u0131s\u0131 pompas\u0131 se\u00e7ene\u011fi sayesinde, uygulamaya ba\u011fl\u0131 olarak ek chiller veya kazan gerekmez<\/li>\n<\/ul>\n<\/div><\/div><\/div><\/div><div class=\"wpb_column vc_column_container vc_col-sm-3\"><div class=\"vc_column-inner\"><div class=\"wpb_wrapper\"><div class=\"aio-icon-component    style_1\"><div id=\"Info-box-wrap-3379\" class=\"aio-icon-box top-icon\" style=\"\"  ><div class=\"aio-icon-top\"><div class=\"ult-just-icon-wrapper\"><div class=\"align-icon\" style=\"text-align:center;\">\n<div class=\"aio-icon none\"  style=\"color:#263a7c;font-size:32px;display:inline-block;\">\n\t<i class=\"fas fa-copy\"><\/i>\n<\/div><\/div><\/div><\/div><div class=\"aio-icon-description ult-responsive\"  data-ultimate-target='#Info-box-wrap-3379 .aio-icon-description'  data-responsive-json-new='{\"font-size\":\"\",\"line-height\":\"\"}'  style=\"\"><\/p>\n<h3 style=\"text-align: center;\" class=\" translation-block\"><span style=\"color: #263a7c\"><b>Planlama A\u015famas\u0131ndaki<br>\n<\/b><b>Faydalar<\/b><\/span><\/h3>\n<p><\/div> <!-- description --><\/div> <!-- aio-icon-box --><\/div> <!-- aio-icon-component --><div class=\"standard-arrow list-divider bullet-top\"><ul>\n<li>Uzman tavsiyesi ve planlama deste\u011fi ile y\u00fcksek planlama g\u00fcvenilirli\u011fi<\/li>\n<li>Uygulamaya ba\u011fl\u0131 boru hatt\u0131 hesaplama gerektirmeyen basit tasar\u0131m<\/li>\n<li>Optimum \u00e7al\u0131\u015fma ko\u015fullar\u0131 ve verimli sistem teknolojisi<\/li>\n<li class=\"simple\">Kolay retrofit kurulumu i\u00e7in m\u00fckemmel<\/li>\n<li>Y\u00fcksek performansl\u0131 EC fi\u015f fanlar ve inverter scroll kompres\u00f6rler sayesinde paket tipi tamam\u0131 bir arada \u00fcnitede y\u00fcksek esneklik sa\u011flanmas\u0131yla hava hacmi ve mekanik so\u011futma ve\/veya \u0131s\u0131tman\u0131n m\u00fckemmel olmas\u0131<\/li>\n<li>\u00d6zel olarak tasarlanm\u0131\u015f AHU'lar i\u00e7in dan\u0131\u015fmanl\u0131k s\u00fcresini azaltma<\/li>\n<\/ul>\n<\/div><\/div><\/div><\/div><\/div><div class=\"vc_row wpb_row vc_row-fluid\"><div class=\"wpb_column vc_column_container vc_col-sm-12\"><div class=\"vc_column-inner\"><div class=\"wpb_wrapper\"><div class=\"vc_empty_space\"   style=\"height: 32px\"><span class=\"vc_empty_space_inner\"><\/span><\/div><div class=\"vc_empty_space\"   style=\"height: 32px\"><span class=\"vc_empty_space_inner\"><\/span><\/div><div class=\"vc_empty_space\"   style=\"height: 32px\"><span class=\"vc_empty_space_inner\"><\/span><\/div><div id=\"ultimate-heading-989969d001faa07cb\" class=\"uvc-heading ult-adjust-bottom-margin ultimate-heading-989969d001faa07cb uvc-9191  uvc-heading-default-font-sizes\" data-hspacer=\"line_only\"  data-halign=\"center\" style=\"text-align:center\"><div class=\"uvc-main-heading ult-responsive\"  data-ultimate-target='.uvc-heading.ultimate-heading-989969d001faa07cb h2'  data-responsive-json-new='{\"font-size\":\"\",\"line-height\":\"\"}' ><h2 style=\"--font-weight:theme;\">\u00dcr\u00fcnler<\/h2><\/div><div class=\"uvc-heading-spacer line_only\" style=\"topheight:1px;\"><span class=\"uvc-headings-line\" style=\"border-style:solid;border-bottom-width:1px;border-color:#ccc;width:autopx;\"><\/span><\/div><\/div><div class=\"vc_empty_space\"   style=\"height: 32px\"><span class=\"vc_empty_space_inner\"><\/span><\/div><\/div><\/div><\/div><\/div><div class=\"vc_row wpb_row vc_row-fluid\"><div class=\"wpb_column vc_column_container vc_col-sm-12\"><div class=\"vc_column-inner\"><div class=\"wpb_wrapper\"><div id=\"ult-carousel-330154218769d001faa0cfa\" class=\"ult-carousel-wrapper   ult_horizontal\" data-gutter=\"15\" data-rtl=\"false\" ><div class=\"ult-carousel-11687679469d001faa0cc8\" ><div class=\"ult-item-wrap\" data-animation=\"animated no-animation\"><div class=\"ult-new-ib ult-ib-effect-style9  ult-ib-resp ult-ib2-min-height\" data-min-width=\"768\" data-max-width=\"900\" style=\" opacity:0; \" data-opacity=\"1\" data-hover-opacity=\"0.5\"  data-min-height=\"480\" ><img decoding=\"async\" class=\"ult-new-ib-img\" style=\"opacity:1;\" alt=\"null\" src=\"https:\/\/aiolosair.com\/wp-content\/uploads\/2022\/01\/HybriCool-Flat-V-WEB-Kucuk-Gorsel2.jpg\"  data-min-height=\"480\"   \/><div id=\"interactive-banner-wrap-6494\" class=\"ult-new-ib-desc\" style=\"\"><h2 class=\"ult-new-ib-title ult-responsive\"  data-ultimate-target='#interactive-banner-wrap-6494 .ult-new-ib-title'  data-responsive-json-new='{\"font-size\":\"\",\"line-height\":\"\"}'  style=\"font-weight:normal;color:#000000;\"><\/h2><div class=\"ult-new-ib-content ult-responsive\"  data-ultimate-target='#interactive-banner-wrap-6494 .ult-new-ib-content'  data-responsive-json-new='{\"font-size\":\"desktop:30px;tablet:30px;tablet_portrait:30px;mobile_landscape:30px;mobile:30px;\",\"line-height\":\"\"}'  style=\"font-weight:normal;color:#273378;\"><p>HybriCool Flat-V<\/p><\/div><\/div><\/div><\/div><div class=\"ult-item-wrap\" data-animation=\"animated no-animation\"><div class=\"ult-new-ib ult-ib-effect-style9  ult-ib-resp ult-ib2-min-height\" data-min-width=\"768\" data-max-width=\"900\" style=\" opacity:0; \" data-opacity=\"1\" data-hover-opacity=\"0.5\"  data-min-height=\"480\" ><img decoding=\"async\" class=\"ult-new-ib-img\" style=\"opacity:1;\" alt=\"null\" src=\"https:\/\/aiolosair.com\/wp-content\/uploads\/2022\/01\/AiolosAir-Aura-WEB-Kucuk-Gorsel2.jpg\"  data-min-height=\"480\"   \/><div id=\"interactive-banner-wrap-7775\" class=\"ult-new-ib-desc\" style=\"\"><h2 class=\"ult-new-ib-title ult-responsive\"  data-ultimate-target='#interactive-banner-wrap-7775 .ult-new-ib-title'  data-responsive-json-new='{\"font-size\":\"\",\"line-height\":\"\"}'  style=\"font-weight:normal;color:#000000;\"><\/h2><div class=\"ult-new-ib-content ult-responsive\"  data-ultimate-target='#interactive-banner-wrap-7775 .ult-new-ib-content'  data-responsive-json-new='{\"font-size\":\"desktop:30px;tablet:30px;tablet_portrait:30px;mobile_landscape:30px;mobile:30px;\",\"line-height\":\"\"}'  style=\"font-weight:normal;color:#273378;\"><p>AiolosAir Aura<\/p><\/div><\/div><\/div><\/div><div class=\"ult-item-wrap\" data-animation=\"animated no-animation\"><div class=\"ult-new-ib ult-ib-effect-style9  ult-ib-resp ult-ib2-min-height\" data-min-width=\"768\" data-max-width=\"900\" style=\" opacity:0; \" data-opacity=\"1\" data-hover-opacity=\"0.5\"  data-min-height=\"480\" ><img decoding=\"async\" class=\"ult-new-ib-img\" style=\"opacity:1;\" alt=\"null\" src=\"https:\/\/aiolosair.com\/wp-content\/uploads\/2022\/01\/HybriCool-Flat-WEB-Kucuk-Gorsel2.jpg\"  data-min-height=\"480\"   \/><div id=\"interactive-banner-wrap-1996\" class=\"ult-new-ib-desc\" style=\"\"><h2 class=\"ult-new-ib-title ult-responsive\"  data-ultimate-target='#interactive-banner-wrap-1996 .ult-new-ib-title'  data-responsive-json-new='{\"font-size\":\"\",\"line-height\":\"\"}'  style=\"font-weight:normal;color:#000000;\"><\/h2><div class=\"ult-new-ib-content ult-responsive\"  data-ultimate-target='#interactive-banner-wrap-1996 .ult-new-ib-content'  data-responsive-json-new='{\"font-size\":\"desktop:30px;tablet:30px;tablet_portrait:30px;mobile_landscape:30px;mobile:30px;\",\"line-height\":\"\"}'  style=\"font-weight:normal;color:#273378;\"><p>HybriCool Flat<\/p><\/div><\/div><\/div><\/div><div class=\"ult-item-wrap\" data-animation=\"animated no-animation\"><div class=\"ult-new-ib ult-ib-effect-style9  ult-ib-resp ult-ib2-min-height\" data-min-width=\"768\" data-max-width=\"900\" style=\" opacity:0; \" data-opacity=\"1\" data-hover-opacity=\"0.5\"  data-min-height=\"480\" ><img decoding=\"async\" class=\"ult-new-ib-img\" style=\"opacity:1;\" alt=\"null\" src=\"https:\/\/aiolosair.com\/wp-content\/uploads\/2022\/01\/HapaBooster-Kucuk-Gorsel2.jpg\"  data-min-height=\"480\"   \/><div id=\"interactive-banner-wrap-5342\" class=\"ult-new-ib-desc\" style=\"\"><h2 class=\"ult-new-ib-title ult-responsive\"  data-ultimate-target='#interactive-banner-wrap-5342 .ult-new-ib-title'  data-responsive-json-new='{\"font-size\":\"\",\"line-height\":\"\"}'  style=\"font-weight:normal;color:#000000;\"><\/h2><div class=\"ult-new-ib-content ult-responsive\"  data-ultimate-target='#interactive-banner-wrap-5342 .ult-new-ib-content'  data-responsive-json-new='{\"font-size\":\"desktop:30px;tablet:30px;tablet_portrait:30px;mobile_landscape:30px;mobile:30px;\",\"line-height\":\"\"}'  style=\"font-weight:normal;color:#273378;\"><p>HepaBooster<\/p><\/div><\/div><\/div><\/div><div class=\"ult-item-wrap\" data-animation=\"animated no-animation\"><div class=\"ult-new-ib ult-ib-effect-style9  ult-ib-resp ult-ib2-min-height\" data-min-width=\"768\" data-max-width=\"900\" style=\" opacity:0; \" data-opacity=\"1\" data-hover-opacity=\"0.5\"  data-min-height=\"480\" ><img decoding=\"async\" class=\"ult-new-ib-img\" style=\"opacity:1;\" alt=\"null\" src=\"https:\/\/aiolosair.com\/wp-content\/uploads\/2022\/01\/HybriCool-HE-WEB-Kucuk-Gorsel2.jpg\"  data-min-height=\"480\"   \/><div id=\"interactive-banner-wrap-4508\" class=\"ult-new-ib-desc\" style=\"\"><h2 class=\"ult-new-ib-title ult-responsive\"  data-ultimate-target='#interactive-banner-wrap-4508 .ult-new-ib-title'  data-responsive-json-new='{\"font-size\":\"\",\"line-height\":\"\"}'  style=\"font-weight:bold;color:#000000;\"><\/h2><div class=\"ult-new-ib-content ult-responsive\"  data-ultimate-target='#interactive-banner-wrap-4508 .ult-new-ib-content'  data-responsive-json-new='{\"font-size\":\"desktop:30px;tablet:30px;tablet_portrait:30px;mobile_landscape:30px;mobile:30px;\",\"line-height\":\"\"}'  style=\"font-weight:normal;color:#273378;\"><p>HybriCool HE<\/p><\/div><\/div><\/div><\/div><div class=\"ult-item-wrap\" data-animation=\"animated no-animation\"><div class=\"ult-new-ib ult-ib-effect-style9  ult-ib-resp ult-ib2-min-height\" data-min-width=\"768\" data-max-width=\"900\" style=\" opacity:0; \" data-opacity=\"1\" data-hover-opacity=\"0.5\"  data-min-height=\"480\" ><img decoding=\"async\" class=\"ult-new-ib-img\" style=\"opacity:1;\" alt=\"null\" src=\"https:\/\/aiolosair.com\/wp-content\/uploads\/2022\/01\/ChillOut-WEB-Kucuk-Gorsel2.jpg\"  data-min-height=\"480\"   \/><div id=\"interactive-banner-wrap-9681\" class=\"ult-new-ib-desc\" style=\"\"><h2 class=\"ult-new-ib-title ult-responsive\"  data-ultimate-target='#interactive-banner-wrap-9681 .ult-new-ib-title'  data-responsive-json-new='{\"font-size\":\"\",\"line-height\":\"\"}'  style=\"font-weight:normal;color:#000000;\"><\/h2><div class=\"ult-new-ib-content ult-responsive\"  data-ultimate-target='#interactive-banner-wrap-9681 .ult-new-ib-content'  data-responsive-json-new='{\"font-size\":\"desktop:30px;tablet:30px;tablet_portrait:30px;mobile_landscape:30px;mobile:30px;\",\"line-height\":\"\"}'  style=\"font-weight:normal;color:#273378;\"><p>ChillOut<\/p><\/div><\/div><\/div><\/div><\/div><\/div>\t\t\t<script type=\"text\/javascript\">\n\t\t\t\tjQuery(document).ready(function ($) {\n\t\t\t\t\tif( typeof jQuery('.ult-carousel-11687679469d001faa0cc8').slick == \"function\"){\n\t\t\t\t\t\t$('.ult-carousel-11687679469d001faa0cc8').slick({dots: true,autoplay: true,autoplaySpeed: 1000,speed: 600,infinite: true,arrows: true,nextArrow: '<button type=\"button\" role=\"button\" aria-label=\"Next\" style=\"color:#ffffff; font-size:35px;background:#1e73be;\" class=\"slick-next circle-bg\"><i class=\"ultsl-arrow-right4\"><\/i><\/button>',prevArrow: '<button type=\"button\" role=\"button\" aria-label=\"Previous\" style=\"color:#ffffff; font-size:35px;background:#1e73be;\" class=\"slick-prev circle-bg\"><i class=\"ultsl-arrow-left4\"><\/i><\/button>',slidesToScroll:3,slidesToShow:3,swipe: true,draggable: true,touchMove: true,pauseOnHover: true,pauseOnFocus: false,responsive: [\n\t\t\t\t\t\t\t{\n\t\t\t\t\t\t\t  breakpoint: 1026,\n\t\t\t\t\t\t\t  settings: {\n\t\t\t\t\t\t\t\tslidesToShow: 3,\n\t\t\t\t\t\t\t\tslidesToScroll: 3,  \n\t\t\t\t\t\t\t  }\n\t\t\t\t\t\t\t},\n\t\t\t\t\t\t\t{\n\t\t\t\t\t\t\t  breakpoint: 1025,\n\t\t\t\t\t\t\t  settings: {\n\t\t\t\t\t\t\t\tslidesToShow: 3,\n\t\t\t\t\t\t\t\tslidesToScroll: 3\n\t\t\t\t\t\t\t  }\n\t\t\t\t\t\t\t},\n\t\t\t\t\t\t\t{\n\t\t\t\t\t\t\t  breakpoint: 760,\n\t\t\t\t\t\t\t  settings: {\n\t\t\t\t\t\t\t\tslidesToShow: 1,\n\t\t\t\t\t\t\t\tslidesToScroll: 1\n\t\t\t\t\t\t\t  }\n\t\t\t\t\t\t\t}\n\t\t\t\t\t\t],pauseOnDotsHover: true,customPaging: function(slider, i) {\n                   return '<i type=\"button\" style= \"color:#333333;\" class=\"ultsl-record\" data-role=\"none\"><\/i>';\n                },});\n\t\t\t\t\t}\n\t\t\t\t});\n\t\t\t<\/script>\n\t\t\t<\/div><\/div><\/div><\/div>","protected":false},"excerpt":{"rendered":"<p>HIGHEST ENERGY EFFICIENT CENTRALIZED VENTILATION SYSTEMS AiolosAir\u00ae is manufacturer and supplier of eco-friendly centralised ventilation and air conditioning products. We bear responsibility for healthy and comfortable air treatment. One of the most important philosophy of AiolosAir\u00ae\u00a0centralised ventilation products are highest energy efficiency with smart applications. We supply 100% fresh air by decreasing energy cost. Because&hellip;<\/p>","protected":false},"author":1,"featured_media":0,"parent":0,"menu_order":20,"comment_status":"closed","ping_status":"closed","template":"","meta":{"footnotes":""},"class_list":["post-15621","page","type-page","status-publish","hentry","description-off"],"aioseo_notices":[],"_links":{"self":[{"href":"https:\/\/aiolosair.com\/tr\/wp-json\/wp\/v2\/pages\/15621","targetHints":{"allow":["GET"]}}],"collection":[{"href":"https:\/\/aiolosair.com\/tr\/wp-json\/wp\/v2\/pages"}],"about":[{"href":"https:\/\/aiolosair.com\/tr\/wp-json\/wp\/v2\/types\/page"}],"author":[{"embeddable":true,"href":"https:\/\/aiolosair.com\/tr\/wp-json\/wp\/v2\/users\/1"}],"replies":[{"embeddable":true,"href":"https:\/\/aiolosair.com\/tr\/wp-json\/wp\/v2\/comments?post=15621"}],"version-history":[{"count":0,"href":"https:\/\/aiolosair.com\/tr\/wp-json\/wp\/v2\/pages\/15621\/revisions"}],"wp:attachment":[{"href":"https:\/\/aiolosair.com\/tr\/wp-json\/wp\/v2\/media?parent=15621"}],"curies":[{"name":"wp","href":"https:\/\/api.w.org\/{rel}","templated":true}]}}