{"id":15656,"date":"2022-01-12T15:23:24","date_gmt":"2022-01-12T15:23:24","guid":{"rendered":"http:\/\/aiolosair.com\/?page_id=15656"},"modified":"2023-11-08T11:47:50","modified_gmt":"2023-11-08T11:47:50","slug":"hybricool-flat-v","status":"publish","type":"page","link":"https:\/\/aiolosair.com\/tr\/hybricool-flat-v\/","title":{"rendered":"HybriCool Flat-V"},"content":{"rendered":"<div class=\"vc_row wpb_row vc_row-fluid vc_custom_1490183704313 vc_row-o-equal-height vc_row-flex\"><div class=\"wpb_column vc_column_container vc_col-sm-12\"><div class=\"vc_column-inner vc_custom_1490183961234\"><div class=\"wpb_wrapper\">\n\t<div  class=\"wpb_single_image wpb_content_element vc_align_center\">\n\t\t\n\t\t<figure class=\"wpb_wrapper vc_figure\">\n\t\t\t<div class=\"vc_single_image-wrapper vc_box_rounded  vc_box_border_grey\"><img loading=\"lazy\" decoding=\"async\" width=\"406\" height=\"663\" src=\"https:\/\/aiolosair.com\/wp-content\/uploads\/2023\/10\/HybriCool-Flat-V-1.png\" class=\"vc_single_image-img attachment-large\" alt=\"\" srcset=\"https:\/\/aiolosair.com\/wp-content\/uploads\/2023\/10\/HybriCool-Flat-V-1.png 406w, https:\/\/aiolosair.com\/wp-content\/uploads\/2023\/10\/HybriCool-Flat-V-1-184x300.png 184w\" sizes=\"auto, (max-width: 406px) 100vw, 406px\"  data-dt-location=\"https:\/\/aiolosair.com\/tr\/hybricool-flat-v\/hybricool-flat-v-1\/\" \/><\/div>\n\t\t<\/figure>\n\t<\/div>\n<div class=\"vc_tta-container\" data-vc-action=\"collapse\"><h2>HybriCool Flat-V<\/h2><div class=\"vc_general vc_tta vc_tta-tabs vc_tta-color-blue vc_tta-style-modern vc_tta-shape-rounded vc_tta-spacing-1 vc_tta-gap-15 vc_tta-has-pagination vc_tta-tabs-position-top vc_tta-controls-align-center\"><div class=\"vc_tta-tabs-container\"><ul class=\"vc_tta-tabs-list\"><li class=\"vc_tta-tab vc_active\" data-vc-tab><a href=\"#1641918213908-2cd727fb-e11f\" data-vc-tabs data-vc-container=\".vc_tta\"><span class=\"vc_tta-title-text\">A\u00e7\u0131klama<\/span><\/a><\/li><li class=\"vc_tta-tab\" data-vc-tab><a href=\"#1641918213908-9c6caeb3-d4c8\" data-vc-tabs data-vc-container=\".vc_tta\"><span class=\"vc_tta-title-text\">\u00d6zellikler<\/span><\/a><\/li><li class=\"vc_tta-tab\" data-vc-tab><a href=\"#1642000567830-338054c7-4a12\" data-vc-tabs data-vc-container=\".vc_tta\"><span class=\"vc_tta-title-text\">Uygulama Alanlar\u0131<\/span><\/a><\/li><li class=\"vc_tta-tab\" data-vc-tab><a href=\"#1642000611142-3233c69b-1216\" data-vc-tabs data-vc-container=\".vc_tta\"><span class=\"vc_tta-title-text\">Teknik Veri<\/span><\/a><\/li><li class=\"vc_tta-tab\" data-vc-tab><a href=\"#1643035942371-46094e03-a185\" data-vc-tabs data-vc-container=\".vc_tta\"><span class=\"vc_tta-title-text\">Uygulama<\/span><\/a><\/li><li class=\"vc_tta-tab\" data-vc-tab><a href=\"#1696328027451-71dca2ad-6362\" data-vc-tabs data-vc-container=\".vc_tta\"><span class=\"vc_tta-title-text\">Dok\u00fcmantasyon<\/span><\/a><\/li><\/ul><\/div><div class=\"vc_tta-panels-container\"><div class=\"vc_tta-panels\"><div class=\"vc_tta-panel vc_active\" id=\"1641918213908-2cd727fb-e11f\" data-vc-content=\".vc_tta-panel-body\"><div class=\"vc_tta-panel-heading\"><h4 class=\"vc_tta-panel-title\"><a href=\"#1641918213908-2cd727fb-e11f\" data-vc-accordion data-vc-container=\".vc_tta-container\"><span class=\"vc_tta-title-text\">A\u00e7\u0131klama<\/span><\/a><\/h4><\/div><div class=\"vc_tta-panel-body\">\n\t<div class=\"wpb_text_column wpb_content_element\" >\n\t\t<div class=\"wpb_wrapper\">\n\t\t\t<p>Besleme havas\u0131n\u0131 nemlendirmeden taze hava ile so\u011futma, \u0131s\u0131tma ve havaland\u0131rma gerektiren so\u011futma alanlar\u0131 i\u00e7in Dolayl\u0131 Evaporatif So\u011futmal\u0131 (IEC) Dikey Tip 0 Taze Hava Klima \u00dcnitesi. \u00dcnite kasas\u0131 hava ge\u00e7irmez, d\u0131\u015f y\u00fczeyi toz boyal\u0131 \u00e7ift cidarl\u0131, en d\u00fc\u015f\u00fck \u0131s\u0131 transferi ve ses emilimi i\u00e7in 50 mm Ta\u015fy\u00fcn\u00fc yal\u0131t\u0131ml\u0131d\u0131r. D\u00fc\u015f\u00fck enerji t\u00fcketimini sa\u011flamak ve IEC ile 6,5 EER (Enerji Verimlili\u011fi Oran\u0131) ve ek mekanik so\u011futmayla (EN14511:2013 Std'ye uygun) 3,8 EER'yi kar\u015f\u0131lamak i\u00e7in \u00fcniteler y\u00fcksek verimli asimetrik \u00e7ok \u00e7ekirdekli \u0131s\u0131 e\u015fanj\u00f6r\u00fc ve dolayl\u0131 adyabatik so\u011futma sistemi ile donat\u0131lm\u0131\u015ft\u0131r. Dolayl\u0131 Adyabatik So\u011futma Sistemi, y\u00fcksek verimli p\u00fcsk\u00fcrtme suyu kontrol sistemi ile tamamen donat\u0131lm\u0131\u015ft\u0131r.<\/p>\n<p>&nbsp;<\/p>\n<p><img loading=\"lazy\" decoding=\"async\" class=\"wp-image-15989 size-large aligncenter\" src=\"https:\/\/aiolosair.com\/wp-content\/uploads\/2022\/02\/ChillOut-Flat-V-Folow-Diagram-1-1024x500.png\" alt=\"\" width=\"1024\" height=\"500\" srcset=\"https:\/\/aiolosair.com\/wp-content\/uploads\/2022\/02\/ChillOut-Flat-V-Folow-Diagram-1-1024x500.png 1024w, https:\/\/aiolosair.com\/wp-content\/uploads\/2022\/02\/ChillOut-Flat-V-Folow-Diagram-1-300x147.png 300w, https:\/\/aiolosair.com\/wp-content\/uploads\/2022\/02\/ChillOut-Flat-V-Folow-Diagram-1-768x375.png 768w, https:\/\/aiolosair.com\/wp-content\/uploads\/2022\/02\/ChillOut-Flat-V-Folow-Diagram-1.png 1449w\" sizes=\"auto, (max-width: 1024px) 100vw, 1024px\" \/><\/p>\n<p>Korozyona u\u011framayan \u00e7ok \u00e7ekirdekli \u0131s\u0131 e\u015fanj\u00f6r\u00fc hava ge\u00e7irmezdir ve nem transferini \u00f6nleyebilir. Polycore \u0131s\u0131 de\u011fi\u015ftiricinin \u0131s\u0131 geri kazan\u0131m verimi 'in \u00fczerindedir. \u00dcnite, mekanik so\u011futmaya ihtiya\u00e7 duymadan taze havay\u0131 d\u00f6n\u00fc\u015f havas\u0131 s\u0131cakl\u0131\u011f\u0131ndan daha d\u00fc\u015f\u00fck bir s\u0131cakl\u0131\u011fa kadar so\u011futabilir. \u0130lave so\u011futmaya ihtiya\u00e7 duyuldu\u011funda opsiyonel mekanik so\u011futma m\u00fcmk\u00fcnd\u00fcr. D\u0131\u015f hava ko\u015fullar\u0131 uygun oldu\u011funda serbest so\u011futma modu kullan\u0131labilir. Besleme havas\u0131 \u0131s\u0131 pompas\u0131 veya iste\u011fe ba\u011fl\u0131 elektrikli \u0131s\u0131t\u0131c\u0131 ile \u0131s\u0131t\u0131labilir. \u00dcnite standart olarak \u00fcfleme havas\u0131 taraf\u0131nda (G2 panel + F7 kompakt) 2 kademeli filtre ve d\u00f6n\u00fc\u015f havas\u0131 taraf\u0131nda (G2 panel) tek kademeli filtre ile donat\u0131lm\u0131\u015ft\u0131r. \u0130stenildi\u011finde opsiyonel F9 kompakt filtre de m\u00fcmk\u00fcnd\u00fcr. \u00dcnite hava debisi, frekans invert\u00f6r\u00fcne ihtiya\u00e7 duymadan, 0-10V, IE4 verimlilik s\u0131n\u0131f\u0131 EC direkt tahrikli fanlar sayesinde s\u00fcrekli h\u0131z kontroll\u00fc olarak ayarlanabilir. \u00dcnite, fabrikada monte edilmi\u015f, IP55, MCC paneliyle ve fabrikada programlanan PLC dahil olmak \u00fczere kontrol bile\u015fenleriyle tam donan\u0131ml\u0131 olarak \u00e7al\u0131\u015fmaya haz\u0131rd\u0131r. \u00dcnite Backnet MSTP veya Mod-Bus RTU haberle\u015fme protokol\u00fc \u00fczerinden uzaktan izlenebilmekte ve kontrol edilebilmektedir.<\/p>\n<p><a href=\"https:\/\/aiolosair.com\/tr\/hybricool-flat-v-companent\/\"><img loading=\"lazy\" decoding=\"async\" class=\"size-full wp-image-16279 aligncenter\" src=\"https:\/\/aiolosair.com\/wp-content\/uploads\/2023\/10\/HybriCool-Flat-V-companent.png\" alt=\"\" width=\"2560\" height=\"1810\" srcset=\"https:\/\/aiolosair.com\/wp-content\/uploads\/2023\/10\/HybriCool-Flat-V-companent.png 2560w, https:\/\/aiolosair.com\/wp-content\/uploads\/2023\/10\/HybriCool-Flat-V-companent-300x212.png 300w, https:\/\/aiolosair.com\/wp-content\/uploads\/2023\/10\/HybriCool-Flat-V-companent-1024x724.png 1024w, https:\/\/aiolosair.com\/wp-content\/uploads\/2023\/10\/HybriCool-Flat-V-companent-768x543.png 768w, https:\/\/aiolosair.com\/wp-content\/uploads\/2023\/10\/HybriCool-Flat-V-companent-1536x1086.png 1536w, https:\/\/aiolosair.com\/wp-content\/uploads\/2023\/10\/HybriCool-Flat-V-companent-2048x1448.png 2048w\" sizes=\"auto, (max-width: 2560px) 100vw, 2560px\" \/><\/a><\/p>\n\n\t\t<\/div>\n\t<\/div>\n<\/div><\/div><div class=\"vc_tta-panel\" id=\"1641918213908-9c6caeb3-d4c8\" data-vc-content=\".vc_tta-panel-body\"><div class=\"vc_tta-panel-heading\"><h4 class=\"vc_tta-panel-title\"><a href=\"#1641918213908-9c6caeb3-d4c8\" data-vc-accordion data-vc-container=\".vc_tta-container\"><span class=\"vc_tta-title-text\">\u00d6zellikler<\/span><\/a><\/h4><\/div><div class=\"vc_tta-panel-body\">\n\t<div class=\"wpb_text_column wpb_content_element  vc_custom_1699444065184\" >\n\t\t<div class=\"wpb_wrapper\">\n\t\t\t<h2><strong><span style=\"color: #27397c; font-family: Arial, sans-serif;\">Aiolos Air HybriCool Flat-V Klima \u00dcnitesi amac\u0131n\u0131za ve mekan\u0131n\u0131za g\u00f6re size en uygun ve en verimli \u00e7\u00f6z\u00fcm\u00fc sunar.<\/span><\/strong><\/h2>\n<p>&nbsp;<\/p>\n<h3><\/h3>\n<h3><span style=\"color: #27397c;\"><b>Standart \u00d6zellikler<\/b><\/span><\/h3>\n<ul>\n<li>EC Fanlar\u0131 ile<\/li>\n<li>G2 + F7 Filtresi - ISO Kaba + ePM1<\/li>\n<li>S\u0131cak su bataryas\u0131 (HWC)<\/li>\n<li>Is\u0131 Geri Kazan\u0131m\u0131 Kar\u015f\u0131 Ak\u0131\u015fl\u0131 Is\u0131 E\u015fanj\u00f6r\u00fc<\/li>\n<li>Temel Denetleyici<\/li>\n<li>\u00dcstten Kanal Ba\u011flant\u0131s\u0131 muslu\u011fu<\/li>\n<li>Temel Oda Kontrol\u00f6r\u00fc<\/li>\n<li>A\u015f\u0131r\u0131 ko\u015fullarda \u00e7al\u0131\u015fmak: -200C ila +550C<\/li>\n<li>E\u011fimli drenaj tavas\u0131<\/li>\n<li>\u0130\u00e7i ve d\u0131\u015f\u0131 boyal\u0131 panel<\/li>\n<li>50 mm Ta\u015f y\u00fcn\u00fc kasa paneli<\/li>\n<li>RAL 9016 Boyal\u0131<\/li>\n<\/ul>\n<p>&nbsp;<\/p>\n<h3><span style=\"color: #27397c; font-family: Arial, sans-serif;\"><b>Opsiyonlar ve Aksesuarlar<\/b><\/span><\/h3>\n<ul>\n<li>Dolayl\u0131 Evaporatif So\u011futma<\/li>\n<li>Serbest So\u011futma<\/li>\n<li>Standart Kapasiteli So\u011futma [IEC \u2013 A\u015fama 1, Tek Kompres\u00f6rl\u00fc So\u011futma \u2013 A\u015fama 2, Evaporat\u00f6r, Evaporatif So\u011futmal\u0131 Hava So\u011futmal\u0131 Kondenser]<\/li>\n<li>Y\u00fcksek Kapasiteli So\u011futma [IEC \u2013 A\u015fama 1, 2 Kompres\u00f6r \u2013 A\u015fama 2 ve 3, 2 So\u011futucu Ak\u0131\u015fkan Devreli Evaporat\u00f6r, Evaporatif So\u011futmal\u0131 Hava So\u011futmal\u0131 Kondenser ve 2 So\u011futucu Ak\u0131\u015fkan Devresi]<\/li>\n<li>S\u0131cak Su Bataryas\u0131 ve Kontrol Vanas\u0131<\/li>\n<li>F9 Kompakt Filtre \u2013 ePM1<\/li>\n<li>Su Ar\u0131tma Kiti<\/li>\n<li>S\u0131cakl\u0131k + CO2 Sens\u00f6r\u00fc + Nem Sens\u00f6rl\u00fc Premium Oda Kontrol Cihaz\u0131<\/li>\n<li>\u00dcstten De\u015farjl\u0131 Tambur Jet Dif\u00fcz\u00f6r (Kanals\u0131z besleme \u00e7\u0131k\u0131\u015f\u0131, \u00fcstten serbest egzoz giri\u015fi)<\/li>\n<li>Alttan giri\u015f i\u00e7in D\u00f6n\u00fc\u015f Havas\u0131 Plenumu<\/li>\n<li>Ay\u0131r\u0131c\u0131 tip zay\u0131flat\u0131c\u0131 (entegre)<\/li>\n<\/ul>\n\n\t\t<\/div>\n\t<\/div>\n<\/div><\/div><div class=\"vc_tta-panel\" id=\"1642000567830-338054c7-4a12\" data-vc-content=\".vc_tta-panel-body\"><div class=\"vc_tta-panel-heading\"><h4 class=\"vc_tta-panel-title\"><a href=\"#1642000567830-338054c7-4a12\" data-vc-accordion data-vc-container=\".vc_tta-container\"><span class=\"vc_tta-title-text\">Uygulama Alanlar\u0131<\/span><\/a><\/h4><\/div><div class=\"vc_tta-panel-body\"><div class=\"wpb_layerslider_element wpb_content_element\"><script type=\"text\/javascript\">jQuery(function() { _initLayerSlider( '#layerslider_11_1hjoucvb8l9us', {createdWith: '6.11.8', sliderVersion: '6.11.8', skin: 'v6', skinsPath: 'https:\/\/aiolosair.com\/wp-content\/plugins\/LayerSlider\/assets\/static\/layerslider\/skins\/'}); });<\/script><div id=\"layerslider_11_1hjoucvb8l9us\" class=\"ls-wp-container fitvidsignore\" style=\"width:1280px;height:720px;margin:0 auto;margin-bottom: 0px;\"><div class=\"ls-slide\" data-ls=\"duration:1500;kenburnsscale:1.2;\"><img loading=\"lazy\" decoding=\"async\" width=\"1280\" height=\"720\" src=\"https:\/\/aiolosair.com\/wp-content\/uploads\/layerslider\/Flat-V-Areas\/Cafeteriasss.jpg\" class=\"ls-bg\" alt=\"\" srcset=\"https:\/\/aiolosair.com\/wp-content\/uploads\/layerslider\/Flat-V-Areas\/Cafeteriasss.jpg 1280w, https:\/\/aiolosair.com\/wp-content\/uploads\/layerslider\/Flat-V-Areas\/Cafeteriasss-300x169.jpg 300w, https:\/\/aiolosair.com\/wp-content\/uploads\/layerslider\/Flat-V-Areas\/Cafeteriasss-1024x576.jpg 1024w, https:\/\/aiolosair.com\/wp-content\/uploads\/layerslider\/Flat-V-Areas\/Cafeteriasss-768x432.jpg 768w\" sizes=\"auto, (max-width: 1280px) 100vw, 1280px\" \/><\/div><div class=\"ls-slide\" data-ls=\"duration:1500;kenburnsscale:1.2;\"><img loading=\"lazy\" decoding=\"async\" width=\"1280\" height=\"720\" src=\"https:\/\/aiolosair.com\/wp-content\/uploads\/layerslider\/Flat-V-Areas\/Restaurantsss.jpg\" class=\"ls-bg\" alt=\"\" srcset=\"https:\/\/aiolosair.com\/wp-content\/uploads\/layerslider\/Flat-V-Areas\/Restaurantsss.jpg 1280w, https:\/\/aiolosair.com\/wp-content\/uploads\/layerslider\/Flat-V-Areas\/Restaurantsss-300x169.jpg 300w, https:\/\/aiolosair.com\/wp-content\/uploads\/layerslider\/Flat-V-Areas\/Restaurantsss-1024x576.jpg 1024w, https:\/\/aiolosair.com\/wp-content\/uploads\/layerslider\/Flat-V-Areas\/Restaurantsss-768x432.jpg 768w\" sizes=\"auto, (max-width: 1280px) 100vw, 1280px\" \/><\/div><div class=\"ls-slide\" data-ls=\"duration:1500;kenburnsscale:1.2;\"><img loading=\"lazy\" decoding=\"async\" width=\"1280\" height=\"720\" src=\"https:\/\/aiolosair.com\/wp-content\/uploads\/layerslider\/Flat-V-Areas\/Schoolsss.jpg\" class=\"ls-bg\" alt=\"\" srcset=\"https:\/\/aiolosair.com\/wp-content\/uploads\/layerslider\/Flat-V-Areas\/Schoolsss.jpg 1280w, https:\/\/aiolosair.com\/wp-content\/uploads\/layerslider\/Flat-V-Areas\/Schoolsss-300x169.jpg 300w, https:\/\/aiolosair.com\/wp-content\/uploads\/layerslider\/Flat-V-Areas\/Schoolsss-1024x576.jpg 1024w, https:\/\/aiolosair.com\/wp-content\/uploads\/layerslider\/Flat-V-Areas\/Schoolsss-768x432.jpg 768w\" sizes=\"auto, (max-width: 1280px) 100vw, 1280px\" \/><\/div><div class=\"ls-slide\" data-ls=\"duration:1500;kenburnsscale:1.2;\"><img loading=\"lazy\" decoding=\"async\" width=\"1280\" height=\"720\" src=\"https:\/\/aiolosair.com\/wp-content\/uploads\/layerslider\/Flat-V-Areas\/Officesss.jpg\" class=\"ls-bg\" alt=\"\" srcset=\"https:\/\/aiolosair.com\/wp-content\/uploads\/layerslider\/Flat-V-Areas\/Officesss.jpg 1280w, https:\/\/aiolosair.com\/wp-content\/uploads\/layerslider\/Flat-V-Areas\/Officesss-300x169.jpg 300w, https:\/\/aiolosair.com\/wp-content\/uploads\/layerslider\/Flat-V-Areas\/Officesss-1024x576.jpg 1024w, https:\/\/aiolosair.com\/wp-content\/uploads\/layerslider\/Flat-V-Areas\/Officesss-768x432.jpg 768w\" sizes=\"auto, (max-width: 1280px) 100vw, 1280px\" \/><\/div><\/div><\/div><\/div><\/div><div class=\"vc_tta-panel\" id=\"1642000611142-3233c69b-1216\" data-vc-content=\".vc_tta-panel-body\"><div class=\"vc_tta-panel-heading\"><h4 class=\"vc_tta-panel-title\"><a href=\"#1642000611142-3233c69b-1216\" data-vc-accordion data-vc-container=\".vc_tta-container\"><span class=\"vc_tta-title-text\">Teknik Veri<\/span><\/a><\/h4><\/div><div class=\"vc_tta-panel-body\">\n\t<div  class=\"wpb_single_image wpb_content_element vc_align_center\">\n\t\t\n\t\t<figure class=\"wpb_wrapper vc_figure\">\n\t\t\t<div class=\"vc_single_image-wrapper   vc_box_border_grey\"><img loading=\"lazy\" decoding=\"async\" width=\"902\" height=\"2560\" src=\"https:\/\/aiolosair.com\/wp-content\/uploads\/2022\/02\/Technical-Data-HybriCool-Flat-V-scaled.jpg\" class=\"vc_single_image-img attachment-full\" alt=\"\" srcset=\"https:\/\/aiolosair.com\/wp-content\/uploads\/2022\/02\/Technical-Data-HybriCool-Flat-V-scaled.jpg 902w, https:\/\/aiolosair.com\/wp-content\/uploads\/2022\/02\/Technical-Data-HybriCool-Flat-V-106x300.jpg 106w, https:\/\/aiolosair.com\/wp-content\/uploads\/2022\/02\/Technical-Data-HybriCool-Flat-V-361x1024.jpg 361w, https:\/\/aiolosair.com\/wp-content\/uploads\/2022\/02\/Technical-Data-HybriCool-Flat-V-768x2180.jpg 768w, https:\/\/aiolosair.com\/wp-content\/uploads\/2022\/02\/Technical-Data-HybriCool-Flat-V-541x1536.jpg 541w, https:\/\/aiolosair.com\/wp-content\/uploads\/2022\/02\/Technical-Data-HybriCool-Flat-V-722x2048.jpg 722w\" sizes=\"auto, (max-width: 902px) 100vw, 902px\"  data-dt-location=\"https:\/\/aiolosair.com\/tr\/hybricool-flat-v\/technical-data-hybricool-flat-v\/\" \/><\/div>\n\t\t<\/figure>\n\t<\/div>\n<\/div><\/div><div class=\"vc_tta-panel\" id=\"1643035942371-46094e03-a185\" data-vc-content=\".vc_tta-panel-body\"><div class=\"vc_tta-panel-heading\"><h4 class=\"vc_tta-panel-title\"><a href=\"#1643035942371-46094e03-a185\" data-vc-accordion data-vc-container=\".vc_tta-container\"><span class=\"vc_tta-title-text\">Uygulama<\/span><\/a><\/h4><\/div><div class=\"vc_tta-panel-body\">\n\t<div  class=\"wpb_single_image wpb_content_element vc_align_center\">\n\t\t\n\t\t<figure class=\"wpb_wrapper vc_figure\">\n\t\t\t<div class=\"vc_single_image-wrapper   vc_box_border_grey\"><img loading=\"lazy\" decoding=\"async\" width=\"1024\" height=\"511\" src=\"https:\/\/aiolosair.com\/wp-content\/uploads\/2014\/03\/Flat-V-Sinif-Ornegi_WEB-min-1024x511.jpg\" class=\"vc_single_image-img attachment-large\" alt=\"\" srcset=\"https:\/\/aiolosair.com\/wp-content\/uploads\/2014\/03\/Flat-V-Sinif-Ornegi_WEB-min-1024x511.jpg 1024w, https:\/\/aiolosair.com\/wp-content\/uploads\/2014\/03\/Flat-V-Sinif-Ornegi_WEB-min-300x150.jpg 300w, https:\/\/aiolosair.com\/wp-content\/uploads\/2014\/03\/Flat-V-Sinif-Ornegi_WEB-min-768x383.jpg 768w, https:\/\/aiolosair.com\/wp-content\/uploads\/2014\/03\/Flat-V-Sinif-Ornegi_WEB-min-1536x767.jpg 1536w, https:\/\/aiolosair.com\/wp-content\/uploads\/2014\/03\/Flat-V-Sinif-Ornegi_WEB-min-2048x1022.jpg 2048w\" sizes=\"auto, (max-width: 1024px) 100vw, 1024px\"  data-dt-location=\"https:\/\/aiolosair.com\/tr\/project\/school-classroom-ventilation\/flat-v-sinif-ornegi_web-min\/\" \/><\/div>\n\t\t<\/figure>\n\t<\/div>\n<\/div><\/div><div class=\"vc_tta-panel\" id=\"1696328027451-71dca2ad-6362\" data-vc-content=\".vc_tta-panel-body\"><div class=\"vc_tta-panel-heading\"><h4 class=\"vc_tta-panel-title\"><a href=\"#1696328027451-71dca2ad-6362\" data-vc-accordion data-vc-container=\".vc_tta-container\"><span class=\"vc_tta-title-text\">Dok\u00fcmantasyon<\/span><\/a><\/h4><\/div><div class=\"vc_tta-panel-body\">\n\t<div class=\"wpb_text_column wpb_content_element\" >\n\t\t<div class=\"wpb_wrapper\">\n\t\t\t<a href=\"https:\/\/aiolosair.com\/wp-content\/uploads\/2023\/10\/HybriCool-Flat-V-1.7-EN.pdf\" class=\"pdfemb-viewer\" style=\"\" data-width=\"max\" data-height=\"max\"  data-toolbar=\"bottom\" data-toolbar-fixed=\"off\">HybriCool Flat-V 1.7 \u2013 EN<br\/><\/a>\n\n\t\t<\/div>\n\t<\/div>\n\n\t<div class=\"wpb_text_column wpb_content_element\" >\n\t\t<div class=\"wpb_wrapper\">\n\t\t\t<p><a href=\"https:\/\/aiolosair.com\/tr\/hybricool-flat\/download\/\" rel=\"attachment wp-att-16061\"><img loading=\"lazy\" decoding=\"async\" class=\"alignleft size-thumbnail wp-image-16061\" src=\"https:\/\/aiolosair.com\/wp-content\/uploads\/2023\/09\/download-150x150.png\" alt=\"\" width=\"150\" height=\"150\" srcset=\"https:\/\/aiolosair.com\/wp-content\/uploads\/2023\/09\/download-150x150.png 150w, https:\/\/aiolosair.com\/wp-content\/uploads\/2023\/09\/download-300x300.png 300w, https:\/\/aiolosair.com\/wp-content\/uploads\/2023\/09\/download-1024x1024.png 1024w, https:\/\/aiolosair.com\/wp-content\/uploads\/2023\/09\/download-768x768.png 768w, https:\/\/aiolosair.com\/wp-content\/uploads\/2023\/09\/download-1536x1536.png 1536w, https:\/\/aiolosair.com\/wp-content\/uploads\/2023\/09\/download-2048x2048.png 2048w\" sizes=\"auto, (max-width: 150px) 100vw, 150px\" \/><\/a><\/p>\n<p>&nbsp;<\/p>\n<ul>\n<li style=\"text-align: left;\"><a href=\"https:\/\/aiolosair.com\/wp-content\/uploads\/2023\/10\/HybriCool-Flat-V-1.7-EN.pdf\" target=\"_blank\" rel=\"noopener\">Product Catalogue_EN<\/a><\/li>\n<li><a href=\"https:\/\/aiolosair.com\/wp-content\/uploads\/2023\/10\/HybriCool_CE-Certificate.pdf\" target=\"_blank\" rel=\"noopener\">CE Certificate<\/a><\/li>\n<li><a href=\"https:\/\/aiolosair.com\/wp-content\/uploads\/2023\/10\/Hybricool-Flat-V-Installation-and-Operation-Manual_v0.pdf\" target=\"_blank\" rel=\"noopener\">Installation and Operation Manual<\/a><\/li>\n<li><a href=\"https:\/\/aiolosair.com\/wp-content\/uploads\/2023\/10\/Hybricool-Flat-V-50-Montaj-Kilavuzu_v0.pdf\" target=\"_blank\" rel=\"noopener\">Montaj K\u0131lavuzu<\/a><\/li>\n<\/ul>\n\n\t\t<\/div>\n\t<\/div>\n<\/div><\/div><\/div><ul class=\"vc_general vc_pagination vc_pagination-style-outline vc_pagination-shape-square vc_pagination-color-grey\"><li class=\"vc_pagination-item vc_active\" data-vc-tab><a href=\"#1641918213908-2cd727fb-e11f\" class=\"vc_pagination-trigger\" data-vc-tabs data-vc-container=\".vc_tta\"><\/a><\/li><li class=\"vc_pagination-item\" data-vc-tab><a href=\"#1641918213908-9c6caeb3-d4c8\" class=\"vc_pagination-trigger\" data-vc-tabs data-vc-container=\".vc_tta\"><\/a><\/li><li class=\"vc_pagination-item\" data-vc-tab><a href=\"#1642000567830-338054c7-4a12\" class=\"vc_pagination-trigger\" data-vc-tabs data-vc-container=\".vc_tta\"><\/a><\/li><li class=\"vc_pagination-item\" data-vc-tab><a href=\"#1642000611142-3233c69b-1216\" class=\"vc_pagination-trigger\" data-vc-tabs data-vc-container=\".vc_tta\"><\/a><\/li><li class=\"vc_pagination-item\" data-vc-tab><a href=\"#1643035942371-46094e03-a185\" class=\"vc_pagination-trigger\" data-vc-tabs data-vc-container=\".vc_tta\"><\/a><\/li><li class=\"vc_pagination-item\" data-vc-tab><a href=\"#1696328027451-71dca2ad-6362\" class=\"vc_pagination-trigger\" data-vc-tabs data-vc-container=\".vc_tta\"><\/a><\/li><\/ul><\/div><\/div><\/div><\/div><\/div><\/div><\/div><!-- Row Backgrounds --><div class=\"upb_color\" data-bg-override=\"ex-full\" data-bg-color=\"#f6f6f6\" data-fadeout=\"\" data-fadeout-percentage=\"30\" data-parallax-content=\"\" data-parallax-content-sense=\"30\" data-row-effect-mobile-disable=\"true\" data-img-parallax-mobile-disable=\"true\" data-rtl=\"false\"  data-custom-vc-row=\"\"  data-vc=\"6.6.0.1\"  data-is_old_vc=\"\"  data-theme-support=\"\"   data-overlay=\"false\" data-overlay-color=\"\" data-overlay-pattern=\"\" data-overlay-pattern-opacity=\"\" data-overlay-pattern-size=\"\"    ><\/div>","protected":false},"excerpt":{"rendered":"<p>HybriCool Flat-VDescriptionFeaturesApplication AreasTechnical DataApplicationDocumentationDescription Vertical Type %100 Fresh Air A\/C Unit with Indirect Evaporative Cooling (IEC) for cooling spaces which need cooling, heating and ventilation with fresh air without humidifying the supply air. Unit casing is air tight, outer surface powder coated double skin, 50 mm Rockwool insulated for lowest heat transfer and sound absorption.&hellip;<\/p>","protected":false},"author":1,"featured_media":0,"parent":0,"menu_order":20,"comment_status":"closed","ping_status":"closed","template":"","meta":{"footnotes":""},"class_list":["post-15656","page","type-page","status-publish","hentry","description-off"],"aioseo_notices":[],"_links":{"self":[{"href":"https:\/\/aiolosair.com\/tr\/wp-json\/wp\/v2\/pages\/15656","targetHints":{"allow":["GET"]}}],"collection":[{"href":"https:\/\/aiolosair.com\/tr\/wp-json\/wp\/v2\/pages"}],"about":[{"href":"https:\/\/aiolosair.com\/tr\/wp-json\/wp\/v2\/types\/page"}],"author":[{"embeddable":true,"href":"https:\/\/aiolosair.com\/tr\/wp-json\/wp\/v2\/users\/1"}],"replies":[{"embeddable":true,"href":"https:\/\/aiolosair.com\/tr\/wp-json\/wp\/v2\/comments?post=15656"}],"version-history":[{"count":5,"href":"https:\/\/aiolosair.com\/tr\/wp-json\/wp\/v2\/pages\/15656\/revisions"}],"predecessor-version":[{"id":16325,"href":"https:\/\/aiolosair.com\/tr\/wp-json\/wp\/v2\/pages\/15656\/revisions\/16325"}],"wp:attachment":[{"href":"https:\/\/aiolosair.com\/tr\/wp-json\/wp\/v2\/media?parent=15656"}],"curies":[{"name":"wp","href":"https:\/\/api.w.org\/{rel}","templated":true}]}}