{"id":15670,"date":"2022-01-12T16:18:54","date_gmt":"2022-01-12T16:18:54","guid":{"rendered":"http:\/\/aiolosair.com\/?page_id=15670"},"modified":"2023-10-30T13:40:25","modified_gmt":"2023-10-30T13:40:25","slug":"hybricool-he","status":"publish","type":"page","link":"https:\/\/aiolosair.com\/tr\/hybricool-he\/","title":{"rendered":"HybriCool HE"},"content":{"rendered":"<div class=\"vc_row wpb_row vc_row-fluid vc_custom_1490183704313 vc_row-o-equal-height vc_row-flex\"><div class=\"wpb_column vc_column_container vc_col-sm-12\"><div class=\"vc_column-inner vc_custom_1490183961234\"><div class=\"wpb_wrapper\">\n\t<div  class=\"wpb_single_image wpb_content_element vc_align_center\">\n\t\t\n\t\t<figure class=\"wpb_wrapper vc_figure\">\n\t\t\t<div class=\"vc_single_image-wrapper vc_box_rounded  vc_box_border_grey\"><img loading=\"lazy\" decoding=\"async\" width=\"468\" height=\"500\" src=\"https:\/\/aiolosair.com\/wp-content\/uploads\/2022\/01\/HybriCool-HE-Site.png\" class=\"vc_single_image-img attachment-large\" alt=\"\" srcset=\"https:\/\/aiolosair.com\/wp-content\/uploads\/2022\/01\/HybriCool-HE-Site.png 468w, https:\/\/aiolosair.com\/wp-content\/uploads\/2022\/01\/HybriCool-HE-Site-281x300.png 281w\" sizes=\"auto, (max-width: 468px) 100vw, 468px\"  data-dt-location=\"https:\/\/aiolosair.com\/tr\/hybricool-he\/hybricool-he-site\/\" \/><\/div>\n\t\t<\/figure>\n\t<\/div>\n<div class=\"vc_tta-container\" data-vc-action=\"collapse\"><h2>HybriCool HE<\/h2><div class=\"vc_general vc_tta vc_tta-tabs vc_tta-color-blue vc_tta-style-modern vc_tta-shape-rounded vc_tta-spacing-1 vc_tta-gap-15 vc_tta-has-pagination vc_tta-tabs-position-top vc_tta-controls-align-center\"><div class=\"vc_tta-tabs-container\"><ul class=\"vc_tta-tabs-list\"><li class=\"vc_tta-tab vc_active\" data-vc-tab><a href=\"#1641918213908-2cd727fb-e11f\" data-vc-tabs data-vc-container=\".vc_tta\"><span class=\"vc_tta-title-text\">A\u00e7\u0131klama<\/span><\/a><\/li><li class=\"vc_tta-tab\" data-vc-tab><a href=\"#1641918213908-9c6caeb3-d4c8\" data-vc-tabs data-vc-container=\".vc_tta\"><span class=\"vc_tta-title-text\">\u00d6zellikler<\/span><\/a><\/li><li class=\"vc_tta-tab\" data-vc-tab><a href=\"#1642000567830-338054c7-4a12\" data-vc-tabs data-vc-container=\".vc_tta\"><span class=\"vc_tta-title-text\">Uygulama Alanlar\u0131<\/span><\/a><\/li><li class=\"vc_tta-tab\" data-vc-tab><a href=\"#1642000611142-3233c69b-1216\" data-vc-tabs data-vc-container=\".vc_tta\"><span class=\"vc_tta-title-text\">Teknik Veri<\/span><\/a><\/li><li class=\"vc_tta-tab\" data-vc-tab><a href=\"#1643036640455-91c85539-37da\" data-vc-tabs data-vc-container=\".vc_tta\"><span class=\"vc_tta-title-text\">Uygulama<\/span><\/a><\/li><li class=\"vc_tta-tab\" data-vc-tab><a href=\"#1696329311209-32a66c21-b883\" data-vc-tabs data-vc-container=\".vc_tta\"><span class=\"vc_tta-title-text\">Dok\u00fcmantasyon<\/span><\/a><\/li><\/ul><\/div><div class=\"vc_tta-panels-container\"><div class=\"vc_tta-panels\"><div class=\"vc_tta-panel vc_active\" id=\"1641918213908-2cd727fb-e11f\" data-vc-content=\".vc_tta-panel-body\"><div class=\"vc_tta-panel-heading\"><h4 class=\"vc_tta-panel-title\"><a href=\"#1641918213908-2cd727fb-e11f\" data-vc-accordion data-vc-container=\".vc_tta-container\"><span class=\"vc_tta-title-text\">A\u00e7\u0131klama<\/span><\/a><\/h4><\/div><div class=\"vc_tta-panel-body\">\n\t<div class=\"wpb_text_column wpb_content_element\" >\n\t\t<div class=\"wpb_wrapper\">\n\t\t\t<p>Besleme havas\u0131n\u0131 nemlendirmeden taze hava ile so\u011futma, \u0131s\u0131tma ve iklimlendirme yap\u0131lmak istenilen yerler icin yatay tip 0 taze haval\u0131, endirekt evaporatif so\u011futmal\u0131 (IEC) iklimlendirme unitesi. Unite kasas\u0131 minimum d\u00fczeyde \u0131s\u0131 ve ses transferi icin hava gecirmez, d\u0131\u015f yuzeyi toz boya kapl\u0131, aras\u0131 50 mm ta\u015f yunu dolgulu cift cidarl\u0131d\u0131r. Du\u015fuk enerji tuketimi ve maksimum EER (Enerji Verimlili\u011fi Oran\u0131)\ngereksinimlerini kar\u015f\u0131lamak icin uniteler yuksek verimli counterflow \u0131s\u0131 e\u015fanjoru ve endirekt adyabatik so\u011futma sistemi ile donat\u0131lm\u0131\u015ft\u0131r. Adyabatik so\u011futma sistemi de tamamen yuksek verimli evaporatif so\u011futma modulu ile takviye edilmi\u015ftir.<\/p>\n<p><img loading=\"lazy\" decoding=\"async\" class=\"wp-image-15984 size-large aligncenter\" src=\"https:\/\/aiolosair.com\/wp-content\/uploads\/2022\/02\/HybriCool-Flat-HEFolow-Diagram-1024x224.png\" alt=\"\" width=\"1024\" height=\"224\" srcset=\"https:\/\/aiolosair.com\/wp-content\/uploads\/2022\/02\/HybriCool-Flat-HEFolow-Diagram-1024x224.png 1024w, https:\/\/aiolosair.com\/wp-content\/uploads\/2022\/02\/HybriCool-Flat-HEFolow-Diagram-300x66.png 300w, https:\/\/aiolosair.com\/wp-content\/uploads\/2022\/02\/HybriCool-Flat-HEFolow-Diagram-768x168.png 768w, https:\/\/aiolosair.com\/wp-content\/uploads\/2022\/02\/HybriCool-Flat-HEFolow-Diagram-1536x336.png 1536w, https:\/\/aiolosair.com\/wp-content\/uploads\/2022\/02\/HybriCool-Flat-HEFolow-Diagram.png 1883w\" sizes=\"auto, (max-width: 1024px) 100vw, 1024px\" \/><\/p>\n<p>Aluminyum counterflow e\u015fanjoru hava ge\u00e7irmez ve nem transferini engeller yap\u0131dad\u0131r. Kullan\u0131lan e\u015fanjorun \u0131s\u0131 geri kazan\u0131m oran\u0131 \u2019in uzerindedir. Cihaz taze hava s\u0131cakl\u0131k de\u011ferini hicbir mekanik so\u011futma olmaks\u0131z\u0131n donu\u015f havas\u0131 s\u0131cakl\u0131k de\u011ferinin alt\u0131na indirebilme kabiliyetine sahiptir. Opsiyonel mekanik so\u011futma, ek so\u011futma istenildi\u011finde uniteye ilave edilebilir. Free-Cooling modu\nise sadece d\u0131\u015f ortam hava durumu elveri\u015fli oldu\u011funda mumkundur. Besleme havas\u0131, heatpump veya opsiyonel olarak elektrikli \u0131s\u0131t\u0131c\u0131 ile \u0131s\u0131t\u0131larak ortama aktar\u0131l\u0131r. Cihazda besleme havas\u0131 yonunde opsiyonel olarak iki kademeli filtreleme sistemi mevcuttur (G4 panel ve F7 kompakt). Donu\u015f havas\u0131 yonunde ise sadece cihaza giri\u015f k\u0131sm\u0131nda bulunan ve G4 panel filtreden tek kademeli filtreleme\nsistemi mevcuttur. \u0130stenildi\u011fi takdirde F7 kompakt filtre yerine F9 kompakt filtre ilave edilebilir. Cihaz\u0131n hava debisi herhangi bir frekans invertoru olmadan 0-10 V cal\u0131\u015fan ve IE4 verimlilik s\u0131n\u0131f\u0131ndaki EC fanlar ile kontrol edilmektedir.<\/p>\n<p>Cihaz fabrika montajl\u0131 olarak kullan\u0131ma haz\u0131rd\u0131r. Bunun icin; elektrik panosu tamamen kontrol ekipmanlar\u0131 ile donat\u0131lm\u0131\u015ft\u0131r, PLC fabrika ayarl\u0131d\u0131r. Tum bunlara ek olarak cihaz Backnet MSTP veya Mod-Bus RTU ileti\u015fim protokolleri ile uzaktan ba\u011flan\u0131larak izlenebilir ve hatta kontrol edilebilir.<\/p>\n<p><img loading=\"lazy\" decoding=\"async\" class=\"wp-image-15992 size-full aligncenter\" src=\"https:\/\/aiolosair.com\/wp-content\/uploads\/2022\/02\/HybriCool-HE-Components-min-scaled.jpg\" alt=\"\" width=\"2560\" height=\"1810\" srcset=\"https:\/\/aiolosair.com\/wp-content\/uploads\/2022\/02\/HybriCool-HE-Components-min-scaled.jpg 2560w, https:\/\/aiolosair.com\/wp-content\/uploads\/2022\/02\/HybriCool-HE-Components-min-300x212.jpg 300w, https:\/\/aiolosair.com\/wp-content\/uploads\/2022\/02\/HybriCool-HE-Components-min-1024x724.jpg 1024w, https:\/\/aiolosair.com\/wp-content\/uploads\/2022\/02\/HybriCool-HE-Components-min-768x543.jpg 768w, https:\/\/aiolosair.com\/wp-content\/uploads\/2022\/02\/HybriCool-HE-Components-min-1536x1086.jpg 1536w, https:\/\/aiolosair.com\/wp-content\/uploads\/2022\/02\/HybriCool-HE-Components-min-2048x1448.jpg 2048w\" sizes=\"auto, (max-width: 2560px) 100vw, 2560px\" \/><\/p>\n\n\t\t<\/div>\n\t<\/div>\n<\/div><\/div><div class=\"vc_tta-panel\" id=\"1641918213908-9c6caeb3-d4c8\" data-vc-content=\".vc_tta-panel-body\"><div class=\"vc_tta-panel-heading\"><h4 class=\"vc_tta-panel-title\"><a href=\"#1641918213908-9c6caeb3-d4c8\" data-vc-accordion data-vc-container=\".vc_tta-container\"><span class=\"vc_tta-title-text\">\u00d6zellikler<\/span><\/a><\/h4><\/div><div class=\"vc_tta-panel-body\">\n\t<div class=\"wpb_text_column wpb_content_element  vc_custom_1642004076979\" >\n\t\t<div class=\"wpb_wrapper\">\n\t\t\t<h3><span style=\"color: #27397c;\"><b>Standart \u00d6zellikler<\/b><\/span><\/h3>\n<ul>\n<li>Endirekt Evaporatif So\u011futma<\/li>\n<li>IE4 Motorlu EC Fanlar<\/li>\n<li>Counterflow E\u015fanj\u00f6r<\/li>\n<li>Serbest So\u011futma<\/li>\n<li>G4- ISO ePM10 \u00d6n Filtre<\/li>\n<li>Sens\u00f6rler ve akt\u00fcat\u00f6rlerle tam donan\u0131ml\u0131 kontrol sistemi<\/li>\n<li>Mod-Bus RTU<\/li>\n<li>Bacnet MSTP<\/li>\n<li>Oda Kontrol\u00f6r\u00fc<\/li>\n<\/ul>\n<p>&nbsp;<\/p>\n<h3><span style=\"color: #27397c; font-family: Arial, sans-serif;\"><b>Opsiyonlar ve Aksesuarlar<\/b><\/span><\/h3>\n<ul>\n<li>Entegre DX Kompres\u00f6r, Kondenser ve Evaporat\u00f6r<\/li>\n<li>Heatpump Is\u0131tma<\/li>\n<li>Donma Korumas\u0131 i\u00e7in Elektirikli \u00d6n Is\u0131t\u0131c\u0131<\/li>\n<li>Son Is\u0131tma i\u00e7in Elektrikli Is\u0131t\u0131c\u0131<\/li>\n<li>2 Yollu 0-10V Vana ve Akt\u00fcat\u00f6rl\u00fc So\u011futulmu\u015f Su Bataryas\u0131<\/li>\n<li>2 Yollu 0-10V Vana ve Akt\u00fcat\u00f6rl\u00fc S\u0131cak Su Bataryas\u0131<\/li>\n<li>S\u0131cak Gazl\u0131 Son Is\u0131t\u0131c\u0131 Kondenser ile Nem Alma<\/li>\n<li>F9 ISO ePM1 Filtre<\/li>\n<li>UV-C Lamba<\/li>\n<li>Ya\u011fmur Suyu i\u00e7in Oluklu \u00c7at\u0131<\/li>\n<li>Kompakt Su Yumu\u015fatma \u00dcnitesi<\/li>\n<li>Standart BMS Protokolleri i\u00e7in BMS Entegrasyonu<\/li>\n<li>Standart BMS Protokolleri i\u00e7in BMS Entegrasyonu<\/li>\n<li>Di\u011fer BMS Protokolleri<\/li>\n<\/ul>\n\n\t\t<\/div>\n\t<\/div>\n<\/div><\/div><div class=\"vc_tta-panel\" id=\"1642000567830-338054c7-4a12\" data-vc-content=\".vc_tta-panel-body\"><div class=\"vc_tta-panel-heading\"><h4 class=\"vc_tta-panel-title\"><a href=\"#1642000567830-338054c7-4a12\" data-vc-accordion data-vc-container=\".vc_tta-container\"><span class=\"vc_tta-title-text\">Uygulama Alanlar\u0131<\/span><\/a><\/h4><\/div><div class=\"vc_tta-panel-body\"><div class=\"wpb_layerslider_element wpb_content_element\"><script type=\"text\/javascript\">jQuery(function() { _initLayerSlider( '#layerslider_8_gldcluadb1au', {createdWith: '6.11.8', sliderVersion: '6.11.8', skin: 'v6', skinsPath: 'https:\/\/aiolosair.com\/wp-content\/plugins\/LayerSlider\/assets\/static\/layerslider\/skins\/'}); });<\/script><div id=\"layerslider_8_gldcluadb1au\" class=\"ls-wp-container fitvidsignore\" style=\"width:1280px;height:720px;margin:0 auto;margin-bottom: 0px;\"><div class=\"ls-slide\" data-ls=\"duration:1500;kenburnsscale:1.2;\"><img loading=\"lazy\" decoding=\"async\" width=\"1280\" height=\"720\" src=\"https:\/\/aiolosair.com\/wp-content\/uploads\/layerslider\/HE-Areas\/Industry.jpg\" class=\"ls-bg\" alt=\"\" srcset=\"https:\/\/aiolosair.com\/wp-content\/uploads\/layerslider\/HE-Areas\/Industry.jpg 1280w, https:\/\/aiolosair.com\/wp-content\/uploads\/layerslider\/HE-Areas\/Industry-300x169.jpg 300w, https:\/\/aiolosair.com\/wp-content\/uploads\/layerslider\/HE-Areas\/Industry-1024x576.jpg 1024w, https:\/\/aiolosair.com\/wp-content\/uploads\/layerslider\/HE-Areas\/Industry-768x432.jpg 768w\" sizes=\"auto, (max-width: 1280px) 100vw, 1280px\" \/><\/div><div class=\"ls-slide\" data-ls=\"duration:1500;kenburnsscale:1.2;\"><img loading=\"lazy\" decoding=\"async\" width=\"1280\" height=\"720\" src=\"https:\/\/aiolosair.com\/wp-content\/uploads\/layerslider\/HE-Areas\/Production-Halls.jpg\" class=\"ls-bg\" alt=\"\" srcset=\"https:\/\/aiolosair.com\/wp-content\/uploads\/layerslider\/HE-Areas\/Production-Halls.jpg 1280w, https:\/\/aiolosair.com\/wp-content\/uploads\/layerslider\/HE-Areas\/Production-Halls-300x169.jpg 300w, https:\/\/aiolosair.com\/wp-content\/uploads\/layerslider\/HE-Areas\/Production-Halls-1024x576.jpg 1024w, https:\/\/aiolosair.com\/wp-content\/uploads\/layerslider\/HE-Areas\/Production-Halls-768x432.jpg 768w\" sizes=\"auto, (max-width: 1280px) 100vw, 1280px\" \/><\/div><div class=\"ls-slide\" data-ls=\"duration:1500;kenburnsscale:1.2;\"><img loading=\"lazy\" decoding=\"async\" width=\"1280\" height=\"720\" src=\"https:\/\/aiolosair.com\/wp-content\/uploads\/layerslider\/HE-Areas\/Officesss.jpg\" class=\"ls-bg\" alt=\"\" srcset=\"https:\/\/aiolosair.com\/wp-content\/uploads\/layerslider\/HE-Areas\/Officesss.jpg 1280w, https:\/\/aiolosair.com\/wp-content\/uploads\/layerslider\/HE-Areas\/Officesss-300x169.jpg 300w, https:\/\/aiolosair.com\/wp-content\/uploads\/layerslider\/HE-Areas\/Officesss-1024x576.jpg 1024w, https:\/\/aiolosair.com\/wp-content\/uploads\/layerslider\/HE-Areas\/Officesss-768x432.jpg 768w\" sizes=\"auto, (max-width: 1280px) 100vw, 1280px\" \/><\/div><div class=\"ls-slide\" data-ls=\"duration:1500;kenburnsscale:1.2;\"><img loading=\"lazy\" decoding=\"async\" width=\"1280\" height=\"720\" src=\"https:\/\/aiolosair.com\/wp-content\/uploads\/layerslider\/HE-Areas\/Shopping-Malls.jpg\" class=\"ls-bg\" alt=\"\" srcset=\"https:\/\/aiolosair.com\/wp-content\/uploads\/layerslider\/HE-Areas\/Shopping-Malls.jpg 1280w, https:\/\/aiolosair.com\/wp-content\/uploads\/layerslider\/HE-Areas\/Shopping-Malls-300x169.jpg 300w, https:\/\/aiolosair.com\/wp-content\/uploads\/layerslider\/HE-Areas\/Shopping-Malls-1024x576.jpg 1024w, https:\/\/aiolosair.com\/wp-content\/uploads\/layerslider\/HE-Areas\/Shopping-Malls-768x432.jpg 768w\" sizes=\"auto, (max-width: 1280px) 100vw, 1280px\" \/><\/div><div class=\"ls-slide\" data-ls=\"duration:1500;kenburnsscale:1.2;\"><img loading=\"lazy\" decoding=\"async\" width=\"1280\" height=\"720\" src=\"https:\/\/aiolosair.com\/wp-content\/uploads\/layerslider\/HE-Areas\/Schools2.jpg\" class=\"ls-bg\" alt=\"\" srcset=\"https:\/\/aiolosair.com\/wp-content\/uploads\/layerslider\/HE-Areas\/Schools2.jpg 1280w, https:\/\/aiolosair.com\/wp-content\/uploads\/layerslider\/HE-Areas\/Schools2-300x169.jpg 300w, https:\/\/aiolosair.com\/wp-content\/uploads\/layerslider\/HE-Areas\/Schools2-1024x576.jpg 1024w, https:\/\/aiolosair.com\/wp-content\/uploads\/layerslider\/HE-Areas\/Schools2-768x432.jpg 768w\" sizes=\"auto, (max-width: 1280px) 100vw, 1280px\" \/><\/div><div class=\"ls-slide\" data-ls=\"duration:1500;kenburnsscale:1.2;\"><img loading=\"lazy\" decoding=\"async\" width=\"1280\" height=\"720\" src=\"https:\/\/aiolosair.com\/wp-content\/uploads\/layerslider\/HE-Areas\/Swimming-Pool.jpg\" class=\"ls-bg\" alt=\"\" srcset=\"https:\/\/aiolosair.com\/wp-content\/uploads\/layerslider\/HE-Areas\/Swimming-Pool.jpg 1280w, https:\/\/aiolosair.com\/wp-content\/uploads\/layerslider\/HE-Areas\/Swimming-Pool-300x169.jpg 300w, https:\/\/aiolosair.com\/wp-content\/uploads\/layerslider\/HE-Areas\/Swimming-Pool-1024x576.jpg 1024w, https:\/\/aiolosair.com\/wp-content\/uploads\/layerslider\/HE-Areas\/Swimming-Pool-768x432.jpg 768w\" sizes=\"auto, (max-width: 1280px) 100vw, 1280px\" \/><\/div><\/div><\/div><\/div><\/div><div class=\"vc_tta-panel\" id=\"1642000611142-3233c69b-1216\" data-vc-content=\".vc_tta-panel-body\"><div class=\"vc_tta-panel-heading\"><h4 class=\"vc_tta-panel-title\"><a href=\"#1642000611142-3233c69b-1216\" data-vc-accordion data-vc-container=\".vc_tta-container\"><span class=\"vc_tta-title-text\">Teknik Veri<\/span><\/a><\/h4><\/div><div class=\"vc_tta-panel-body\">\n\t<div  class=\"wpb_single_image wpb_content_element vc_align_center\">\n\t\t\n\t\t<figure class=\"wpb_wrapper vc_figure\">\n\t\t\t<div class=\"vc_single_image-wrapper   vc_box_border_grey\"><img loading=\"lazy\" decoding=\"async\" width=\"1267\" height=\"2560\" src=\"https:\/\/aiolosair.com\/wp-content\/uploads\/2022\/02\/Technical-Data-HybriCool-HE-scaled.jpg\" class=\"vc_single_image-img attachment-full\" alt=\"\" srcset=\"https:\/\/aiolosair.com\/wp-content\/uploads\/2022\/02\/Technical-Data-HybriCool-HE-scaled.jpg 1267w, https:\/\/aiolosair.com\/wp-content\/uploads\/2022\/02\/Technical-Data-HybriCool-HE-148x300.jpg 148w, https:\/\/aiolosair.com\/wp-content\/uploads\/2022\/02\/Technical-Data-HybriCool-HE-507x1024.jpg 507w, https:\/\/aiolosair.com\/wp-content\/uploads\/2022\/02\/Technical-Data-HybriCool-HE-768x1552.jpg 768w, https:\/\/aiolosair.com\/wp-content\/uploads\/2022\/02\/Technical-Data-HybriCool-HE-760x1536.jpg 760w, https:\/\/aiolosair.com\/wp-content\/uploads\/2022\/02\/Technical-Data-HybriCool-HE-1013x2048.jpg 1013w\" sizes=\"auto, (max-width: 1267px) 100vw, 1267px\"  data-dt-location=\"https:\/\/aiolosair.com\/tr\/hybricool-he\/technical-data-hybricool-he\/\" \/><\/div>\n\t\t<\/figure>\n\t<\/div>\n<\/div><\/div><div class=\"vc_tta-panel\" id=\"1643036640455-91c85539-37da\" data-vc-content=\".vc_tta-panel-body\"><div class=\"vc_tta-panel-heading\"><h4 class=\"vc_tta-panel-title\"><a href=\"#1643036640455-91c85539-37da\" data-vc-accordion data-vc-container=\".vc_tta-container\"><span class=\"vc_tta-title-text\">Uygulama<\/span><\/a><\/h4><\/div><div class=\"vc_tta-panel-body\">\n\t<div  class=\"wpb_single_image wpb_content_element vc_align_center\">\n\t\t\n\t\t<figure class=\"wpb_wrapper vc_figure\">\n\t\t\t<div class=\"vc_single_image-wrapper   vc_box_border_grey\"><img loading=\"lazy\" decoding=\"async\" width=\"1024\" height=\"489\" src=\"https:\/\/aiolosair.com\/wp-content\/uploads\/2014\/03\/HybriCool-HE-Uygulama-Ornegi-min-1024x489.jpg\" class=\"vc_single_image-img attachment-large\" alt=\"\" srcset=\"https:\/\/aiolosair.com\/wp-content\/uploads\/2014\/03\/HybriCool-HE-Uygulama-Ornegi-min-1024x489.jpg 1024w, https:\/\/aiolosair.com\/wp-content\/uploads\/2014\/03\/HybriCool-HE-Uygulama-Ornegi-min-300x143.jpg 300w, https:\/\/aiolosair.com\/wp-content\/uploads\/2014\/03\/HybriCool-HE-Uygulama-Ornegi-min-768x367.jpg 768w, https:\/\/aiolosair.com\/wp-content\/uploads\/2014\/03\/HybriCool-HE-Uygulama-Ornegi-min-1536x733.jpg 1536w, https:\/\/aiolosair.com\/wp-content\/uploads\/2014\/03\/HybriCool-HE-Uygulama-Ornegi-min.jpg 1919w\" sizes=\"auto, (max-width: 1024px) 100vw, 1024px\"  data-dt-location=\"https:\/\/aiolosair.com\/tr\/project\/industry\/hybricool-he-uygulama-ornegi-min\/\" \/><\/div>\n\t\t<\/figure>\n\t<\/div>\n<\/div><\/div><div class=\"vc_tta-panel\" id=\"1696329311209-32a66c21-b883\" data-vc-content=\".vc_tta-panel-body\"><div class=\"vc_tta-panel-heading\"><h4 class=\"vc_tta-panel-title\"><a href=\"#1696329311209-32a66c21-b883\" data-vc-accordion data-vc-container=\".vc_tta-container\"><span class=\"vc_tta-title-text\">Dok\u00fcmantasyon<\/span><\/a><\/h4><\/div><div class=\"vc_tta-panel-body\">\n\t<div class=\"wpb_text_column wpb_content_element\" >\n\t\t<div class=\"wpb_wrapper\">\n\t\t\t<a href=\"https:\/\/aiolosair.com\/wp-content\/uploads\/2023\/10\/HybriCool-HE-EN.pdf\" class=\"pdfemb-viewer\" style=\"\" data-width=\"max\" data-height=\"max\"  data-toolbar=\"bottom\" data-toolbar-fixed=\"off\">HybriCool HE \u2013 EN<br\/><\/a>\n\n\t\t<\/div>\n\t<\/div>\n\n\t<div class=\"wpb_text_column wpb_content_element\" >\n\t\t<div class=\"wpb_wrapper\">\n\t\t\t<p><a href=\"https:\/\/aiolosair.com\/tr\/hybricool-flat\/download\/\" rel=\"attachment wp-att-16061\"><img loading=\"lazy\" decoding=\"async\" class=\"alignleft size-thumbnail wp-image-16061\" src=\"https:\/\/aiolosair.com\/wp-content\/uploads\/2023\/09\/download-150x150.png\" alt=\"\" width=\"150\" height=\"150\" srcset=\"https:\/\/aiolosair.com\/wp-content\/uploads\/2023\/09\/download-150x150.png 150w, https:\/\/aiolosair.com\/wp-content\/uploads\/2023\/09\/download-300x300.png 300w, https:\/\/aiolosair.com\/wp-content\/uploads\/2023\/09\/download-1024x1024.png 1024w, https:\/\/aiolosair.com\/wp-content\/uploads\/2023\/09\/download-768x768.png 768w, https:\/\/aiolosair.com\/wp-content\/uploads\/2023\/09\/download-1536x1536.png 1536w, https:\/\/aiolosair.com\/wp-content\/uploads\/2023\/09\/download-2048x2048.png 2048w\" sizes=\"auto, (max-width: 150px) 100vw, 150px\" \/><\/a><\/p>\n<p>&nbsp;<\/p>\n<ul>\n<li><a href=\"https:\/\/aiolosair.com\/wp-content\/uploads\/2023\/10\/HybriCool-HE-TR.pdf\" target=\"_blank\" rel=\"noopener\">\u00dcr\u00fcn Katalo\u011fu_TR<\/a><\/li>\n<li style=\"text-align: left;\"><a href=\"https:\/\/aiolosair.com\/wp-content\/uploads\/2023\/10\/HybriCool-HE-EN.pdf\" target=\"_blank\" rel=\"noopener\">Product Catalogue_EN<\/a><\/li>\n<li><a href=\"https:\/\/aiolosair.com\/wp-content\/uploads\/2023\/10\/Hybricool-HE-Montaj-ve-Kullanim-Kilavuzu_V0.pdf\" target=\"_blank\" rel=\"noopener\">Montaj ve Kullan\u0131m K\u0131lavuzu<\/a><\/li>\n<\/ul>\n\n\t\t<\/div>\n\t<\/div>\n<\/div><\/div><\/div><ul class=\"vc_general vc_pagination vc_pagination-style-outline vc_pagination-shape-square vc_pagination-color-grey\"><li class=\"vc_pagination-item vc_active\" data-vc-tab><a href=\"#1641918213908-2cd727fb-e11f\" class=\"vc_pagination-trigger\" data-vc-tabs data-vc-container=\".vc_tta\"><\/a><\/li><li class=\"vc_pagination-item\" data-vc-tab><a href=\"#1641918213908-9c6caeb3-d4c8\" class=\"vc_pagination-trigger\" data-vc-tabs data-vc-container=\".vc_tta\"><\/a><\/li><li class=\"vc_pagination-item\" data-vc-tab><a href=\"#1642000567830-338054c7-4a12\" class=\"vc_pagination-trigger\" data-vc-tabs data-vc-container=\".vc_tta\"><\/a><\/li><li class=\"vc_pagination-item\" data-vc-tab><a href=\"#1642000611142-3233c69b-1216\" class=\"vc_pagination-trigger\" data-vc-tabs data-vc-container=\".vc_tta\"><\/a><\/li><li class=\"vc_pagination-item\" data-vc-tab><a href=\"#1643036640455-91c85539-37da\" class=\"vc_pagination-trigger\" data-vc-tabs data-vc-container=\".vc_tta\"><\/a><\/li><li class=\"vc_pagination-item\" data-vc-tab><a href=\"#1696329311209-32a66c21-b883\" class=\"vc_pagination-trigger\" data-vc-tabs data-vc-container=\".vc_tta\"><\/a><\/li><\/ul><\/div><\/div><\/div><\/div><\/div><\/div><\/div><!-- Row Backgrounds --><div class=\"upb_color\" data-bg-override=\"ex-full\" data-bg-color=\"#f6f6f6\" data-fadeout=\"\" data-fadeout-percentage=\"30\" data-parallax-content=\"\" data-parallax-content-sense=\"30\" data-row-effect-mobile-disable=\"true\" data-img-parallax-mobile-disable=\"true\" data-rtl=\"false\"  data-custom-vc-row=\"\"  data-vc=\"6.6.0.1\"  data-is_old_vc=\"\"  data-theme-support=\"\"   data-overlay=\"false\" data-overlay-color=\"\" data-overlay-pattern=\"\" data-overlay-pattern-opacity=\"\" data-overlay-pattern-size=\"\"    ><\/div>","protected":false},"excerpt":{"rendered":"<p>HybriCool HEDescriptionFeaturesApplication AreasTechnical DataApplicationDocumentationDescription Horizontal Type %100 Fresh Air A\/C Unit with Indirect Evaporative Cooling (IEC) for cooling spaces which need cooling, heating and ventilation with fresh air without humidifying the supply air. Unit casing is air tight, outer surface powder coated double skin, 45 mm Rockwool insulated for lowest heat transfer and sound absorption.&hellip;<\/p>","protected":false},"author":1,"featured_media":0,"parent":0,"menu_order":20,"comment_status":"closed","ping_status":"closed","template":"","meta":{"footnotes":""},"class_list":["post-15670","page","type-page","status-publish","hentry","description-off"],"aioseo_notices":[],"_links":{"self":[{"href":"https:\/\/aiolosair.com\/tr\/wp-json\/wp\/v2\/pages\/15670","targetHints":{"allow":["GET"]}}],"collection":[{"href":"https:\/\/aiolosair.com\/tr\/wp-json\/wp\/v2\/pages"}],"about":[{"href":"https:\/\/aiolosair.com\/tr\/wp-json\/wp\/v2\/types\/page"}],"author":[{"embeddable":true,"href":"https:\/\/aiolosair.com\/tr\/wp-json\/wp\/v2\/users\/1"}],"replies":[{"embeddable":true,"href":"https:\/\/aiolosair.com\/tr\/wp-json\/wp\/v2\/comments?post=15670"}],"version-history":[{"count":3,"href":"https:\/\/aiolosair.com\/tr\/wp-json\/wp\/v2\/pages\/15670\/revisions"}],"predecessor-version":[{"id":16320,"href":"https:\/\/aiolosair.com\/tr\/wp-json\/wp\/v2\/pages\/15670\/revisions\/16320"}],"wp:attachment":[{"href":"https:\/\/aiolosair.com\/tr\/wp-json\/wp\/v2\/media?parent=15670"}],"curies":[{"name":"wp","href":"https:\/\/api.w.org\/{rel}","templated":true}]}}