{"id":15675,"date":"2022-01-12T16:24:44","date_gmt":"2022-01-12T16:24:44","guid":{"rendered":"http:\/\/aiolosair.com\/?page_id=15675"},"modified":"2023-11-08T11:51:51","modified_gmt":"2023-11-08T11:51:51","slug":"aiolosair-aura","status":"publish","type":"page","link":"https:\/\/aiolosair.com\/tr\/aiolosair-aura\/","title":{"rendered":"AiolosAir Aura"},"content":{"rendered":"<div class=\"vc_row wpb_row vc_row-fluid vc_custom_1490183704313 vc_row-o-equal-height vc_row-flex\"><div class=\"wpb_column vc_column_container vc_col-sm-12\"><div class=\"vc_column-inner vc_custom_1490183961234\"><div class=\"wpb_wrapper\">\n\t<div  class=\"wpb_single_image wpb_content_element vc_align_center\">\n\t\t\n\t\t<figure class=\"wpb_wrapper vc_figure\">\n\t\t\t<div class=\"vc_single_image-wrapper vc_box_rounded  vc_box_border_grey\"><img loading=\"lazy\" decoding=\"async\" width=\"468\" height=\"500\" src=\"https:\/\/aiolosair.com\/wp-content\/uploads\/2022\/01\/AiolosAir-Aura-Site.png\" class=\"vc_single_image-img attachment-large\" alt=\"\" srcset=\"https:\/\/aiolosair.com\/wp-content\/uploads\/2022\/01\/AiolosAir-Aura-Site.png 468w, https:\/\/aiolosair.com\/wp-content\/uploads\/2022\/01\/AiolosAir-Aura-Site-281x300.png 281w\" sizes=\"auto, (max-width: 468px) 100vw, 468px\"  data-dt-location=\"https:\/\/aiolosair.com\/tr\/aiolosair-aura\/aiolosair-aura-site\/\" \/><\/div>\n\t\t<\/figure>\n\t<\/div>\n<div class=\"vc_tta-container\" data-vc-action=\"collapse\"><h2>AiolosAir Aura<\/h2><div class=\"vc_general vc_tta vc_tta-tabs vc_tta-color-blue vc_tta-style-modern vc_tta-shape-rounded vc_tta-spacing-1 vc_tta-gap-15 vc_tta-has-pagination vc_tta-tabs-position-top vc_tta-controls-align-center\"><div class=\"vc_tta-tabs-container\"><ul class=\"vc_tta-tabs-list\"><li class=\"vc_tta-tab vc_active\" data-vc-tab><a href=\"#1641918213908-2cd727fb-e11f\" data-vc-tabs data-vc-container=\".vc_tta\"><span class=\"vc_tta-title-text\">A\u00e7\u0131klama<\/span><\/a><\/li><li class=\"vc_tta-tab\" data-vc-tab><a href=\"#1641918213908-9c6caeb3-d4c8\" data-vc-tabs data-vc-container=\".vc_tta\"><span class=\"vc_tta-title-text\">\u00d6zellikler<\/span><\/a><\/li><li class=\"vc_tta-tab\" data-vc-tab><a href=\"#1642000567830-338054c7-4a12\" data-vc-tabs data-vc-container=\".vc_tta\"><span class=\"vc_tta-title-text\">Uygulama Alanlar\u0131<\/span><\/a><\/li><li class=\"vc_tta-tab\" data-vc-tab><a href=\"#1642000611142-3233c69b-1216\" data-vc-tabs data-vc-container=\".vc_tta\"><span class=\"vc_tta-title-text\">Teknik Veri<\/span><\/a><\/li><li class=\"vc_tta-tab\" data-vc-tab><a href=\"#1643108486952-59dacc76-10b2\" data-vc-tabs data-vc-container=\".vc_tta\"><span class=\"vc_tta-title-text\">Uygulama<\/span><\/a><\/li><li class=\"vc_tta-tab\" data-vc-tab><a href=\"#1696331065358-8671a2c5-86a6\" data-vc-tabs data-vc-container=\".vc_tta\"><span class=\"vc_tta-title-text\">Dok\u00fcmantasyon<\/span><\/a><\/li><\/ul><\/div><div class=\"vc_tta-panels-container\"><div class=\"vc_tta-panels\"><div class=\"vc_tta-panel vc_active\" id=\"1641918213908-2cd727fb-e11f\" data-vc-content=\".vc_tta-panel-body\"><div class=\"vc_tta-panel-heading\"><h4 class=\"vc_tta-panel-title\"><a href=\"#1641918213908-2cd727fb-e11f\" data-vc-accordion data-vc-container=\".vc_tta-container\"><span class=\"vc_tta-title-text\">A\u00e7\u0131klama<\/span><\/a><\/h4><\/div><div class=\"vc_tta-panel-body\">\n\t<div class=\"wpb_text_column wpb_content_element\" >\n\t\t<div class=\"wpb_wrapper\">\n\t\t\t<p>Okul s\u0131n\u0131f\u0131 havaland\u0131rmas\u0131 i\u00e7in yatay tip 0 Taze Hava Is\u0131 Geri Kazan\u0131m Havaland\u0131rma \u00dcnitesi. \u00dcnite kasa a\u00e7\u0131kl\u0131\u011f\u0131na sahip, d\u0131\u015f y\u00fczeyi toz kapl\u0131 tek cidarl\u0131 al\u00fcminyum folyo kapl\u0131 25 mm A1 yang\u0131na dayan\u0131kl\u0131 Rockwool (EN 14303) ile yal\u0131t\u0131lm\u0131\u015ft\u0131r, \u0131s\u0131 transferini en d\u00fc\u015f\u00fck seviyede tutar ve ses emilimini sa\u011flar. 1,5 mm \u00e7elik i\u00e7 iskelet sert yap\u0131y\u0131 s\u00fcrd\u00fcr\u00fcr. Y\u00fcksek enerji verimlili\u011fi sa\u011flamak i\u00e7in \u00fcnite, \u0131s\u0131 geri kazan\u0131m verimine sahip kar\u015f\u0131 ak\u0131\u015fl\u0131 \u0131s\u0131 de\u011fi\u015ftirici ile donat\u0131lm\u0131\u015ft\u0131r. 1,15 kWs\/m3 SFP'yi kar\u015f\u0131lamak i\u00e7in d\u00fc\u015f\u00fck i\u00e7 bas\u0131n\u00e7 kayb\u0131 tasar\u0131m\u0131na sahiptir. D\u0131\u015f hava ko\u015fullar\u0131 uygun oldu\u011funda, \u00fccretsiz so\u011futma modu mevcuttur. Temiz hava, standart olarak elektrikli \u0131s\u0131t\u0131c\u0131 ile oda s\u0131cakl\u0131\u011f\u0131na \u0131s\u0131t\u0131l\u0131r veya iste\u011fe ba\u011fl\u0131 y\u00fcksek kapasiteli elektrikli \u0131s\u0131t\u0131c\u0131 ile \u0131s\u0131tma gerektirmeyen s\u0131n\u0131flar i\u00e7in ek \u0131s\u0131tma olmadan \u0131s\u0131t\u0131l\u0131r.<\/p>\n<p><img loading=\"lazy\" decoding=\"async\" class=\"wp-image-15997 size-large aligncenter\" src=\"https:\/\/aiolosair.com\/wp-content\/uploads\/2022\/02\/AiolosAir-Aura-Folow-Diagram-1024x296.png\" alt=\"\" width=\"1024\" height=\"296\" srcset=\"https:\/\/aiolosair.com\/wp-content\/uploads\/2022\/02\/AiolosAir-Aura-Folow-Diagram-1024x296.png 1024w, https:\/\/aiolosair.com\/wp-content\/uploads\/2022\/02\/AiolosAir-Aura-Folow-Diagram-300x87.png 300w, https:\/\/aiolosair.com\/wp-content\/uploads\/2022\/02\/AiolosAir-Aura-Folow-Diagram-768x222.png 768w, https:\/\/aiolosair.com\/wp-content\/uploads\/2022\/02\/AiolosAir-Aura-Folow-Diagram-1536x444.png 1536w, https:\/\/aiolosair.com\/wp-content\/uploads\/2022\/02\/AiolosAir-Aura-Folow-Diagram.png 1811w\" sizes=\"auto, (max-width: 1024px) 100vw, 1024px\" \/><\/p>\n<p>\u00dcnite, temiz hava taraf\u0131nda standart olarak 2 a\u015famal\u0131 filtre ile donat\u0131lm\u0131\u015ft\u0131r: ISOePM10 + ISOePM2.5 ve geri d\u00f6n\u00fc\u015f hava taraf\u0131nda ISOePM10 tek a\u015famal\u0131 filtre bulunur. \u0130stenildi\u011finde iste\u011fe ba\u011fl\u0131 ISOePM1 kompakt filtre de m\u00fcmk\u00fcnd\u00fcr. \u00dcnite hava hacmi, manuel modda 5 a\u015famada ayarlanabilir veya iste\u011fe ba\u011fl\u0131 CO2 sens\u00f6r\u00fc ile 0-10V oransal olarak otomatik modda ayarlanabilir. Frekans invert\u00f6r\u00fcne ihtiya\u00e7 duyulmadan IE4 verimlilik s\u0131n\u0131f\u0131na sahip EC direkt tahrikli fanlar kullan\u0131lm\u0131\u015ft\u0131r. \u00dcnite, fabrika taraf\u0131ndan kurulu kontrol paneli ile \u00e7al\u0131\u015fmaya haz\u0131rd\u0131r ve kontrol bile\u015fenleriyle tam donan\u0131ml\u0131d\u0131r. \u00dcnite, ModBUS ileti\u015fim protokol\u00fc arac\u0131l\u0131\u011f\u0131yla uzaktan izlenebilir ve kontrol edilebilir.<\/p>\n<p>Ekranl\u0131 \u00f6zel oda kontrol cihaz\u0131, kolay kontrol ve i\u015flem sa\u011flar. Opsiyonel duvara monte CO2 sens\u00f6r\u00fc ile oda CO2 seviyesine ba\u011fl\u0131 olarak \u00fcnite Otomatik Mod'da \u00e7al\u0131\u015fabilir.<\/p>\n<p><img loading=\"lazy\" decoding=\"async\" class=\"wp-image-15998 size-full aligncenter\" src=\"https:\/\/aiolosair.com\/wp-content\/uploads\/2022\/02\/AiolosAir-Aura-component-min-scaled.jpg\" alt=\"\" width=\"2560\" height=\"1810\" srcset=\"https:\/\/aiolosair.com\/wp-content\/uploads\/2022\/02\/AiolosAir-Aura-component-min-scaled.jpg 2560w, https:\/\/aiolosair.com\/wp-content\/uploads\/2022\/02\/AiolosAir-Aura-component-min-300x212.jpg 300w, https:\/\/aiolosair.com\/wp-content\/uploads\/2022\/02\/AiolosAir-Aura-component-min-1024x724.jpg 1024w, https:\/\/aiolosair.com\/wp-content\/uploads\/2022\/02\/AiolosAir-Aura-component-min-768x543.jpg 768w, https:\/\/aiolosair.com\/wp-content\/uploads\/2022\/02\/AiolosAir-Aura-component-min-1536x1086.jpg 1536w, https:\/\/aiolosair.com\/wp-content\/uploads\/2022\/02\/AiolosAir-Aura-component-min-2048x1448.jpg 2048w\" sizes=\"auto, (max-width: 2560px) 100vw, 2560px\" \/><\/p>\n\n\t\t<\/div>\n\t<\/div>\n<\/div><\/div><div class=\"vc_tta-panel\" id=\"1641918213908-9c6caeb3-d4c8\" data-vc-content=\".vc_tta-panel-body\"><div class=\"vc_tta-panel-heading\"><h4 class=\"vc_tta-panel-title\"><a href=\"#1641918213908-9c6caeb3-d4c8\" data-vc-accordion data-vc-container=\".vc_tta-container\"><span class=\"vc_tta-title-text\">\u00d6zellikler<\/span><\/a><\/h4><\/div><div class=\"vc_tta-panel-body\">\n\t<div class=\"wpb_text_column wpb_content_element  vc_custom_1642006167415\" >\n\t\t<div class=\"wpb_wrapper\">\n\t\t\t<h2><strong><span style=\"color: #27397c; font-family: Arial, sans-serif;\">AiolosAir Aura Conditioning Unit offers you the most suitable and most efficiency solution according to your purpose and place<\/span><\/strong><\/h2>\n<p>&nbsp;<\/p>\n<h3><\/h3>\n<h3><span style=\"color: #27397c;\"><b>Standart \u00d6zellikler<\/b><\/span><\/h3>\n<ul>\n<li>EC fanlar<\/li>\n<li>Kar\u015f\u0131 ak\u0131\u015fl\u0131 \u0131s\u0131 geri kazan\u0131m e\u015fanj\u00f6r\u00fc<\/li>\n<li>\u00dccretsiz So\u011futma ge\u00e7i\u015f kontrol\u00fc<\/li>\n<li>Oda Kontrol\u00f6r\u00fc<\/li>\n<li>ModBUS ileti\u015fimi<\/li>\n<li>Kap\u0131 temas anahtar\u0131<\/li>\n<li>Zamanlay\u0131c\u0131 ile haftal\u0131k program<\/li>\n<li>25mm ta\u015f y\u00fcn\u00fc yal\u0131t\u0131m<\/li>\n<li>Toz boyal\u0131 d\u0131\u015f g\u00f6vde<\/li>\n<li>ISO ePM10 + ISO ePM2.5 temiz hava filtresi<\/li>\n<li>ISO ePM10 geri d\u00f6n\u00fc\u015f hava filtresi<\/li>\n<\/ul>\n<p>&nbsp;<\/p>\n<h3><span style=\"color: #27397c; font-family: Arial, sans-serif;\"><b>Opsiyonlar ve Aksesuarlar<\/b><\/span><\/h3>\n<ul>\n<li>Elektrikli \u0131s\u0131tma<\/li>\n<li>CO2 sens\u00f6r\u00fc (duvara monte)<\/li>\n<li>CO2 sens\u00f6r\u00fc (geri d\u00f6n\u00fc\u015f hava taraf\u0131)<\/li>\n<li>Motorlu egzoz hava kapatma kelebe\u011fi<\/li>\n<li>Motorlu temiz hava kapatma kelebe\u011fi<\/li>\n<li>Egzoz\/temiz hava kanallar\u0131n\u0131n kaplanmas\u0131<\/li>\n<li>D\u0131\u015f duvar \u0131zgaras\u0131\/kapama<\/li>\n<li>\u0130zole esnek kanal tak\u0131m\u0131 -1m<\/li>\n<li>ISO ePM1 final filtresi<\/li>\n<\/ul>\n\n\t\t<\/div>\n\t<\/div>\n<\/div><\/div><div class=\"vc_tta-panel\" id=\"1642000567830-338054c7-4a12\" data-vc-content=\".vc_tta-panel-body\"><div class=\"vc_tta-panel-heading\"><h4 class=\"vc_tta-panel-title\"><a href=\"#1642000567830-338054c7-4a12\" data-vc-accordion data-vc-container=\".vc_tta-container\"><span class=\"vc_tta-title-text\">Uygulama Alanlar\u0131<\/span><\/a><\/h4><\/div><div class=\"vc_tta-panel-body\">\n\t<div  class=\"wpb_single_image wpb_content_element vc_align_left\">\n\t\t\n\t\t<figure class=\"wpb_wrapper vc_figure\">\n\t\t\t<div class=\"vc_single_image-wrapper   vc_box_border_grey\"><img loading=\"lazy\" decoding=\"async\" width=\"1280\" height=\"720\" src=\"https:\/\/aiolosair.com\/wp-content\/uploads\/layerslider\/Flat-Areas\/Schools2.jpg\" class=\"vc_single_image-img attachment-full\" alt=\"\" srcset=\"https:\/\/aiolosair.com\/wp-content\/uploads\/layerslider\/Flat-Areas\/Schools2.jpg 1280w, https:\/\/aiolosair.com\/wp-content\/uploads\/layerslider\/Flat-Areas\/Schools2-300x169.jpg 300w, https:\/\/aiolosair.com\/wp-content\/uploads\/layerslider\/Flat-Areas\/Schools2-1024x576.jpg 1024w, https:\/\/aiolosair.com\/wp-content\/uploads\/layerslider\/Flat-Areas\/Schools2-768x432.jpg 768w\" sizes=\"auto, (max-width: 1280px) 100vw, 1280px\"  data-dt-location=\"https:\/\/aiolosair.com\/tr\/?attachment_id=15718\" \/><\/div>\n\t\t<\/figure>\n\t<\/div>\n<\/div><\/div><div class=\"vc_tta-panel\" id=\"1642000611142-3233c69b-1216\" data-vc-content=\".vc_tta-panel-body\"><div class=\"vc_tta-panel-heading\"><h4 class=\"vc_tta-panel-title\"><a href=\"#1642000611142-3233c69b-1216\" data-vc-accordion data-vc-container=\".vc_tta-container\"><span class=\"vc_tta-title-text\">Teknik Veri<\/span><\/a><\/h4><\/div><div class=\"vc_tta-panel-body\">\n\t<div  class=\"wpb_single_image wpb_content_element vc_align_center\">\n\t\t\n\t\t<figure class=\"wpb_wrapper vc_figure\">\n\t\t\t<div class=\"vc_single_image-wrapper   vc_box_border_grey\"><img loading=\"lazy\" decoding=\"async\" width=\"908\" height=\"1754\" src=\"https:\/\/aiolosair.com\/wp-content\/uploads\/2022\/02\/Aura-Technical-Data.jpg\" class=\"vc_single_image-img attachment-full\" alt=\"\" srcset=\"https:\/\/aiolosair.com\/wp-content\/uploads\/2022\/02\/Aura-Technical-Data.jpg 908w, https:\/\/aiolosair.com\/wp-content\/uploads\/2022\/02\/Aura-Technical-Data-155x300.jpg 155w, https:\/\/aiolosair.com\/wp-content\/uploads\/2022\/02\/Aura-Technical-Data-530x1024.jpg 530w, https:\/\/aiolosair.com\/wp-content\/uploads\/2022\/02\/Aura-Technical-Data-768x1484.jpg 768w, https:\/\/aiolosair.com\/wp-content\/uploads\/2022\/02\/Aura-Technical-Data-795x1536.jpg 795w\" sizes=\"auto, (max-width: 908px) 100vw, 908px\"  data-dt-location=\"https:\/\/aiolosair.com\/tr\/aiolosair-aura\/aura-technical-data\/\" \/><\/div>\n\t\t<\/figure>\n\t<\/div>\n<\/div><\/div><div class=\"vc_tta-panel\" id=\"1643108486952-59dacc76-10b2\" data-vc-content=\".vc_tta-panel-body\"><div class=\"vc_tta-panel-heading\"><h4 class=\"vc_tta-panel-title\"><a href=\"#1643108486952-59dacc76-10b2\" data-vc-accordion data-vc-container=\".vc_tta-container\"><span class=\"vc_tta-title-text\">Uygulama<\/span><\/a><\/h4><\/div><div class=\"vc_tta-panel-body\">\n\t<div  class=\"wpb_single_image wpb_content_element vc_align_center\">\n\t\t\n\t\t<figure class=\"wpb_wrapper vc_figure\">\n\t\t\t<div class=\"vc_single_image-wrapper   vc_box_border_grey\"><img loading=\"lazy\" decoding=\"async\" width=\"1024\" height=\"475\" src=\"https:\/\/aiolosair.com\/wp-content\/uploads\/2022\/01\/AiolosAir-Aura-Application-WEB-1024x475.jpg\" class=\"vc_single_image-img attachment-large\" alt=\"\" srcset=\"https:\/\/aiolosair.com\/wp-content\/uploads\/2022\/01\/AiolosAir-Aura-Application-WEB-1024x475.jpg 1024w, https:\/\/aiolosair.com\/wp-content\/uploads\/2022\/01\/AiolosAir-Aura-Application-WEB-300x139.jpg 300w, https:\/\/aiolosair.com\/wp-content\/uploads\/2022\/01\/AiolosAir-Aura-Application-WEB-768x356.jpg 768w, https:\/\/aiolosair.com\/wp-content\/uploads\/2022\/01\/AiolosAir-Aura-Application-WEB.jpg 1333w\" sizes=\"auto, (max-width: 1024px) 100vw, 1024px\"  data-dt-location=\"https:\/\/aiolosair.com\/tr\/aiolosair-aura\/aiolosair-aura-application-web\/\" \/><\/div>\n\t\t<\/figure>\n\t<\/div>\n<\/div><\/div><div class=\"vc_tta-panel\" id=\"1696331065358-8671a2c5-86a6\" data-vc-content=\".vc_tta-panel-body\"><div class=\"vc_tta-panel-heading\"><h4 class=\"vc_tta-panel-title\"><a href=\"#1696331065358-8671a2c5-86a6\" data-vc-accordion data-vc-container=\".vc_tta-container\"><span class=\"vc_tta-title-text\">Dok\u00fcmantasyon<\/span><\/a><\/h4><\/div><div class=\"vc_tta-panel-body\">\n\t<div class=\"wpb_text_column wpb_content_element\" >\n\t\t<div class=\"wpb_wrapper\">\n\t\t\t<a href=\"https:\/\/aiolosair.com\/wp-content\/uploads\/2023\/10\/AiolosAir-Aura-EN.pdf\" class=\"pdfemb-viewer\" style=\"\" data-width=\"max\" data-height=\"max\"  data-toolbar=\"bottom\" data-toolbar-fixed=\"off\">AiolosAir Aura -EN<br\/><\/a>\n\n\t\t<\/div>\n\t<\/div>\n\n\t<div class=\"wpb_text_column wpb_content_element\" >\n\t\t<div class=\"wpb_wrapper\">\n\t\t\t<p><a href=\"https:\/\/aiolosair.com\/tr\/hybricool-flat\/download\/\" rel=\"attachment wp-att-16061\"><img loading=\"lazy\" decoding=\"async\" class=\"alignleft size-thumbnail wp-image-16061\" src=\"https:\/\/aiolosair.com\/wp-content\/uploads\/2023\/09\/download-150x150.png\" alt=\"\" width=\"150\" height=\"150\" srcset=\"https:\/\/aiolosair.com\/wp-content\/uploads\/2023\/09\/download-150x150.png 150w, https:\/\/aiolosair.com\/wp-content\/uploads\/2023\/09\/download-300x300.png 300w, https:\/\/aiolosair.com\/wp-content\/uploads\/2023\/09\/download-1024x1024.png 1024w, https:\/\/aiolosair.com\/wp-content\/uploads\/2023\/09\/download-768x768.png 768w, https:\/\/aiolosair.com\/wp-content\/uploads\/2023\/09\/download-1536x1536.png 1536w, https:\/\/aiolosair.com\/wp-content\/uploads\/2023\/09\/download-2048x2048.png 2048w\" sizes=\"auto, (max-width: 150px) 100vw, 150px\" \/><\/a><\/p>\n<p>&nbsp;<\/p>\n<ul>\n<li style=\"text-align: left;\"><a href=\"https:\/\/aiolosair.com\/wp-content\/uploads\/2023\/10\/AiolosAir-Aura-EN.pdf\" target=\"_blank\" rel=\"noopener\">Product Catalogue_EN<\/a><\/li>\n<li><a href=\"https:\/\/aiolosair.com\/wp-content\/uploads\/2023\/10\/AiolosAir-Aura-CE-Certificate.pdf\" target=\"_blank\" rel=\"noopener\">CE Certificate<\/a><\/li>\n<li><a href=\"https:\/\/aiolosair.com\/wp-content\/uploads\/2023\/10\/AiolosAir-Aura-Montaj-ve-Kullanim-Kilavuzu.pdf\" target=\"_blank\" rel=\"noopener\">Montaj ve Kullan\u0131m K\u0131lavuzu<\/a><\/li>\n<\/ul>\n\n\t\t<\/div>\n\t<\/div>\n<\/div><\/div><\/div><ul class=\"vc_general vc_pagination vc_pagination-style-outline vc_pagination-shape-square vc_pagination-color-grey\"><li class=\"vc_pagination-item vc_active\" data-vc-tab><a href=\"#1641918213908-2cd727fb-e11f\" class=\"vc_pagination-trigger\" data-vc-tabs data-vc-container=\".vc_tta\"><\/a><\/li><li class=\"vc_pagination-item\" data-vc-tab><a href=\"#1641918213908-9c6caeb3-d4c8\" class=\"vc_pagination-trigger\" data-vc-tabs data-vc-container=\".vc_tta\"><\/a><\/li><li class=\"vc_pagination-item\" data-vc-tab><a href=\"#1642000567830-338054c7-4a12\" class=\"vc_pagination-trigger\" data-vc-tabs data-vc-container=\".vc_tta\"><\/a><\/li><li class=\"vc_pagination-item\" data-vc-tab><a href=\"#1642000611142-3233c69b-1216\" class=\"vc_pagination-trigger\" data-vc-tabs data-vc-container=\".vc_tta\"><\/a><\/li><li class=\"vc_pagination-item\" data-vc-tab><a href=\"#1643108486952-59dacc76-10b2\" class=\"vc_pagination-trigger\" data-vc-tabs data-vc-container=\".vc_tta\"><\/a><\/li><li class=\"vc_pagination-item\" data-vc-tab><a href=\"#1696331065358-8671a2c5-86a6\" class=\"vc_pagination-trigger\" data-vc-tabs data-vc-container=\".vc_tta\"><\/a><\/li><\/ul><\/div><\/div><\/div><\/div><\/div><\/div><\/div><!-- Row Backgrounds --><div class=\"upb_color\" data-bg-override=\"ex-full\" data-bg-color=\"#f6f6f6\" data-fadeout=\"\" data-fadeout-percentage=\"30\" data-parallax-content=\"\" data-parallax-content-sense=\"30\" data-row-effect-mobile-disable=\"true\" data-img-parallax-mobile-disable=\"true\" data-rtl=\"false\"  data-custom-vc-row=\"\"  data-vc=\"6.6.0.1\"  data-is_old_vc=\"\"  data-theme-support=\"\"   data-overlay=\"false\" data-overlay-color=\"\" data-overlay-pattern=\"\" data-overlay-pattern-opacity=\"\" data-overlay-pattern-size=\"\"    ><\/div>","protected":false},"excerpt":{"rendered":"<p>AiolosAir AuraDescriptionFeaturesApplication AreasTechnical DataApplicationDocumentationDescription Horizontal Type %100 Fresh Air Heat Recovery Ventilation Unit dedicated for school class room ventilation. Unit casing is air tight, outer surface powder coated single skin, aluminium folio covered 25 mm A1 fire resistant Rockwool (EN 14303) insulated for lowest heat transfer and sound absorption. 1,5 mm steel inner frame sustain&hellip;<\/p>","protected":false},"author":1,"featured_media":0,"parent":0,"menu_order":20,"comment_status":"closed","ping_status":"closed","template":"","meta":{"footnotes":""},"class_list":["post-15675","page","type-page","status-publish","hentry","description-off"],"aioseo_notices":[],"_links":{"self":[{"href":"https:\/\/aiolosair.com\/tr\/wp-json\/wp\/v2\/pages\/15675","targetHints":{"allow":["GET"]}}],"collection":[{"href":"https:\/\/aiolosair.com\/tr\/wp-json\/wp\/v2\/pages"}],"about":[{"href":"https:\/\/aiolosair.com\/tr\/wp-json\/wp\/v2\/types\/page"}],"author":[{"embeddable":true,"href":"https:\/\/aiolosair.com\/tr\/wp-json\/wp\/v2\/users\/1"}],"replies":[{"embeddable":true,"href":"https:\/\/aiolosair.com\/tr\/wp-json\/wp\/v2\/comments?post=15675"}],"version-history":[{"count":8,"href":"https:\/\/aiolosair.com\/tr\/wp-json\/wp\/v2\/pages\/15675\/revisions"}],"predecessor-version":[{"id":16327,"href":"https:\/\/aiolosair.com\/tr\/wp-json\/wp\/v2\/pages\/15675\/revisions\/16327"}],"wp:attachment":[{"href":"https:\/\/aiolosair.com\/tr\/wp-json\/wp\/v2\/media?parent=15675"}],"curies":[{"name":"wp","href":"https:\/\/api.w.org\/{rel}","templated":true}]}}