{"id":15678,"date":"2022-01-12T16:34:44","date_gmt":"2022-01-12T16:34:44","guid":{"rendered":"http:\/\/aiolosair.com\/?page_id=15678"},"modified":"2023-10-30T10:49:34","modified_gmt":"2023-10-30T10:49:34","slug":"hepa-booster","status":"publish","type":"page","link":"https:\/\/aiolosair.com\/tr\/hepa-booster\/","title":{"rendered":"HepaBooster"},"content":{"rendered":"<div class=\"vc_row wpb_row vc_row-fluid vc_custom_1490183704313 vc_row-o-equal-height vc_row-flex\"><div class=\"wpb_column vc_column_container vc_col-sm-12\"><div class=\"vc_column-inner vc_custom_1490183961234\"><div class=\"wpb_wrapper\">\n\t<div  class=\"wpb_single_image wpb_content_element vc_align_center\">\n\t\t\n\t\t<figure class=\"wpb_wrapper vc_figure\">\n\t\t\t<div class=\"vc_single_image-wrapper vc_box_rounded  vc_box_border_grey\"><img loading=\"lazy\" decoding=\"async\" width=\"468\" height=\"500\" src=\"https:\/\/aiolosair.com\/wp-content\/uploads\/2022\/01\/HepaBooster-Site.png\" class=\"vc_single_image-img attachment-large\" alt=\"\" srcset=\"https:\/\/aiolosair.com\/wp-content\/uploads\/2022\/01\/HepaBooster-Site.png 468w, https:\/\/aiolosair.com\/wp-content\/uploads\/2022\/01\/HepaBooster-Site-281x300.png 281w\" sizes=\"auto, (max-width: 468px) 100vw, 468px\"  data-dt-location=\"https:\/\/aiolosair.com\/tr\/hepa-booster\/hepabooster-site\/\" \/><\/div>\n\t\t<\/figure>\n\t<\/div>\n<div class=\"vc_tta-container\" data-vc-action=\"collapse\"><h2>HepaBooster<\/h2><div class=\"vc_general vc_tta vc_tta-tabs vc_tta-color-blue vc_tta-style-modern vc_tta-shape-rounded vc_tta-spacing-1 vc_tta-gap-15 vc_tta-has-pagination vc_tta-tabs-position-top vc_tta-controls-align-center\"><div class=\"vc_tta-tabs-container\"><ul class=\"vc_tta-tabs-list\"><li class=\"vc_tta-tab vc_active\" data-vc-tab><a href=\"#1641918213908-2cd727fb-e11f\" data-vc-tabs data-vc-container=\".vc_tta\"><span class=\"vc_tta-title-text\">A\u00e7\u0131klama<\/span><\/a><\/li><li class=\"vc_tta-tab\" data-vc-tab><a href=\"#1641918213908-9c6caeb3-d4c8\" data-vc-tabs data-vc-container=\".vc_tta\"><span class=\"vc_tta-title-text\">\u00d6zellikler<\/span><\/a><\/li><li class=\"vc_tta-tab\" data-vc-tab><a href=\"#1642000567830-338054c7-4a12\" data-vc-tabs data-vc-container=\".vc_tta\"><span class=\"vc_tta-title-text\">Uygulama Alanlar\u0131<\/span><\/a><\/li><li class=\"vc_tta-tab\" data-vc-tab><a href=\"#1642000611142-3233c69b-1216\" data-vc-tabs data-vc-container=\".vc_tta\"><span class=\"vc_tta-title-text\">Teknik Veri<\/span><\/a><\/li><li class=\"vc_tta-tab\" data-vc-tab><a href=\"#1696330870104-4abaea09-a4f0\" data-vc-tabs data-vc-container=\".vc_tta\"><span class=\"vc_tta-title-text\">Dok\u00fcmantasyon<\/span><\/a><\/li><\/ul><\/div><div class=\"vc_tta-panels-container\"><div class=\"vc_tta-panels\"><div class=\"vc_tta-panel vc_active\" id=\"1641918213908-2cd727fb-e11f\" data-vc-content=\".vc_tta-panel-body\"><div class=\"vc_tta-panel-heading\"><h4 class=\"vc_tta-panel-title\"><a href=\"#1641918213908-2cd727fb-e11f\" data-vc-accordion data-vc-container=\".vc_tta-container\"><span class=\"vc_tta-title-text\">A\u00e7\u0131klama<\/span><\/a><\/h4><\/div><div class=\"vc_tta-panel-body\">\n\t<div class=\"wpb_text_column wpb_content_element\" >\n\t\t<div class=\"wpb_wrapper\">\n\t\t\t<p>COVID-19 pandemisinin t\u00fcm d\u00fcnyadaki al\u0131\u015fveri\u015f merkezleri, restoranlar, ofisler, otel odalar\u0131 gibi t\u00fcm kamu alanlar\u0131ndaki etkisine ba\u011fl\u0131 olarak, ilk yard\u0131m filtre \u00fcnitesi geli\u015ftirdik.<br \/>\nArt\u0131k, normalde ameliyathanelerde veya temiz odalarda kullan\u0131lan son derece etkili ince toz filtresi ile \u00e7al\u0131\u015fan merkezi olmayan fan coil \u00fcnitenizi veya split sistemini, geri d\u00f6n\u00fc\u015f fonksiyonu ile y\u00fckseltebilirsiniz. S\u00fcrekli olarak geri d\u00f6n\u00fc\u015ft\u00fcr\u00fclen oda havas\u0131, ek olarak bir HEPA 13 filtresinden ge\u00e7irilir. En ince aerosoller i\u00e7in ayr\u0131lma derecesi ,95'in \u00fczerindedir.<br \/>\nVir\u00fcsler genellikle aerosollere yap\u0131\u015f\u0131r ve bu sayede oda havas\u0131ndan etkili bir \u015fekilde \"yakalanabilir\". Filtre, gerekliliklere ve kirlenmeye g\u00f6re nitelikli personel taraf\u0131ndan t\u0131bbi at\u0131k olarak imha edilir.<\/p>\n<p>&nbsp;<\/p>\n<hr \/>\n<h2><\/h2>\n<p>&nbsp;<\/p>\n<h3 style=\"text-align: center;\"><strong><span style=\"color: #27397c; font-family: Arial, sans-serif;\">Teknik ve \u0130dari Zorluklar\u00a0<\/span><\/strong><\/h3>\n<ul>\n<li>Kanal tipi fan coil \u00fcnitesi (FCU), VRF ve Is\u0131 Pompas\u0131 i\u00e7 \u00fcniteleri, Hepa Filtre taraf\u0131ndan neden olan bas\u0131n\u00e7 kayb\u0131n\u0131 kar\u015f\u0131lamak i\u00e7in yeterince g\u00fc\u00e7l\u00fc de\u011fildir.<\/li>\n<li>Hepa Filtre uygulamas\u0131nda daha geni\u015f b\u00f6l\u00fcmler gereklidir. Cihaz\u0131n yerle\u015ftirilmesi m\u00fcmk\u00fcn de\u011fildir. Ayr\u0131 bir \u00fcnite gereklidir.<\/li>\n<li>Hepa Filtre bas\u0131nc\u0131n\u0131 a\u015fmak i\u00e7in sisteme seri olarak ba\u011flanm\u0131\u015f ayr\u0131 bir fan ba\u011flanmal\u0131d\u0131r.<\/li>\n<li>Seri ba\u011fl\u0131 fan\u0131n bas\u0131nc\u0131 ve i\u00e7 \u00fcnite fan\u0131n\u0131n birbirleriyle etkile\u015fimde olmas\u0131 gerekmektedir.<\/li>\n<li>\u0130\u00e7 \u00fcnite ve Hepa Filtre \u00dcnitesinin ba\u011fl\u0131 ve sorunsuz \u00e7al\u0131\u015fmas\u0131 i\u00e7in otomatik bir kontrol senaryosu olu\u015fturulmal\u0131d\u0131r.<\/li>\n<li>Duct uyumu gereklidir.<\/li>\n<li>Kurulu sistemin filtre kirlili\u011fini g\u00f6rsel olarak izlemek \u00f6nemlidir.<\/li>\n<li>Al\u0131\u015fveri\u015f merkezlerine giren m\u00fc\u015fteriler sisteme g\u00fcvenmelidir.<\/li>\n<li>Hepa filtre sisteminin gerekli filtrasyonu do\u011fru bir \u015fekilde ger\u00e7ekle\u015ftirdi\u011fi ba\u011f\u0131ms\u0131z akredite kurulu\u015flar taraf\u0131ndan d\u00fczenli aral\u0131klarla yap\u0131lmal\u0131d\u0131r.<\/li>\n<li>Bu sistem al\u0131\u015fveri\u015f merkezindeki y\u00fczlerce i\u00e7 \u00fcniteye uygulan\u0131yorsa, \u00e7ok iyi koordinasyon ve yetkin ekiplere ihtiya\u00e7 duyulacakt\u0131r.<\/li>\n<li>If this system is applied to hundreds of indoor units in shopping malls, very good coordination and competent teams will be needed.<\/li>\n<\/ul>\n<p>&nbsp;<\/p>\n<hr \/>\n<h3><\/h3>\n<p>&nbsp;<\/p>\n<h3 style=\"text-align: center;\"><strong><span style=\"color: #27397c; font-family: Arial, sans-serif;\">HepaBooster Hava Ar\u0131tma Havaland\u0131rma Sisteminin Basit Prensibi<\/span><\/strong><\/h3>\n<p>Art\u0131k merkezi olmayan fan coil \u00fcnitenizi veya geri d\u00f6n\u00fc\u015f fonksiyonuyla \u00e7al\u0131\u015fan split sistemizi, genellikle ameliyathanelerde veya temiz odalarda kullan\u0131lan son derece etkili ince toz filtresi ile y\u00fckseltebilirsiniz. S\u00fcrekli olarak geri d\u00f6n\u00fc\u015ft\u00fcr\u00fclen oda havas\u0131, ek olarak bir ePM 1.0 filtresinden ge\u00e7irilir. En ince aerosoller i\u00e7in ayr\u0131lma derecesi ,95'in \u00fczerindedir.<\/p>\n<p>AiolosAir\u00ae HepaBooster, y\u00fcksek verimli Filtre teknolojisine sahip kompakt bir havaland\u0131rma sistemidir ve ASHRAE tavsiyelerine yak\u0131n bir \u015fekilde takip eder.<\/p>\n<p>Yetkili personelle tam montaj fabrikas\u0131na ba\u011fl\u0131 olarak kolayca monte edilebilir.<\/p>\n\n\t\t<\/div>\n\t<\/div>\n<\/div><\/div><div class=\"vc_tta-panel\" id=\"1641918213908-9c6caeb3-d4c8\" data-vc-content=\".vc_tta-panel-body\"><div class=\"vc_tta-panel-heading\"><h4 class=\"vc_tta-panel-title\"><a href=\"#1641918213908-9c6caeb3-d4c8\" data-vc-accordion data-vc-container=\".vc_tta-container\"><span class=\"vc_tta-title-text\">\u00d6zellikler<\/span><\/a><\/h4><\/div><div class=\"vc_tta-panel-body\">\n\t<div class=\"wpb_text_column wpb_content_element  vc_custom_1642005020453\" >\n\t\t<div class=\"wpb_wrapper\">\n\t\t\t<h3><strong><span style=\"color: #27397c; font-family: Arial, sans-serif;\">Filtre Prensibi<\/span><\/strong><\/h3>\n<p>COVID-19 pandemisinin t\u00fcm d\u00fcnyadaki al\u0131\u015fveri\u015f merkezleri, restoranlar, ofisler, otel odalar\u0131 gibi t\u00fcm kamu alanlar\u0131ndaki etkisine ba\u011fl\u0131 olarak, ilk yard\u0131m filtre \u00fcnitesi geli\u015ftirdik.<\/p>\n<p>AiolosAir HepaBooster konsepti \u00f6zellikle \"ASHRAE Pozisyon Belgesi'nden Bula\u015f\u0131c\u0131 Aerosoller\" tavsiyesine ba\u011fl\u0131 olarak geli\u015ftirilmi\u015ftir. Tavsiyenin bir b\u00f6l\u00fcm\u00fc \u015f\u00f6yle diyor:<\/p>\n<p>Sa\u011fl\u0131k d\u0131\u015f\u0131 binalarda acil durum m\u00fcdahalesi i\u00e7in bir plan olmal\u0131d\u0131r. Bina HVAC sisteminin i\u015fletmesinde a\u015fa\u011f\u0131daki de\u011fi\u015fiklikler g\u00f6z \u00f6n\u00fcnde bulundurulmal\u0131d\u0131r:<\/p>\n<ul>\n<li>D\u0131\u015f hava havaland\u0131rmas\u0131n\u0131 art\u0131r\u0131n (talebe ba\u011fl\u0131 MERV kontroll\u00fc havaland\u0131rmay\u0131 devre d\u0131\u015f\u0131 b\u0131rak\u0131n ve i\u00e7 ve d\u0131\u015f ko\u015fullar izin verdi\u011finde a\u00e7\u0131k hava vantilat\u00f6rlerini 0'e \u00e7\u0131kar\u0131n).<\/li>\n<li>Merkezi hava ve di\u011fer HVAC filtresini -13'e y\u00fckseltin<br \/>\n(ASHRAE 2017b) veya ula\u015f\u0131labilir en y\u00fcksek seviyeye \u00e7\u0131kar\u0131n.<\/li>\n<li>Ta\u015f\u0131nabilir oda hava temizleyicileri ekleyin, HEPA veya y\u00fcksek MERV filtrelerle, temiz hava teslim h\u0131z\u0131 (AHAM 2015) dikkate al\u0131narak.<\/li>\n<\/ul>\n<p>&nbsp;<\/p>\n<hr \/>\n<p>&nbsp;<\/p>\n<h3><strong><span style=\"color: #27397c; font-family: Arial, sans-serif;\">Bir Bak\u0131\u015fta HepaBooster\u2019\u0131n Avantajlar\u0131<\/span><\/strong><\/h3>\n<ul>\n<li>Temiz Oda Filtre kalitesi<\/li>\n<li>,95'e kadar Filtre verimlili\u011fi, aerosoller \u22650,3\u00b5m<\/li>\n<li>Fabrikada Plug&amp;Play montaj\u0131<\/li>\n<li>D\u00fc\u015f\u00fck sat\u0131n alma ve montaj maliyeti<\/li>\n<li>Kolay filtre bak\u0131m\u0131 (yaln\u0131zca yetkili personel taraf\u0131ndan)<\/li>\n<li>Filtre test probu ve g\u00f6rsel filtre alarm\u0131<\/li>\n<\/ul>\n\n\t\t<\/div>\n\t<\/div>\n<\/div><\/div><div class=\"vc_tta-panel\" id=\"1642000567830-338054c7-4a12\" data-vc-content=\".vc_tta-panel-body\"><div class=\"vc_tta-panel-heading\"><h4 class=\"vc_tta-panel-title\"><a href=\"#1642000567830-338054c7-4a12\" data-vc-accordion data-vc-container=\".vc_tta-container\"><span class=\"vc_tta-title-text\">Uygulama Alanlar\u0131<\/span><\/a><\/h4><\/div><div class=\"vc_tta-panel-body\"><div class=\"wpb_layerslider_element wpb_content_element\"><script type=\"text\/javascript\">jQuery(function() { _initLayerSlider( '#layerslider_10_19jwudzbenlok', {createdWith: '6.11.8', sliderVersion: '6.11.8', skin: 'v6', skinsPath: 'https:\/\/aiolosair.com\/wp-content\/plugins\/LayerSlider\/assets\/static\/layerslider\/skins\/'}); });<\/script><div id=\"layerslider_10_19jwudzbenlok\" class=\"ls-wp-container fitvidsignore\" style=\"width:1280px;height:720px;margin:0 auto;margin-bottom: 0px;\"><div class=\"ls-slide\" data-ls=\"duration:1500;kenburnsscale:1.2;\"><img loading=\"lazy\" decoding=\"async\" width=\"1280\" height=\"720\" src=\"https:\/\/aiolosair.com\/wp-content\/uploads\/layerslider\/HepaBooster-Areas\/Restaurantsss.jpg\" class=\"ls-bg\" alt=\"\" srcset=\"https:\/\/aiolosair.com\/wp-content\/uploads\/layerslider\/HepaBooster-Areas\/Restaurantsss.jpg 1280w, https:\/\/aiolosair.com\/wp-content\/uploads\/layerslider\/HepaBooster-Areas\/Restaurantsss-300x169.jpg 300w, https:\/\/aiolosair.com\/wp-content\/uploads\/layerslider\/HepaBooster-Areas\/Restaurantsss-1024x576.jpg 1024w, https:\/\/aiolosair.com\/wp-content\/uploads\/layerslider\/HepaBooster-Areas\/Restaurantsss-768x432.jpg 768w\" sizes=\"auto, (max-width: 1280px) 100vw, 1280px\" \/><\/div><div class=\"ls-slide\" data-ls=\"duration:1500;kenburnsscale:1.2;\"><img loading=\"lazy\" decoding=\"async\" width=\"1280\" height=\"720\" src=\"https:\/\/aiolosair.com\/wp-content\/uploads\/layerslider\/HepaBooster-Areas\/Cafeteriasss.jpg\" class=\"ls-bg\" alt=\"\" srcset=\"https:\/\/aiolosair.com\/wp-content\/uploads\/layerslider\/HepaBooster-Areas\/Cafeteriasss.jpg 1280w, https:\/\/aiolosair.com\/wp-content\/uploads\/layerslider\/HepaBooster-Areas\/Cafeteriasss-300x169.jpg 300w, https:\/\/aiolosair.com\/wp-content\/uploads\/layerslider\/HepaBooster-Areas\/Cafeteriasss-1024x576.jpg 1024w, https:\/\/aiolosair.com\/wp-content\/uploads\/layerslider\/HepaBooster-Areas\/Cafeteriasss-768x432.jpg 768w\" sizes=\"auto, (max-width: 1280px) 100vw, 1280px\" \/><\/div><div class=\"ls-slide\" data-ls=\"duration:1500;kenburnsscale:1.2;\"><img loading=\"lazy\" decoding=\"async\" width=\"1280\" height=\"720\" src=\"https:\/\/aiolosair.com\/wp-content\/uploads\/layerslider\/HepaBooster-Areas\/Officesss.jpg\" class=\"ls-bg\" alt=\"\" srcset=\"https:\/\/aiolosair.com\/wp-content\/uploads\/layerslider\/HepaBooster-Areas\/Officesss.jpg 1280w, https:\/\/aiolosair.com\/wp-content\/uploads\/layerslider\/HepaBooster-Areas\/Officesss-300x169.jpg 300w, https:\/\/aiolosair.com\/wp-content\/uploads\/layerslider\/HepaBooster-Areas\/Officesss-1024x576.jpg 1024w, https:\/\/aiolosair.com\/wp-content\/uploads\/layerslider\/HepaBooster-Areas\/Officesss-768x432.jpg 768w\" sizes=\"auto, (max-width: 1280px) 100vw, 1280px\" \/><\/div><div class=\"ls-slide\" data-ls=\"duration:1500;kenburnsscale:1.2;\"><img loading=\"lazy\" decoding=\"async\" width=\"1280\" height=\"720\" src=\"https:\/\/aiolosair.com\/wp-content\/uploads\/layerslider\/HepaBooster-Areas\/Schools2.jpg\" class=\"ls-bg\" alt=\"\" srcset=\"https:\/\/aiolosair.com\/wp-content\/uploads\/layerslider\/HepaBooster-Areas\/Schools2.jpg 1280w, https:\/\/aiolosair.com\/wp-content\/uploads\/layerslider\/HepaBooster-Areas\/Schools2-300x169.jpg 300w, https:\/\/aiolosair.com\/wp-content\/uploads\/layerslider\/HepaBooster-Areas\/Schools2-1024x576.jpg 1024w, https:\/\/aiolosair.com\/wp-content\/uploads\/layerslider\/HepaBooster-Areas\/Schools2-768x432.jpg 768w\" sizes=\"auto, (max-width: 1280px) 100vw, 1280px\" \/><\/div><div class=\"ls-slide\" data-ls=\"duration:1500;kenburnsscale:1.2;\"><img loading=\"lazy\" decoding=\"async\" width=\"1280\" height=\"720\" src=\"https:\/\/aiolosair.com\/wp-content\/uploads\/layerslider\/HepaBooster-Areas\/Shopping-Malls.jpg\" class=\"ls-bg\" alt=\"\" srcset=\"https:\/\/aiolosair.com\/wp-content\/uploads\/layerslider\/HepaBooster-Areas\/Shopping-Malls.jpg 1280w, https:\/\/aiolosair.com\/wp-content\/uploads\/layerslider\/HepaBooster-Areas\/Shopping-Malls-300x169.jpg 300w, https:\/\/aiolosair.com\/wp-content\/uploads\/layerslider\/HepaBooster-Areas\/Shopping-Malls-1024x576.jpg 1024w, https:\/\/aiolosair.com\/wp-content\/uploads\/layerslider\/HepaBooster-Areas\/Shopping-Malls-768x432.jpg 768w\" sizes=\"auto, (max-width: 1280px) 100vw, 1280px\" \/><\/div><\/div><\/div><\/div><\/div><div class=\"vc_tta-panel\" id=\"1642000611142-3233c69b-1216\" data-vc-content=\".vc_tta-panel-body\"><div class=\"vc_tta-panel-heading\"><h4 class=\"vc_tta-panel-title\"><a href=\"#1642000611142-3233c69b-1216\" data-vc-accordion data-vc-container=\".vc_tta-container\"><span class=\"vc_tta-title-text\">Teknik Veri<\/span><\/a><\/h4><\/div><div class=\"vc_tta-panel-body\"><div class=\"vc_row wpb_row vc_inner vc_row-fluid\"><div class=\"wpb_column vc_column_container vc_col-sm-6\"><div class=\"vc_column-inner\"><div class=\"wpb_wrapper\">\n\t<div  class=\"wpb_single_image wpb_content_element vc_align_center\">\n\t\t\n\t\t<figure class=\"wpb_wrapper vc_figure\">\n\t\t\t<div class=\"vc_single_image-wrapper   vc_box_border_grey\"><img loading=\"lazy\" decoding=\"async\" width=\"1240\" height=\"1378\" src=\"https:\/\/aiolosair.com\/wp-content\/uploads\/2022\/02\/Technical-Data-BT-450-min.jpg\" class=\"vc_single_image-img attachment-full\" alt=\"\" srcset=\"https:\/\/aiolosair.com\/wp-content\/uploads\/2022\/02\/Technical-Data-BT-450-min.jpg 1240w, https:\/\/aiolosair.com\/wp-content\/uploads\/2022\/02\/Technical-Data-BT-450-min-270x300.jpg 270w, https:\/\/aiolosair.com\/wp-content\/uploads\/2022\/02\/Technical-Data-BT-450-min-921x1024.jpg 921w, https:\/\/aiolosair.com\/wp-content\/uploads\/2022\/02\/Technical-Data-BT-450-min-768x853.jpg 768w\" sizes=\"auto, (max-width: 1240px) 100vw, 1240px\"  data-dt-location=\"https:\/\/aiolosair.com\/tr\/hepa-booster\/technical-data-bt-450-min\/\" \/><\/div>\n\t\t<\/figure>\n\t<\/div>\n<\/div><\/div><\/div><div class=\"wpb_column vc_column_container vc_col-sm-6\"><div class=\"vc_column-inner\"><div class=\"wpb_wrapper\">\n\t<div  class=\"wpb_single_image wpb_content_element vc_align_center\">\n\t\t\n\t\t<figure class=\"wpb_wrapper vc_figure\">\n\t\t\t<div class=\"vc_single_image-wrapper   vc_box_border_grey\"><img loading=\"lazy\" decoding=\"async\" width=\"1184\" height=\"1348\" src=\"https:\/\/aiolosair.com\/wp-content\/uploads\/2022\/02\/Technical-Data-BT-900-min.jpg\" class=\"vc_single_image-img attachment-full\" alt=\"\" srcset=\"https:\/\/aiolosair.com\/wp-content\/uploads\/2022\/02\/Technical-Data-BT-900-min.jpg 1184w, https:\/\/aiolosair.com\/wp-content\/uploads\/2022\/02\/Technical-Data-BT-900-min-264x300.jpg 264w, https:\/\/aiolosair.com\/wp-content\/uploads\/2022\/02\/Technical-Data-BT-900-min-899x1024.jpg 899w, https:\/\/aiolosair.com\/wp-content\/uploads\/2022\/02\/Technical-Data-BT-900-min-768x874.jpg 768w\" sizes=\"auto, (max-width: 1184px) 100vw, 1184px\"  data-dt-location=\"https:\/\/aiolosair.com\/tr\/hepa-booster\/technical-data-bt-900-min\/\" \/><\/div>\n\t\t<\/figure>\n\t<\/div>\n<\/div><\/div><\/div><\/div><div class=\"vc_row wpb_row vc_inner vc_row-fluid\"><div class=\"wpb_column vc_column_container vc_col-sm-6\"><div class=\"vc_column-inner\"><div class=\"wpb_wrapper\">\n\t<div  class=\"wpb_single_image wpb_content_element vc_align_center\">\n\t\t\n\t\t<figure class=\"wpb_wrapper vc_figure\">\n\t\t\t<div class=\"vc_single_image-wrapper   vc_box_border_grey\"><img loading=\"lazy\" decoding=\"async\" width=\"1200\" height=\"1316\" src=\"https:\/\/aiolosair.com\/wp-content\/uploads\/2022\/02\/Technical-Data-BT-1000-min.jpg\" class=\"vc_single_image-img attachment-full\" alt=\"\" srcset=\"https:\/\/aiolosair.com\/wp-content\/uploads\/2022\/02\/Technical-Data-BT-1000-min.jpg 1200w, https:\/\/aiolosair.com\/wp-content\/uploads\/2022\/02\/Technical-Data-BT-1000-min-274x300.jpg 274w, https:\/\/aiolosair.com\/wp-content\/uploads\/2022\/02\/Technical-Data-BT-1000-min-934x1024.jpg 934w, https:\/\/aiolosair.com\/wp-content\/uploads\/2022\/02\/Technical-Data-BT-1000-min-768x842.jpg 768w\" sizes=\"auto, (max-width: 1200px) 100vw, 1200px\"  data-dt-location=\"https:\/\/aiolosair.com\/tr\/hepa-booster\/technical-data-bt-1000-min\/\" \/><\/div>\n\t\t<\/figure>\n\t<\/div>\n<\/div><\/div><\/div><div class=\"wpb_column vc_column_container vc_col-sm-6\"><div class=\"vc_column-inner\"><div class=\"wpb_wrapper\">\n\t<div  class=\"wpb_single_image wpb_content_element vc_align_center\">\n\t\t\n\t\t<figure class=\"wpb_wrapper vc_figure\">\n\t\t\t<div class=\"vc_single_image-wrapper   vc_box_border_grey\"><img loading=\"lazy\" decoding=\"async\" width=\"1195\" height=\"1316\" src=\"https:\/\/aiolosair.com\/wp-content\/uploads\/2022\/02\/Technical-Data-BT-2000-min.jpg\" class=\"vc_single_image-img attachment-full\" alt=\"\" srcset=\"https:\/\/aiolosair.com\/wp-content\/uploads\/2022\/02\/Technical-Data-BT-2000-min.jpg 1195w, https:\/\/aiolosair.com\/wp-content\/uploads\/2022\/02\/Technical-Data-BT-2000-min-272x300.jpg 272w, https:\/\/aiolosair.com\/wp-content\/uploads\/2022\/02\/Technical-Data-BT-2000-min-930x1024.jpg 930w, https:\/\/aiolosair.com\/wp-content\/uploads\/2022\/02\/Technical-Data-BT-2000-min-768x846.jpg 768w\" sizes=\"auto, (max-width: 1195px) 100vw, 1195px\"  data-dt-location=\"https:\/\/aiolosair.com\/tr\/hepa-booster\/technical-data-bt-2000-min\/\" \/><\/div>\n\t\t<\/figure>\n\t<\/div>\n<\/div><\/div><\/div><\/div><div class=\"vc_row wpb_row vc_inner vc_row-fluid\"><div class=\"wpb_column vc_column_container vc_col-sm-6\"><div class=\"vc_column-inner\"><div class=\"wpb_wrapper\">\n\t<div  class=\"wpb_single_image wpb_content_element vc_align_center\">\n\t\t\n\t\t<figure class=\"wpb_wrapper vc_figure\">\n\t\t\t<div class=\"vc_single_image-wrapper   vc_box_border_grey\"><img loading=\"lazy\" decoding=\"async\" width=\"946\" height=\"1024\" src=\"https:\/\/aiolosair.com\/wp-content\/uploads\/2022\/02\/Technical-Data-BT-3000-min-946x1024.jpg\" class=\"vc_single_image-img attachment-large\" alt=\"\" srcset=\"https:\/\/aiolosair.com\/wp-content\/uploads\/2022\/02\/Technical-Data-BT-3000-min-946x1024.jpg 946w, https:\/\/aiolosair.com\/wp-content\/uploads\/2022\/02\/Technical-Data-BT-3000-min-277x300.jpg 277w, https:\/\/aiolosair.com\/wp-content\/uploads\/2022\/02\/Technical-Data-BT-3000-min-768x832.jpg 768w, https:\/\/aiolosair.com\/wp-content\/uploads\/2022\/02\/Technical-Data-BT-3000-min.jpg 1220w\" sizes=\"auto, (max-width: 946px) 100vw, 946px\"  data-dt-location=\"https:\/\/aiolosair.com\/tr\/hepa-booster\/technical-data-bt-3000-min\/\" \/><\/div>\n\t\t<\/figure>\n\t<\/div>\n<\/div><\/div><\/div><div class=\"wpb_column vc_column_container vc_col-sm-6\"><div class=\"vc_column-inner\"><div class=\"wpb_wrapper\"><\/div><\/div><\/div><\/div><\/div><\/div><div class=\"vc_tta-panel\" id=\"1696330870104-4abaea09-a4f0\" data-vc-content=\".vc_tta-panel-body\"><div class=\"vc_tta-panel-heading\"><h4 class=\"vc_tta-panel-title\"><a href=\"#1696330870104-4abaea09-a4f0\" data-vc-accordion data-vc-container=\".vc_tta-container\"><span class=\"vc_tta-title-text\">Dok\u00fcmantasyon<\/span><\/a><\/h4><\/div><div class=\"vc_tta-panel-body\">\n\t<div class=\"wpb_text_column wpb_content_element\" >\n\t\t<div class=\"wpb_wrapper\">\n\t\t\t<a href=\"https:\/\/aiolosair.com\/wp-content\/uploads\/2023\/10\/HEPABOOSTER_EN.pdf\" class=\"pdfemb-viewer\" style=\"\" data-width=\"max\" data-height=\"max\"  data-toolbar=\"bottom\" data-toolbar-fixed=\"off\">HEPABOOSTER_EN<br\/><\/a>\n\n\t\t<\/div>\n\t<\/div>\n\n\t<div class=\"wpb_text_column wpb_content_element\" >\n\t\t<div class=\"wpb_wrapper\">\n\t\t\t<p><a href=\"https:\/\/aiolosair.com\/tr\/hybricool-flat\/download\/\" rel=\"attachment wp-att-16061\"><img loading=\"lazy\" decoding=\"async\" class=\"alignleft size-thumbnail wp-image-16061\" src=\"https:\/\/aiolosair.com\/wp-content\/uploads\/2023\/09\/download-150x150.png\" alt=\"\" width=\"150\" height=\"150\" srcset=\"https:\/\/aiolosair.com\/wp-content\/uploads\/2023\/09\/download-150x150.png 150w, https:\/\/aiolosair.com\/wp-content\/uploads\/2023\/09\/download-300x300.png 300w, https:\/\/aiolosair.com\/wp-content\/uploads\/2023\/09\/download-1024x1024.png 1024w, https:\/\/aiolosair.com\/wp-content\/uploads\/2023\/09\/download-768x768.png 768w, https:\/\/aiolosair.com\/wp-content\/uploads\/2023\/09\/download-1536x1536.png 1536w, https:\/\/aiolosair.com\/wp-content\/uploads\/2023\/09\/download-2048x2048.png 2048w\" sizes=\"auto, (max-width: 150px) 100vw, 150px\" \/><\/a><\/p>\n<p>&nbsp;<\/p>\n<ul>\n<li><a href=\"https:\/\/aiolosair.com\/wp-content\/uploads\/2023\/10\/HEPABOOSTER_TR.pdf\" target=\"_blank\" rel=\"noopener\">\u00dcr\u00fcn Katalo\u011fu_TR<\/a><\/li>\n<li style=\"text-align: left;\"><a href=\"https:\/\/aiolosair.com\/wp-content\/uploads\/2023\/10\/HEPABOOSTER_EN.pdf\" target=\"_blank\" rel=\"noopener\">Product Catalogue_EN<\/a><\/li>\n<li><a href=\"https:\/\/aiolosair.com\/wp-content\/uploads\/2023\/10\/User-Manual-HepaBooster_EN_02_2021_MEA.pdf\" target=\"_blank\" rel=\"noopener\">Installation and User Manual<\/a><\/li>\n<li><a href=\"https:\/\/aiolosair.com\/wp-content\/uploads\/2023\/10\/HapaBooster-Montaj-ve-Bakim-Klavuzu_TR_web.pdf\" target=\"_blank\" rel=\"noopener\">Montaj ve Bak\u0131m K\u0131lavuzu<\/a><\/li>\n<\/ul>\n\n\t\t<\/div>\n\t<\/div>\n<\/div><\/div><\/div><ul class=\"vc_general vc_pagination vc_pagination-style-outline vc_pagination-shape-square vc_pagination-color-grey\"><li class=\"vc_pagination-item vc_active\" data-vc-tab><a href=\"#1641918213908-2cd727fb-e11f\" class=\"vc_pagination-trigger\" data-vc-tabs data-vc-container=\".vc_tta\"><\/a><\/li><li class=\"vc_pagination-item\" data-vc-tab><a href=\"#1641918213908-9c6caeb3-d4c8\" class=\"vc_pagination-trigger\" data-vc-tabs data-vc-container=\".vc_tta\"><\/a><\/li><li class=\"vc_pagination-item\" data-vc-tab><a href=\"#1642000567830-338054c7-4a12\" class=\"vc_pagination-trigger\" data-vc-tabs data-vc-container=\".vc_tta\"><\/a><\/li><li class=\"vc_pagination-item\" data-vc-tab><a href=\"#1642000611142-3233c69b-1216\" class=\"vc_pagination-trigger\" data-vc-tabs data-vc-container=\".vc_tta\"><\/a><\/li><li class=\"vc_pagination-item\" data-vc-tab><a href=\"#1696330870104-4abaea09-a4f0\" class=\"vc_pagination-trigger\" data-vc-tabs data-vc-container=\".vc_tta\"><\/a><\/li><\/ul><\/div><\/div><\/div><\/div><\/div><\/div><\/div><!-- Row Backgrounds --><div class=\"upb_color\" data-bg-override=\"ex-full\" data-bg-color=\"#f6f6f6\" data-fadeout=\"\" data-fadeout-percentage=\"30\" data-parallax-content=\"\" data-parallax-content-sense=\"30\" data-row-effect-mobile-disable=\"true\" data-img-parallax-mobile-disable=\"true\" data-rtl=\"false\"  data-custom-vc-row=\"\"  data-vc=\"6.6.0.1\"  data-is_old_vc=\"\"  data-theme-support=\"\"   data-overlay=\"false\" data-overlay-color=\"\" data-overlay-pattern=\"\" data-overlay-pattern-opacity=\"\" data-overlay-pattern-size=\"\"    ><\/div>","protected":false},"excerpt":{"rendered":"<p>HepaBoosterDescriptionFeaturesApplication AreasTechnical DataDocumentationDescription Depending on the impact of the Covid 19 pandemic in all public spaces, such as shopping malls, restaurants, offices, hotel rooms, etc. anywhere in the world, we have developed a first aid filter unit. Now you are able to upgrade your decentralised fan coil unit or split system, which works in a&hellip;<\/p>","protected":false},"author":1,"featured_media":0,"parent":0,"menu_order":20,"comment_status":"closed","ping_status":"closed","template":"","meta":{"footnotes":""},"class_list":["post-15678","page","type-page","status-publish","hentry","description-off"],"aioseo_notices":[],"_links":{"self":[{"href":"https:\/\/aiolosair.com\/tr\/wp-json\/wp\/v2\/pages\/15678","targetHints":{"allow":["GET"]}}],"collection":[{"href":"https:\/\/aiolosair.com\/tr\/wp-json\/wp\/v2\/pages"}],"about":[{"href":"https:\/\/aiolosair.com\/tr\/wp-json\/wp\/v2\/types\/page"}],"author":[{"embeddable":true,"href":"https:\/\/aiolosair.com\/tr\/wp-json\/wp\/v2\/users\/1"}],"replies":[{"embeddable":true,"href":"https:\/\/aiolosair.com\/tr\/wp-json\/wp\/v2\/comments?post=15678"}],"version-history":[{"count":3,"href":"https:\/\/aiolosair.com\/tr\/wp-json\/wp\/v2\/pages\/15678\/revisions"}],"predecessor-version":[{"id":16315,"href":"https:\/\/aiolosair.com\/tr\/wp-json\/wp\/v2\/pages\/15678\/revisions\/16315"}],"wp:attachment":[{"href":"https:\/\/aiolosair.com\/tr\/wp-json\/wp\/v2\/media?parent=15678"}],"curies":[{"name":"wp","href":"https:\/\/api.w.org\/{rel}","templated":true}]}}