{"id":15792,"date":"2022-01-15T10:24:22","date_gmt":"2022-01-15T10:24:22","guid":{"rendered":"http:\/\/aiolosair.com\/?page_id=15792"},"modified":"2023-10-12T13:59:23","modified_gmt":"2023-10-12T13:59:23","slug":"chillout","status":"publish","type":"page","link":"https:\/\/aiolosair.com\/tr\/chillout\/","title":{"rendered":"ChillOut"},"content":{"rendered":"<div class=\"vc_row wpb_row vc_row-fluid vc_custom_1490183704313 vc_row-o-equal-height vc_row-flex\"><div class=\"wpb_column vc_column_container vc_col-sm-12\"><div class=\"vc_column-inner vc_custom_1490183961234\"><div class=\"wpb_wrapper\">\n\t<div  class=\"wpb_single_image wpb_content_element vc_align_center\">\n\t\t\n\t\t<figure class=\"wpb_wrapper vc_figure\">\n\t\t\t<div class=\"vc_single_image-wrapper vc_box_rounded  vc_box_border_grey\"><img loading=\"lazy\" decoding=\"async\" width=\"468\" height=\"500\" src=\"https:\/\/aiolosair.com\/wp-content\/uploads\/2022\/01\/ChillOut-Site.png\" class=\"vc_single_image-img attachment-large\" alt=\"\" srcset=\"https:\/\/aiolosair.com\/wp-content\/uploads\/2022\/01\/ChillOut-Site.png 468w, https:\/\/aiolosair.com\/wp-content\/uploads\/2022\/01\/ChillOut-Site-281x300.png 281w\" sizes=\"auto, (max-width: 468px) 100vw, 468px\"  data-dt-location=\"https:\/\/aiolosair.com\/tr\/aiolosair-aura\/chillout-site\/\" \/><\/div>\n\t\t<\/figure>\n\t<\/div>\n<div class=\"vc_tta-container\" data-vc-action=\"collapse\"><h2>ChillOut<\/h2><div class=\"vc_general vc_tta vc_tta-tabs vc_tta-color-blue vc_tta-style-modern vc_tta-shape-rounded vc_tta-spacing-1 vc_tta-gap-15 vc_tta-has-pagination vc_tta-tabs-position-top vc_tta-controls-align-center\"><div class=\"vc_tta-tabs-container\"><ul class=\"vc_tta-tabs-list\"><li class=\"vc_tta-tab vc_active\" data-vc-tab><a href=\"#1641918213908-2cd727fb-e11f\" data-vc-tabs data-vc-container=\".vc_tta\"><span class=\"vc_tta-title-text\">A\u00e7\u0131klama<\/span><\/a><\/li><li class=\"vc_tta-tab\" data-vc-tab><a href=\"#1641918213908-9c6caeb3-d4c8\" data-vc-tabs data-vc-container=\".vc_tta\"><span class=\"vc_tta-title-text\">\u00d6zellikler<\/span><\/a><\/li><li class=\"vc_tta-tab\" data-vc-tab><a href=\"#1642000567830-338054c7-4a12\" data-vc-tabs data-vc-container=\".vc_tta\"><span class=\"vc_tta-title-text\">Uygulama Alanlar\u0131<\/span><\/a><\/li><li class=\"vc_tta-tab\" data-vc-tab><a href=\"#1642000611142-3233c69b-1216\" data-vc-tabs data-vc-container=\".vc_tta\"><span class=\"vc_tta-title-text\">Teknik Veri<\/span><\/a><\/li><li class=\"vc_tta-tab\" data-vc-tab><a href=\"#1696330374760-c05c58fc-da20\" data-vc-tabs data-vc-container=\".vc_tta\"><span class=\"vc_tta-title-text\">Dok\u00fcmantasyon<\/span><\/a><\/li><\/ul><\/div><div class=\"vc_tta-panels-container\"><div class=\"vc_tta-panels\"><div class=\"vc_tta-panel vc_active\" id=\"1641918213908-2cd727fb-e11f\" data-vc-content=\".vc_tta-panel-body\"><div class=\"vc_tta-panel-heading\"><h4 class=\"vc_tta-panel-title\"><a href=\"#1641918213908-2cd727fb-e11f\" data-vc-accordion data-vc-container=\".vc_tta-container\"><span class=\"vc_tta-title-text\">A\u00e7\u0131klama<\/span><\/a><\/h4><\/div><div class=\"vc_tta-panel-body\">\n\t<div class=\"wpb_text_column wpb_content_element\" >\n\t\t<div class=\"wpb_wrapper\">\n\t\t\t<h3><strong><span style=\"color: #27397c; font-family: Arial, sans-serif;\">Yaz\u0131n s\u0131cak d\u0131\u015f ortamlar ChillOut ile so\u011futuluyor<\/span><\/strong><\/h3>\n<p>Do\u011fadan ilham alan ve do\u011fayla uyum i\u00e7inde olmay\u0131 hedefleyen AiolosAir, insan odakl\u0131 ve \u00e7evre dostu \u00fcr\u00fcnler geli\u015ftiriyor. AiolosAir, hayat\u0131 kolayla\u015ft\u0131ran m\u00fchendislik \u00e7\u00f6z\u00fcmleri mottosuyla yaz s\u0131ca\u011f\u0131ndan bunalmaya son veren ChillOut Dolayl\u0131 Evaporatif So\u011futma (IEC) Klima \u00dcnitesini geli\u015ftirdi.<\/p>\n<p><img loading=\"lazy\" decoding=\"async\" class=\"wp-image-15989 size-large aligncenter\" src=\"https:\/\/aiolosair.com\/wp-content\/uploads\/2022\/02\/ChillOut-Flat-V-Folow-Diagram-1-1024x500.png\" alt=\"\" width=\"1024\" height=\"500\" srcset=\"https:\/\/aiolosair.com\/wp-content\/uploads\/2022\/02\/ChillOut-Flat-V-Folow-Diagram-1-1024x500.png 1024w, https:\/\/aiolosair.com\/wp-content\/uploads\/2022\/02\/ChillOut-Flat-V-Folow-Diagram-1-300x147.png 300w, https:\/\/aiolosair.com\/wp-content\/uploads\/2022\/02\/ChillOut-Flat-V-Folow-Diagram-1-768x375.png 768w, https:\/\/aiolosair.com\/wp-content\/uploads\/2022\/02\/ChillOut-Flat-V-Folow-Diagram-1.png 1449w\" sizes=\"auto, (max-width: 1024px) 100vw, 1024px\" \/><\/p>\n<h3><strong><span style=\"color: #27397c; font-family: Arial, sans-serif;\">M\u00fc\u015fterilerinize yaz s\u0131ca\u011f\u0131nda d\u0131\u015f mek\u00e2nlarda serin bir ortam sunabilir misiniz?<br \/>\n<\/span><\/strong><\/h3>\n<p>Kafeler ve restoranlar gibi i\u015fletmeler k\u0131\u015f aylar\u0131nda m\u00fc\u015fterilerinin d\u0131\u015f mekanlar\u0131 kullanabilmesi i\u00e7in d\u0131\u015f mekan \u0131s\u0131tma \u00e7\u00f6z\u00fcmleri kullan\u0131r. Ancak, yaz s\u0131caklar\u0131nda m\u00fc\u015fterilerin i\u00e7 mekanlardaki klimal\u0131 alanlar\u0131 tercih etmeleri nedeniyle d\u0131\u015f mekanlar bo\u015f kal\u0131r. Su p\u00fcsk\u00fcrtme sistemleri, hava perdesi sistemleri ve b\u00fcy\u00fck vantilat\u00f6rler gibi \u00e7e\u015fitli sistemler denense de, m\u00fc\u015fterileri memnun eden bir \u00e7\u00f6z\u00fcm sunulamam\u0131\u015ft\u0131r. Bug\u00fcne kadar, ChillOut'a rakip bir \u00e7\u00f6z\u00fcm bulunmamaktad\u0131r.<\/p>\n<p>\u0130\u00e7 mekanda sigara i\u00e7me yasa\u011f\u0131 2009 y\u0131l\u0131nda ba\u015flam\u0131\u015ft\u0131r. Sigara i\u00e7menin zararlar\u0131n\u0131 biliyor ve kimseyi sigara i\u00e7meye te\u015fvik etmiyoruz, ancak sigara i\u00e7enler i\u00e7in rahat bir alan yaratmam\u0131z gerekti\u011fini d\u00fc\u015f\u00fcn\u00fcyoruz. \u0130\u00e7 mekanlarda sigara i\u00e7meyi s\u0131n\u0131rlayan yasalarla birlikte, ChillOut, kafeler, restoranlar, oteller gibi klimaland\u0131r\u0131lmas\u0131 zor a\u00e7\u0131k veya yar\u0131 a\u00e7\u0131k alanlarda konfor sa\u011flayan tek sistemdir.<\/p>\n<p><img loading=\"lazy\" decoding=\"async\" class=\"wp-image-15995 size-full aligncenter\" src=\"https:\/\/aiolosair.com\/wp-content\/uploads\/2022\/02\/ChillOut-Components-min-scaled.jpg\" alt=\"\" width=\"2560\" height=\"1810\" srcset=\"https:\/\/aiolosair.com\/wp-content\/uploads\/2022\/02\/ChillOut-Components-min-scaled.jpg 2560w, https:\/\/aiolosair.com\/wp-content\/uploads\/2022\/02\/ChillOut-Components-min-300x212.jpg 300w, https:\/\/aiolosair.com\/wp-content\/uploads\/2022\/02\/ChillOut-Components-min-1024x724.jpg 1024w, https:\/\/aiolosair.com\/wp-content\/uploads\/2022\/02\/ChillOut-Components-min-768x543.jpg 768w, https:\/\/aiolosair.com\/wp-content\/uploads\/2022\/02\/ChillOut-Components-min-1536x1086.jpg 1536w, https:\/\/aiolosair.com\/wp-content\/uploads\/2022\/02\/ChillOut-Components-min-2048x1448.jpg 2048w\" sizes=\"auto, (max-width: 2560px) 100vw, 2560px\" \/><\/p>\n\n\t\t<\/div>\n\t<\/div>\n<\/div><\/div><div class=\"vc_tta-panel\" id=\"1641918213908-9c6caeb3-d4c8\" data-vc-content=\".vc_tta-panel-body\"><div class=\"vc_tta-panel-heading\"><h4 class=\"vc_tta-panel-title\"><a href=\"#1641918213908-9c6caeb3-d4c8\" data-vc-accordion data-vc-container=\".vc_tta-container\"><span class=\"vc_tta-title-text\">\u00d6zellikler<\/span><\/a><\/h4><\/div><div class=\"vc_tta-panel-body\">\n\t<div class=\"wpb_text_column wpb_content_element  vc_custom_1642241934319\" >\n\t\t<div class=\"wpb_wrapper\">\n\t\t\t<h3><strong><span style=\"color: #27397c; font-family: Arial, sans-serif;\">ChillOut \u00c7al\u0131\u015fma Prensibi<\/span><\/strong><\/h3>\n<p>Yenilik\u00e7i tasar\u0131m ekibimiz sayesinde, do\u011fadan al\u0131nan basit bir so\u011futma prensibini kullanan ChillOut IEC \u00fcnitesi 2 so\u011futma odas\u0131na sahiptir. \u0130lk so\u011futma odas\u0131nda, d\u0131\u015f mekan havas\u0131 endirekt buharla\u015fma yoluyla so\u011futulur. D\u0131\u015far\u0131dan gelen hava su buharla\u015fmas\u0131yla so\u011futulur ve buharla\u015fma yoluyla so\u011futulan hava, ikinci so\u011futma odas\u0131ndaki y\u00fcksek verimli bir \u0131s\u0131 de\u011fi\u015ftirici ile kar\u015f\u0131la\u015farak so\u011futma y\u00fck\u00fcn\u00fc tedarik hava taraf\u0131na aktar\u0131r. Tedarik hava taraf\u0131na nem transferi yoktur. Is\u0131 transferi ve geri kazan\u0131m\u0131, IEC uygulamas\u0131 i\u00e7in geli\u015ftirilen Kar\u015f\u0131 Ak\u0131m PPP Is\u0131 De\u011fi\u015ftirici i\u00e7inde termal olarak ger\u00e7ekle\u015ftirilir. Su buharla\u015fmas\u0131yla, mekanik so\u011futma olmadan \u00e7ok y\u00fcksek enerji verimlili\u011fi elde edilebilir. \u0130kinci ad\u0131mda, \u00f6n so\u011futulmu\u015f hava, entegre DX Kompres\u00f6r So\u011futma ile konforlu bir s\u0131cakl\u0131\u011fa so\u011futulur.<\/p>\n<p>\u00dcnitenin EC fi\u015fli fanlar\u0131 sayesinde y\u00fcksek enerji verimli hava ak\u0131\u015f\u0131 sa\u011flan\u0131r. \u00dcnitenin sessiz \u00e7al\u0131\u015fmas\u0131 beklentilerinizi kar\u015f\u0131layacakt\u0131r.<\/p>\n<p>&nbsp;<\/p>\n<p><strong><span style=\"color: #27397c;\">\u2713 Enerji verimli, s\u00fcrd\u00fcr\u00fclebilir \u00e7\u00f6z\u00fcm<br \/>\n<\/span><\/strong>Bu alandaki tek \u00fcr\u00fcn ChillOut oldu\u011fundan kar\u015f\u0131la\u015ft\u0131rma yapam\u0131yoruz.<\/p>\n<p><strong><span style=\"color: #27397c;\">\u2713 Benzersiz estetik tasar\u0131m<br \/>\n<\/span><\/strong>ChillOut, m\u00fchendislerimiz taraf\u0131ndan mek\u00e2nlar\u0131n\u0131z\u0131n tasar\u0131mlar\u0131na uyum sa\u011flamas\u0131 i\u00e7in tasarlanm\u0131\u015ft\u0131r.<\/p>\n<p><strong><span style=\"color: #27397c;\">\u2713 D\u0131\u015f ko\u015fullar i\u00e7in m\u00fchendislik \u00e7\u00f6z\u00fcm\u00fc<br \/>\n<\/span><\/strong>ChillOut bir d\u0131\u015f mekan \u00fcr\u00fcn\u00fc oldu\u011fundan, d\u0131\u015f ko\u015fullara dayan\u0131kl\u0131 \u015fekilde \u00fcretilmi\u015ftir.<\/p>\n<p><strong><span style=\"color: #27397c;\">\u2713 Kolay montaj<br \/>\n<\/span><\/strong><\/p>\n<p>ChillOut cihazlar\u0131 i\u00e7in i\u015finizden ara vermenize gerek yoktur. Uzman ekibimiz cihaz\u0131n\u0131z\u0131 2 saat i\u00e7inde monte eder ve i\u015flevsel hale getirir.<\/p>\n\n\t\t<\/div>\n\t<\/div>\n<\/div><\/div><div class=\"vc_tta-panel\" id=\"1642000567830-338054c7-4a12\" data-vc-content=\".vc_tta-panel-body\"><div class=\"vc_tta-panel-heading\"><h4 class=\"vc_tta-panel-title\"><a href=\"#1642000567830-338054c7-4a12\" data-vc-accordion data-vc-container=\".vc_tta-container\"><span class=\"vc_tta-title-text\">Uygulama Alanlar\u0131<\/span><\/a><\/h4><\/div><div class=\"vc_tta-panel-body\"><div class=\"wpb_layerslider_element wpb_content_element\"><script type=\"text\/javascript\">jQuery(function() { _initLayerSlider( '#layerslider_7_10rhrolt8xlr3', {createdWith: '6.11.8', sliderVersion: '6.11.8', skin: 'v6', skinsPath: 'https:\/\/aiolosair.com\/wp-content\/plugins\/LayerSlider\/assets\/static\/layerslider\/skins\/'}); });<\/script><div id=\"layerslider_7_10rhrolt8xlr3\" class=\"ls-wp-container fitvidsignore\" style=\"width:1280px;height:720px;margin:0 auto;margin-bottom: 0px;\"><div class=\"ls-slide\" data-ls=\"duration:1500;kenburnsscale:1.2;\"><img loading=\"lazy\" decoding=\"async\" width=\"1280\" height=\"720\" src=\"https:\/\/aiolosair.com\/wp-content\/uploads\/layerslider\/ChillOut-Areas\/ChillOut-Areas1.jpg\" class=\"ls-bg\" alt=\"\" srcset=\"https:\/\/aiolosair.com\/wp-content\/uploads\/layerslider\/ChillOut-Areas\/ChillOut-Areas1.jpg 1280w, https:\/\/aiolosair.com\/wp-content\/uploads\/layerslider\/ChillOut-Areas\/ChillOut-Areas1-300x169.jpg 300w, https:\/\/aiolosair.com\/wp-content\/uploads\/layerslider\/ChillOut-Areas\/ChillOut-Areas1-1024x576.jpg 1024w, https:\/\/aiolosair.com\/wp-content\/uploads\/layerslider\/ChillOut-Areas\/ChillOut-Areas1-768x432.jpg 768w\" sizes=\"auto, (max-width: 1280px) 100vw, 1280px\" \/><\/div><div class=\"ls-slide\" data-ls=\"duration:1500;kenburnsscale:1.2;\"><img loading=\"lazy\" decoding=\"async\" width=\"1280\" height=\"720\" src=\"https:\/\/aiolosair.com\/wp-content\/uploads\/layerslider\/ChillOut-Areas\/ChillOut-Areas2.jpg\" class=\"ls-bg\" alt=\"\" srcset=\"https:\/\/aiolosair.com\/wp-content\/uploads\/layerslider\/ChillOut-Areas\/ChillOut-Areas2.jpg 1280w, https:\/\/aiolosair.com\/wp-content\/uploads\/layerslider\/ChillOut-Areas\/ChillOut-Areas2-300x169.jpg 300w, https:\/\/aiolosair.com\/wp-content\/uploads\/layerslider\/ChillOut-Areas\/ChillOut-Areas2-1024x576.jpg 1024w, https:\/\/aiolosair.com\/wp-content\/uploads\/layerslider\/ChillOut-Areas\/ChillOut-Areas2-768x432.jpg 768w\" sizes=\"auto, (max-width: 1280px) 100vw, 1280px\" \/><\/div><div class=\"ls-slide\" data-ls=\"duration:1500;kenburnsscale:1.2;\"><img loading=\"lazy\" decoding=\"async\" width=\"1280\" height=\"720\" src=\"https:\/\/aiolosair.com\/wp-content\/uploads\/layerslider\/ChillOut-Areas\/ChillOut-Areas3.jpg\" class=\"ls-bg\" alt=\"\" srcset=\"https:\/\/aiolosair.com\/wp-content\/uploads\/layerslider\/ChillOut-Areas\/ChillOut-Areas3.jpg 1280w, https:\/\/aiolosair.com\/wp-content\/uploads\/layerslider\/ChillOut-Areas\/ChillOut-Areas3-300x169.jpg 300w, https:\/\/aiolosair.com\/wp-content\/uploads\/layerslider\/ChillOut-Areas\/ChillOut-Areas3-1024x576.jpg 1024w, https:\/\/aiolosair.com\/wp-content\/uploads\/layerslider\/ChillOut-Areas\/ChillOut-Areas3-768x432.jpg 768w\" sizes=\"auto, (max-width: 1280px) 100vw, 1280px\" \/><\/div><\/div><\/div><\/div><\/div><div class=\"vc_tta-panel\" id=\"1642000611142-3233c69b-1216\" data-vc-content=\".vc_tta-panel-body\"><div class=\"vc_tta-panel-heading\"><h4 class=\"vc_tta-panel-title\"><a href=\"#1642000611142-3233c69b-1216\" data-vc-accordion data-vc-container=\".vc_tta-container\"><span class=\"vc_tta-title-text\">Teknik Veri<\/span><\/a><\/h4><\/div><div class=\"vc_tta-panel-body\">\n\t<div  class=\"wpb_single_image wpb_content_element vc_align_center\">\n\t\t\n\t\t<figure class=\"wpb_wrapper vc_figure\">\n\t\t\t<div class=\"vc_single_image-wrapper   vc_box_border_grey\"><img loading=\"lazy\" decoding=\"async\" width=\"1569\" height=\"2482\" src=\"https:\/\/aiolosair.com\/wp-content\/uploads\/2022\/02\/Technical-Data-ChillOut3-e1643847559379.jpg\" class=\"vc_single_image-img attachment-full\" alt=\"\" srcset=\"https:\/\/aiolosair.com\/wp-content\/uploads\/2022\/02\/Technical-Data-ChillOut3-e1643847559379.jpg 1569w, https:\/\/aiolosair.com\/wp-content\/uploads\/2022\/02\/Technical-Data-ChillOut3-e1643847559379-190x300.jpg 190w, https:\/\/aiolosair.com\/wp-content\/uploads\/2022\/02\/Technical-Data-ChillOut3-e1643847559379-647x1024.jpg 647w, https:\/\/aiolosair.com\/wp-content\/uploads\/2022\/02\/Technical-Data-ChillOut3-e1643847559379-768x1215.jpg 768w, https:\/\/aiolosair.com\/wp-content\/uploads\/2022\/02\/Technical-Data-ChillOut3-e1643847559379-971x1536.jpg 971w, https:\/\/aiolosair.com\/wp-content\/uploads\/2022\/02\/Technical-Data-ChillOut3-e1643847559379-1295x2048.jpg 1295w\" sizes=\"auto, (max-width: 1569px) 100vw, 1569px\"  data-dt-location=\"https:\/\/aiolosair.com\/tr\/chillout\/technical-data-chillout3\/\" \/><\/div>\n\t\t<\/figure>\n\t<\/div>\n<\/div><\/div><div class=\"vc_tta-panel\" id=\"1696330374760-c05c58fc-da20\" data-vc-content=\".vc_tta-panel-body\"><div class=\"vc_tta-panel-heading\"><h4 class=\"vc_tta-panel-title\"><a href=\"#1696330374760-c05c58fc-da20\" data-vc-accordion data-vc-container=\".vc_tta-container\"><span class=\"vc_tta-title-text\">Dok\u00fcmantasyon<\/span><\/a><\/h4><\/div><div class=\"vc_tta-panel-body\">\n\t<div class=\"wpb_text_column wpb_content_element\" >\n\t\t<div class=\"wpb_wrapper\">\n\t\t\t<a href=\"https:\/\/aiolosair.com\/wp-content\/uploads\/2023\/10\/ChillOut_EN.pdf\" class=\"pdfemb-viewer\" style=\"\" data-width=\"max\" data-height=\"max\"  data-toolbar=\"bottom\" data-toolbar-fixed=\"off\">ChillOut_EN<br\/><\/a>\n\n\t\t<\/div>\n\t<\/div>\n\n\t<div class=\"wpb_text_column wpb_content_element\" >\n\t\t<div class=\"wpb_wrapper\">\n\t\t\t<p><a href=\"https:\/\/aiolosair.com\/tr\/hybricool-flat\/download\/\" rel=\"attachment wp-att-16061\"><img loading=\"lazy\" decoding=\"async\" class=\"alignleft size-thumbnail wp-image-16061\" src=\"https:\/\/aiolosair.com\/wp-content\/uploads\/2023\/09\/download-150x150.png\" alt=\"\" width=\"150\" height=\"150\" srcset=\"https:\/\/aiolosair.com\/wp-content\/uploads\/2023\/09\/download-150x150.png 150w, https:\/\/aiolosair.com\/wp-content\/uploads\/2023\/09\/download-300x300.png 300w, https:\/\/aiolosair.com\/wp-content\/uploads\/2023\/09\/download-1024x1024.png 1024w, https:\/\/aiolosair.com\/wp-content\/uploads\/2023\/09\/download-768x768.png 768w, https:\/\/aiolosair.com\/wp-content\/uploads\/2023\/09\/download-1536x1536.png 1536w, https:\/\/aiolosair.com\/wp-content\/uploads\/2023\/09\/download-2048x2048.png 2048w\" sizes=\"auto, (max-width: 150px) 100vw, 150px\" \/><\/a><\/p>\n<p>&nbsp;<\/p>\n<ul>\n<li><a href=\"https:\/\/aiolosair.com\/wp-content\/uploads\/2023\/10\/ChillOut_TR.pdf\" target=\"_blank\" rel=\"noopener\">\u00dcr\u00fcn Katalo\u011fu_TR<\/a><\/li>\n<li style=\"text-align: left;\"><a href=\"https:\/\/aiolosair.com\/wp-content\/uploads\/2023\/10\/ChillOut_EN.pdf\" target=\"_blank\" rel=\"noopener\">Product Catalogue_EN<\/a><\/li>\n<\/ul>\n\n\t\t<\/div>\n\t<\/div>\n<\/div><\/div><\/div><ul class=\"vc_general vc_pagination vc_pagination-style-outline vc_pagination-shape-square vc_pagination-color-grey\"><li class=\"vc_pagination-item vc_active\" data-vc-tab><a href=\"#1641918213908-2cd727fb-e11f\" class=\"vc_pagination-trigger\" data-vc-tabs data-vc-container=\".vc_tta\"><\/a><\/li><li class=\"vc_pagination-item\" data-vc-tab><a href=\"#1641918213908-9c6caeb3-d4c8\" class=\"vc_pagination-trigger\" data-vc-tabs data-vc-container=\".vc_tta\"><\/a><\/li><li class=\"vc_pagination-item\" data-vc-tab><a href=\"#1642000567830-338054c7-4a12\" class=\"vc_pagination-trigger\" data-vc-tabs data-vc-container=\".vc_tta\"><\/a><\/li><li class=\"vc_pagination-item\" data-vc-tab><a href=\"#1642000611142-3233c69b-1216\" class=\"vc_pagination-trigger\" data-vc-tabs data-vc-container=\".vc_tta\"><\/a><\/li><li class=\"vc_pagination-item\" data-vc-tab><a href=\"#1696330374760-c05c58fc-da20\" class=\"vc_pagination-trigger\" data-vc-tabs data-vc-container=\".vc_tta\"><\/a><\/li><\/ul><\/div><\/div><\/div><\/div><\/div><\/div><\/div><!-- Row Backgrounds --><div class=\"upb_color\" data-bg-override=\"ex-full\" data-bg-color=\"#f6f6f6\" data-fadeout=\"\" data-fadeout-percentage=\"30\" data-parallax-content=\"\" data-parallax-content-sense=\"30\" data-row-effect-mobile-disable=\"true\" data-img-parallax-mobile-disable=\"true\" data-rtl=\"false\"  data-custom-vc-row=\"\"  data-vc=\"6.6.0.1\"  data-is_old_vc=\"\"  data-theme-support=\"\"   data-overlay=\"false\" data-overlay-color=\"\" data-overlay-pattern=\"\" data-overlay-pattern-opacity=\"\" data-overlay-pattern-size=\"\"    ><\/div>","protected":false},"excerpt":{"rendered":"<p>ChillOutDescriptionFeaturesApplication AreasTechnical DataDocumentationDescription Hot outdoor environments in summer cooled with ChillOut Inspired by nature and aiming to be in harmony with nature, AiolosAir develops human-oriented and environmentally friendly products. With the motto of engineering solutions that make life easier, AiolosAir has developed the ChillOut Indirect Evaporative Cooling (IEC) Air Conditioning Unit, which puts an end&hellip;<\/p>","protected":false},"author":1,"featured_media":0,"parent":0,"menu_order":20,"comment_status":"closed","ping_status":"closed","template":"","meta":{"footnotes":""},"class_list":["post-15792","page","type-page","status-publish","hentry","description-off"],"aioseo_notices":[],"_links":{"self":[{"href":"https:\/\/aiolosair.com\/tr\/wp-json\/wp\/v2\/pages\/15792","targetHints":{"allow":["GET"]}}],"collection":[{"href":"https:\/\/aiolosair.com\/tr\/wp-json\/wp\/v2\/pages"}],"about":[{"href":"https:\/\/aiolosair.com\/tr\/wp-json\/wp\/v2\/types\/page"}],"author":[{"embeddable":true,"href":"https:\/\/aiolosair.com\/tr\/wp-json\/wp\/v2\/users\/1"}],"replies":[{"embeddable":true,"href":"https:\/\/aiolosair.com\/tr\/wp-json\/wp\/v2\/comments?post=15792"}],"version-history":[{"count":1,"href":"https:\/\/aiolosair.com\/tr\/wp-json\/wp\/v2\/pages\/15792\/revisions"}],"predecessor-version":[{"id":16238,"href":"https:\/\/aiolosair.com\/tr\/wp-json\/wp\/v2\/pages\/15792\/revisions\/16238"}],"wp:attachment":[{"href":"https:\/\/aiolosair.com\/tr\/wp-json\/wp\/v2\/media?parent=15792"}],"curies":[{"name":"wp","href":"https:\/\/api.w.org\/{rel}","templated":true}]}}