{"id":16044,"date":"2023-09-27T11:43:50","date_gmt":"2023-09-27T11:43:50","guid":{"rendered":"https:\/\/aiolosair.com\/?page_id=16044"},"modified":"2023-10-30T12:17:47","modified_gmt":"2023-10-30T12:17:47","slug":"hybricool-flat","status":"publish","type":"page","link":"https:\/\/aiolosair.com\/tr\/hybricool-flat\/","title":{"rendered":"HybriCool Flat"},"content":{"rendered":"<div class=\"vc_row wpb_row vc_row-fluid vc_custom_1490183704313 vc_row-o-equal-height vc_row-flex\"><div class=\"wpb_column vc_column_container vc_col-sm-12\"><div class=\"vc_column-inner vc_custom_1490183961234\"><div class=\"wpb_wrapper\">\n\t<div  class=\"wpb_single_image wpb_content_element vc_align_center\">\n\t\t\n\t\t<figure class=\"wpb_wrapper vc_figure\">\n\t\t\t<div class=\"vc_single_image-wrapper vc_box_rounded  vc_box_border_grey\"><img loading=\"lazy\" decoding=\"async\" width=\"468\" height=\"500\" src=\"https:\/\/aiolosair.com\/wp-content\/uploads\/2022\/01\/HybriCool-Flat-Site.png\" class=\"vc_single_image-img attachment-large\" alt=\"\" srcset=\"https:\/\/aiolosair.com\/wp-content\/uploads\/2022\/01\/HybriCool-Flat-Site.png 468w, https:\/\/aiolosair.com\/wp-content\/uploads\/2022\/01\/HybriCool-Flat-Site-281x300.png 281w\" sizes=\"auto, (max-width: 468px) 100vw, 468px\"  data-dt-location=\"https:\/\/aiolosair.com\/tr\/?attachment_id=15665\" \/><\/div>\n\t\t<\/figure>\n\t<\/div>\n<div class=\"vc_tta-container\" data-vc-action=\"collapse\"><h2>HybriCool Flat<\/h2><div class=\"vc_general vc_tta vc_tta-tabs vc_tta-color-blue vc_tta-style-modern vc_tta-shape-rounded vc_tta-spacing-1 vc_tta-gap-15 vc_tta-has-pagination vc_tta-tabs-position-top vc_tta-controls-align-center\"><div class=\"vc_tta-tabs-container\"><ul class=\"vc_tta-tabs-list\"><li class=\"vc_tta-tab vc_active\" data-vc-tab><a href=\"#1641918213908-2cd727fb-e11f\" data-vc-tabs data-vc-container=\".vc_tta\"><span class=\"vc_tta-title-text\">A\u00e7\u0131klama<\/span><\/a><\/li><li class=\"vc_tta-tab\" data-vc-tab><a href=\"#1641918213908-9c6caeb3-d4c8\" data-vc-tabs data-vc-container=\".vc_tta\"><span class=\"vc_tta-title-text\">\u00d6zellikler<\/span><\/a><\/li><li class=\"vc_tta-tab\" data-vc-tab><a href=\"#1642000567830-338054c7-4a12\" data-vc-tabs data-vc-container=\".vc_tta\"><span class=\"vc_tta-title-text\">Uygulama Alanlar\u0131<\/span><\/a><\/li><li class=\"vc_tta-tab\" data-vc-tab><a href=\"#1642000611142-3233c69b-1216\" data-vc-tabs data-vc-container=\".vc_tta\"><span class=\"vc_tta-title-text\">Teknik Veri<\/span><\/a><\/li><li class=\"vc_tta-tab\" data-vc-tab><a href=\"#1643035801532-90b5ee46-ea05\" data-vc-tabs data-vc-container=\".vc_tta\"><span class=\"vc_tta-title-text\">Uygulama<\/span><\/a><\/li><li class=\"vc_tta-tab\" data-vc-tab><a href=\"#1695641402455-acc3b4f9-1cd9\" data-vc-tabs data-vc-container=\".vc_tta\"><span class=\"vc_tta-title-text\">Dok\u00fcmantasyon<\/span><\/a><\/li><\/ul><\/div><div class=\"vc_tta-panels-container\"><div class=\"vc_tta-panels\"><div class=\"vc_tta-panel vc_active\" id=\"1641918213908-2cd727fb-e11f\" data-vc-content=\".vc_tta-panel-body\"><div class=\"vc_tta-panel-heading\"><h4 class=\"vc_tta-panel-title\"><a href=\"#1641918213908-2cd727fb-e11f\" data-vc-accordion data-vc-container=\".vc_tta-container\"><span class=\"vc_tta-title-text\">A\u00e7\u0131klama<\/span><\/a><\/h4><\/div><div class=\"vc_tta-panel-body\">\n\t<div class=\"wpb_text_column wpb_content_element\" >\n\t\t<div class=\"wpb_wrapper\">\n\t\t\t<p>Besleme havas\u0131n\u0131 nemlendirmeden taze hava ile so\u011futma, \u0131s\u0131tma ve iklimlendirme yap\u0131lmak istenilen yerler i\u00e7in yatay tip 0 taze haval\u0131, endirekt evaporatif so\u011futmal\u0131 (IEC) iklimlendirme \u00fcnitesi HybriCool Flat. \u00dcnite kasas\u0131 minimum d\u00fczeyde \u0131s\u0131 ve ses transferi i\u00e7in hava ge\u00e7irmez, d\u0131\u015f y\u00fczeyi toz boya kapl\u0131, aras\u0131 20 mm ta\u015f y\u00fcn\u00fc dolgulu \u00e7ift cidarl\u0131d\u0131r. D\u00fc\u015f\u00fck enerji t\u00fcketimi ve maksimum EER (Enerji Verimlili\u011fi Oran\u0131) gereksinimlerini kar\u015f\u0131lamak i\u00e7in \u00fcniteler y\u00fcksek verimli asimetrik \u0131s\u0131 e\u015fanj\u00f6r\u00fc ve endirekt adyabatik so\u011futma sistemi ile donat\u0131lm\u0131\u015ft\u0131r. Adyabatik so\u011futma sistemi de tamamen y\u00fcksek verimli sprey su noz\u00fclleri ile takviye edilmi\u015ftir.<\/p>\n<p>Paslanmaz \u0131s\u0131 e\u015fanj\u00f6r\u00fc hava ge\u00e7irmez ve nem transferini engeller yap\u0131dad\u0131r. Kullan\u0131lan e\u015fanjorun \u0131s\u0131 geri kazan\u0131m oran\u0131 \u2019in uzerindedir. Cihaz taze hava s\u0131cakl\u0131k de\u011ferini hicbir mekanik so\u011futma olmaks\u0131z\u0131n donu\u015f havas\u0131 s\u0131cakl\u0131k de\u011ferinin alt\u0131na indirebilme kabiliyetine sahiptir.\nOpsiyonel mekanik so\u011futma, ek so\u011futma istenildi\u011finde uniteye ilave edilebilir. Free-Cooling modu ise sadece d\u0131\u015f ortam hava durumu elveri\u015fli oldu\u011funda mumkundur. Besleme havas\u0131, heatpump veya opsiyonel olarak elektrikli \u0131s\u0131t\u0131c\u0131 ile \u0131s\u0131t\u0131larak ortama aktar\u0131l\u0131r. Cihazda besleme havas\u0131\nyonunde standart olarak iki kademeli filtreleme sistemi mevcuttur (G2 panel ve F7 kompakt). Donu\u015f havas\u0131 yonunde ise sadece cihaza giri\u015f k\u0131sm\u0131nda bulunan ve G2 panel filtreden tek kademeli filtreleme sistemi mevcuttur. \u0130stenildi\u011fi takdirde F7 kompakt filtre yerine F9 kompakt filtre ilave edilebilir. Cihaz\u0131n hava debisi herhangi bir frekans invertoru olmadan 0-10 V cal\u0131\u015fan ve IE4 verimlilik s\u0131n\u0131f\u0131ndaki EC fanlar ile kontrol edilmektedir.<\/p>\n<p><img loading=\"lazy\" decoding=\"async\" class=\"aligncenter\" src=\"https:\/\/aiolosair.com\/wp-content\/uploads\/2022\/02\/HybriCool-Flat-HEFolow-Diagram-1024x224.png\" alt=\"\" width=\"1024\" height=\"224\" \/><\/p>\n<p>Cihaz fabrika montajl\u0131 olarak kullan\u0131ma haz\u0131rd\u0131r. Bunun icin; elektrik panosu tamamen kontrol ekipmanlar\u0131 ile donat\u0131lm\u0131\u015ft\u0131r, PLC fabrika ayarl\u0131d\u0131r. Tum bunlara ek olarak cihaz Backnet MSTP veya Mod-Bus RTU ileti\u015fim protokolleri ile uzaktan ba\u011flan\u0131larak izlenebilir ve hatta kontrol edilebilir.<\/p>\n<p><img loading=\"lazy\" decoding=\"async\" class=\"aligncenter\" src=\"https:\/\/aiolosair.com\/wp-content\/uploads\/2022\/02\/HybriCool-Flat-Component-min-scaled.jpg\" alt=\"\" width=\"2560\" height=\"1810\" \/><\/p>\n\n\t\t<\/div>\n\t<\/div>\n<\/div><\/div><div class=\"vc_tta-panel\" id=\"1641918213908-9c6caeb3-d4c8\" data-vc-content=\".vc_tta-panel-body\"><div class=\"vc_tta-panel-heading\"><h4 class=\"vc_tta-panel-title\"><a href=\"#1641918213908-9c6caeb3-d4c8\" data-vc-accordion data-vc-container=\".vc_tta-container\"><span class=\"vc_tta-title-text\">\u00d6zellikler<\/span><\/a><\/h4><\/div><div class=\"vc_tta-panel-body\">\n\t<div class=\"wpb_text_column wpb_content_element  vc_custom_1642000538242\" >\n\t\t<div class=\"wpb_wrapper\">\n\t\t\t<h3><b>Standart \u00d6zellikler<\/b><\/h3>\n<ul>\n<li>Endirekt Evaporatif So\u011futma<\/li>\n<li>IE4 Motorlu EC Fanlar<\/li>\n<li>Counterflow E\u015fanj\u00f6r<\/li>\n<li>Serbest So\u011futma<\/li>\n<li>G2 - ISO ePM10 \u00d6n Filtre<\/li>\n<li>F7 - ISO ePM2.5 Son Filtre<\/li>\n<li>Sens\u00f6rler ve akt\u00fcat\u00f6rlerle tam donan\u0131ml\u0131 kontrol sistemi<\/li>\n<li>Mod-Bus RTU<\/li>\n<li>Bacnet MSTP<\/li>\n<li>Oda Kontrol\u00f6r\u00fc<\/li>\n<\/ul>\n<p>&nbsp;<\/p>\n<h3><b>Opsiyonlar ve Aksesuarlar<\/b><\/h3>\n<ul>\n<li>Entegre DX Kompres\u00f6r, Kondenser ve Evaporat\u00f6r<\/li>\n<li>Heatpump Is\u0131tma<\/li>\n<li>Donma Korumas\u0131 i\u00e7in Elektirikli \u00d6n Is\u0131t\u0131c\u0131<\/li>\n<li>Son Is\u0131tma i\u00e7in Elektrikli Is\u0131t\u0131c\u0131<\/li>\n<li>2 Yollu 0-10V Vana ve Akt\u00fcat\u00f6rl\u00fc So\u011futulmu\u015f Su Bataryas\u0131<\/li>\n<li>2 Yollu 0-10V Vana ve Akt\u00fcat\u00f6rl\u00fc S\u0131cak Su Bataryas\u0131<\/li>\n<li>S\u0131cak Gazl\u0131 Son Is\u0131t\u0131c\u0131 Kondenser ile Nem Alma<\/li>\n<li>F9 ISO ePM1 Filtre<\/li>\n<li>UV-C Lamba<\/li>\n<li>Ya\u011fmur Suyu i\u00e7in Oluklu \u00c7at\u0131<\/li>\n<li>Kompakt Su Yumu\u015fatma \u00dcnitesi<\/li>\n<li>Standart BMS Protokolleri i\u00e7in BMS Entegrasyonu<\/li>\n<li>Standart BMS Protokolleri i\u00e7in BMS Entegrasyonu<\/li>\n<li>Di\u011fer BMS Protokolleri<\/li>\n<\/ul>\n\n\t\t<\/div>\n\t<\/div>\n<\/div><\/div><div class=\"vc_tta-panel\" id=\"1642000567830-338054c7-4a12\" data-vc-content=\".vc_tta-panel-body\"><div class=\"vc_tta-panel-heading\"><h4 class=\"vc_tta-panel-title\"><a href=\"#1642000567830-338054c7-4a12\" data-vc-accordion data-vc-container=\".vc_tta-container\"><span class=\"vc_tta-title-text\">Uygulama Alanlar\u0131<\/span><\/a><\/h4><\/div><div class=\"vc_tta-panel-body\"><div class=\"wpb_layerslider_element wpb_content_element\"><script type=\"text\/javascript\">jQuery(function() { _initLayerSlider( '#layerslider_9_qnntp81h4okn', {createdWith: '6.11.8', sliderVersion: '6.11.8', skin: 'v6', skinsPath: 'https:\/\/aiolosair.com\/wp-content\/plugins\/LayerSlider\/assets\/static\/layerslider\/skins\/'}); });<\/script><div id=\"layerslider_9_qnntp81h4okn\" class=\"ls-wp-container fitvidsignore\" style=\"width:1280px;height:720px;margin:0 auto;margin-bottom: 0px;\"><div class=\"ls-slide\" data-ls=\"duration:1500;kenburnsscale:1.2;\"><img loading=\"lazy\" decoding=\"async\" width=\"1280\" height=\"720\" src=\"https:\/\/aiolosair.com\/wp-content\/uploads\/layerslider\/Flat-Areas\/Officesss.jpg\" class=\"ls-bg\" alt=\"\" srcset=\"https:\/\/aiolosair.com\/wp-content\/uploads\/layerslider\/Flat-Areas\/Officesss.jpg 1280w, https:\/\/aiolosair.com\/wp-content\/uploads\/layerslider\/Flat-Areas\/Officesss-300x169.jpg 300w, https:\/\/aiolosair.com\/wp-content\/uploads\/layerslider\/Flat-Areas\/Officesss-1024x576.jpg 1024w, https:\/\/aiolosair.com\/wp-content\/uploads\/layerslider\/Flat-Areas\/Officesss-768x432.jpg 768w\" sizes=\"auto, (max-width: 1280px) 100vw, 1280px\" \/><\/div><div class=\"ls-slide\" data-ls=\"duration:1500;kenburnsscale:1.2;\"><img loading=\"lazy\" decoding=\"async\" width=\"1280\" height=\"720\" src=\"https:\/\/aiolosair.com\/wp-content\/uploads\/layerslider\/Flat-Areas\/Schools2.jpg\" class=\"ls-bg\" alt=\"\" srcset=\"https:\/\/aiolosair.com\/wp-content\/uploads\/layerslider\/Flat-Areas\/Schools2.jpg 1280w, https:\/\/aiolosair.com\/wp-content\/uploads\/layerslider\/Flat-Areas\/Schools2-300x169.jpg 300w, https:\/\/aiolosair.com\/wp-content\/uploads\/layerslider\/Flat-Areas\/Schools2-1024x576.jpg 1024w, https:\/\/aiolosair.com\/wp-content\/uploads\/layerslider\/Flat-Areas\/Schools2-768x432.jpg 768w\" sizes=\"auto, (max-width: 1280px) 100vw, 1280px\" \/><\/div><div class=\"ls-slide\" data-ls=\"duration:1500;kenburnsscale:1.2;\"><img loading=\"lazy\" decoding=\"async\" width=\"1280\" height=\"720\" src=\"https:\/\/aiolosair.com\/wp-content\/uploads\/layerslider\/Flat-Areas\/Shopping-Malls.jpg\" class=\"ls-bg\" alt=\"\" srcset=\"https:\/\/aiolosair.com\/wp-content\/uploads\/layerslider\/Flat-Areas\/Shopping-Malls.jpg 1280w, https:\/\/aiolosair.com\/wp-content\/uploads\/layerslider\/Flat-Areas\/Shopping-Malls-300x169.jpg 300w, https:\/\/aiolosair.com\/wp-content\/uploads\/layerslider\/Flat-Areas\/Shopping-Malls-1024x576.jpg 1024w, https:\/\/aiolosair.com\/wp-content\/uploads\/layerslider\/Flat-Areas\/Shopping-Malls-768x432.jpg 768w\" sizes=\"auto, (max-width: 1280px) 100vw, 1280px\" \/><\/div><div class=\"ls-slide\" data-ls=\"duration:1500;kenburnsscale:1.2;\"><img loading=\"lazy\" decoding=\"async\" width=\"1280\" height=\"720\" src=\"https:\/\/aiolosair.com\/wp-content\/uploads\/layerslider\/Flat-Areas\/Residences.jpg\" class=\"ls-bg\" alt=\"\" srcset=\"https:\/\/aiolosair.com\/wp-content\/uploads\/layerslider\/Flat-Areas\/Residences.jpg 1280w, https:\/\/aiolosair.com\/wp-content\/uploads\/layerslider\/Flat-Areas\/Residences-300x169.jpg 300w, https:\/\/aiolosair.com\/wp-content\/uploads\/layerslider\/Flat-Areas\/Residences-1024x576.jpg 1024w, https:\/\/aiolosair.com\/wp-content\/uploads\/layerslider\/Flat-Areas\/Residences-768x432.jpg 768w\" sizes=\"auto, (max-width: 1280px) 100vw, 1280px\" \/><\/div><div class=\"ls-slide\" data-ls=\"duration:1500;kenburnsscale:1.2;\"><img loading=\"lazy\" decoding=\"async\" width=\"1280\" height=\"720\" src=\"https:\/\/aiolosair.com\/wp-content\/uploads\/layerslider\/Flat-Areas\/Swimming-Pool.jpg\" class=\"ls-bg\" alt=\"\" srcset=\"https:\/\/aiolosair.com\/wp-content\/uploads\/layerslider\/Flat-Areas\/Swimming-Pool.jpg 1280w, https:\/\/aiolosair.com\/wp-content\/uploads\/layerslider\/Flat-Areas\/Swimming-Pool-300x169.jpg 300w, https:\/\/aiolosair.com\/wp-content\/uploads\/layerslider\/Flat-Areas\/Swimming-Pool-1024x576.jpg 1024w, https:\/\/aiolosair.com\/wp-content\/uploads\/layerslider\/Flat-Areas\/Swimming-Pool-768x432.jpg 768w\" sizes=\"auto, (max-width: 1280px) 100vw, 1280px\" \/><\/div><div class=\"ls-slide\" data-ls=\"duration:1500;kenburnsscale:1.2;\"><img loading=\"lazy\" decoding=\"async\" width=\"1280\" height=\"720\" src=\"https:\/\/aiolosair.com\/wp-content\/uploads\/layerslider\/Flat-Areas\/Cafeteriasss.jpg\" class=\"ls-bg\" alt=\"\" srcset=\"https:\/\/aiolosair.com\/wp-content\/uploads\/layerslider\/Flat-Areas\/Cafeteriasss.jpg 1280w, https:\/\/aiolosair.com\/wp-content\/uploads\/layerslider\/Flat-Areas\/Cafeteriasss-300x169.jpg 300w, https:\/\/aiolosair.com\/wp-content\/uploads\/layerslider\/Flat-Areas\/Cafeteriasss-1024x576.jpg 1024w, https:\/\/aiolosair.com\/wp-content\/uploads\/layerslider\/Flat-Areas\/Cafeteriasss-768x432.jpg 768w\" sizes=\"auto, (max-width: 1280px) 100vw, 1280px\" \/><\/div><div class=\"ls-slide\" data-ls=\"duration:1500;kenburnsscale:1.2;\"><img loading=\"lazy\" decoding=\"async\" width=\"1280\" height=\"720\" src=\"https:\/\/aiolosair.com\/wp-content\/uploads\/layerslider\/Flat-Areas\/Restaurantsss.jpg\" class=\"ls-bg\" alt=\"\" srcset=\"https:\/\/aiolosair.com\/wp-content\/uploads\/layerslider\/Flat-Areas\/Restaurantsss.jpg 1280w, https:\/\/aiolosair.com\/wp-content\/uploads\/layerslider\/Flat-Areas\/Restaurantsss-300x169.jpg 300w, https:\/\/aiolosair.com\/wp-content\/uploads\/layerslider\/Flat-Areas\/Restaurantsss-1024x576.jpg 1024w, https:\/\/aiolosair.com\/wp-content\/uploads\/layerslider\/Flat-Areas\/Restaurantsss-768x432.jpg 768w\" sizes=\"auto, (max-width: 1280px) 100vw, 1280px\" \/><\/div><\/div><\/div><\/div><\/div><div class=\"vc_tta-panel\" id=\"1642000611142-3233c69b-1216\" data-vc-content=\".vc_tta-panel-body\"><div class=\"vc_tta-panel-heading\"><h4 class=\"vc_tta-panel-title\"><a href=\"#1642000611142-3233c69b-1216\" data-vc-accordion data-vc-container=\".vc_tta-container\"><span class=\"vc_tta-title-text\">Teknik Veri<\/span><\/a><\/h4><\/div><div class=\"vc_tta-panel-body\">\n\t<div  class=\"wpb_single_image wpb_content_element vc_align_center\">\n\t\t\n\t\t<figure class=\"wpb_wrapper vc_figure\">\n\t\t\t<div class=\"vc_single_image-wrapper   vc_box_border_grey\"><img loading=\"lazy\" decoding=\"async\" width=\"1319\" height=\"2560\" src=\"https:\/\/aiolosair.com\/wp-content\/uploads\/2022\/02\/Technical-Data-HybriCool-Flat-scaled.jpg\" class=\"vc_single_image-img attachment-full\" alt=\"\" srcset=\"https:\/\/aiolosair.com\/wp-content\/uploads\/2022\/02\/Technical-Data-HybriCool-Flat-scaled.jpg 1319w, https:\/\/aiolosair.com\/wp-content\/uploads\/2022\/02\/Technical-Data-HybriCool-Flat-155x300.jpg 155w, https:\/\/aiolosair.com\/wp-content\/uploads\/2022\/02\/Technical-Data-HybriCool-Flat-528x1024.jpg 528w, https:\/\/aiolosair.com\/wp-content\/uploads\/2022\/02\/Technical-Data-HybriCool-Flat-768x1490.jpg 768w, https:\/\/aiolosair.com\/wp-content\/uploads\/2022\/02\/Technical-Data-HybriCool-Flat-792x1536.jpg 792w\" sizes=\"auto, (max-width: 1319px) 100vw, 1319px\"  data-dt-location=\"https:\/\/aiolosair.com\/tr\/?attachment_id=15961\" \/><\/div>\n\t\t<\/figure>\n\t<\/div>\n<\/div><\/div><div class=\"vc_tta-panel\" id=\"1643035801532-90b5ee46-ea05\" data-vc-content=\".vc_tta-panel-body\"><div class=\"vc_tta-panel-heading\"><h4 class=\"vc_tta-panel-title\"><a href=\"#1643035801532-90b5ee46-ea05\" data-vc-accordion data-vc-container=\".vc_tta-container\"><span class=\"vc_tta-title-text\">Uygulama<\/span><\/a><\/h4><\/div><div class=\"vc_tta-panel-body\">\n\t<div  class=\"wpb_single_image wpb_content_element vc_align_center\">\n\t\t\n\t\t<figure class=\"wpb_wrapper vc_figure\">\n\t\t\t<div class=\"vc_single_image-wrapper   vc_box_border_grey\"><img loading=\"lazy\" decoding=\"async\" width=\"1782\" height=\"808\" src=\"https:\/\/aiolosair.com\/wp-content\/uploads\/2014\/03\/HybriCool-Flat-Application-WEB-mine.jpg\" class=\"vc_single_image-img attachment-full\" alt=\"\" srcset=\"https:\/\/aiolosair.com\/wp-content\/uploads\/2014\/03\/HybriCool-Flat-Application-WEB-mine.jpg 1782w, https:\/\/aiolosair.com\/wp-content\/uploads\/2014\/03\/HybriCool-Flat-Application-WEB-mine-300x136.jpg 300w, https:\/\/aiolosair.com\/wp-content\/uploads\/2014\/03\/HybriCool-Flat-Application-WEB-mine-1024x464.jpg 1024w, https:\/\/aiolosair.com\/wp-content\/uploads\/2014\/03\/HybriCool-Flat-Application-WEB-mine-768x348.jpg 768w, https:\/\/aiolosair.com\/wp-content\/uploads\/2014\/03\/HybriCool-Flat-Application-WEB-mine-1536x696.jpg 1536w\" sizes=\"auto, (max-width: 1782px) 100vw, 1782px\"  data-dt-location=\"https:\/\/aiolosair.com\/tr\/project\/office-ventilation\/hybricool-flat-application-web-mine\/\" \/><\/div>\n\t\t<\/figure>\n\t<\/div>\n<\/div><\/div><div class=\"vc_tta-panel\" id=\"1695641402455-acc3b4f9-1cd9\" data-vc-content=\".vc_tta-panel-body\"><div class=\"vc_tta-panel-heading\"><h4 class=\"vc_tta-panel-title\"><a href=\"#1695641402455-acc3b4f9-1cd9\" data-vc-accordion data-vc-container=\".vc_tta-container\"><span class=\"vc_tta-title-text\">Dok\u00fcmantasyon<\/span><\/a><\/h4><\/div><div class=\"vc_tta-panel-body\">\n\t<div class=\"wpb_text_column wpb_content_element\" >\n\t\t<div class=\"wpb_wrapper\">\n\t\t\t<a href=\"https:\/\/aiolosair.com\/wp-content\/uploads\/2023\/09\/HybriCool-Flat-EN.pdf\" class=\"pdfemb-viewer\" style=\"\" data-width=\"max\" data-height=\"max\"  data-toolbar=\"bottom\" data-toolbar-fixed=\"off\">HybriCool Flat - EN<br\/><\/a>\n\n\t\t<\/div>\n\t<\/div>\n\n\t<div class=\"wpb_text_column wpb_content_element\" >\n\t\t<div class=\"wpb_wrapper\">\n\t\t\t<p><a href=\"https:\/\/aiolosair.com\/tr\/hybricool-flat\/download\/\" rel=\"attachment wp-att-16061\"><img loading=\"lazy\" decoding=\"async\" class=\"alignleft size-thumbnail wp-image-16061\" src=\"https:\/\/aiolosair.com\/wp-content\/uploads\/2023\/09\/download-150x150.png\" alt=\"\" width=\"150\" height=\"150\" srcset=\"https:\/\/aiolosair.com\/wp-content\/uploads\/2023\/09\/download-150x150.png 150w, https:\/\/aiolosair.com\/wp-content\/uploads\/2023\/09\/download-300x300.png 300w, https:\/\/aiolosair.com\/wp-content\/uploads\/2023\/09\/download-1024x1024.png 1024w, https:\/\/aiolosair.com\/wp-content\/uploads\/2023\/09\/download-768x768.png 768w, https:\/\/aiolosair.com\/wp-content\/uploads\/2023\/09\/download-1536x1536.png 1536w, https:\/\/aiolosair.com\/wp-content\/uploads\/2023\/09\/download-2048x2048.png 2048w\" sizes=\"auto, (max-width: 150px) 100vw, 150px\" \/><\/a><\/p>\n<p>&nbsp;<\/p>\n<ul>\n<li><a href=\"https:\/\/aiolosair.com\/wp-content\/uploads\/2023\/09\/HybriCool-Flat-TR.pdf\" target=\"_blank\" rel=\"noopener\">\u00dcr\u00fcn Katalo\u011fu_TR<\/a><\/li>\n<li><a href=\"https:\/\/aiolosair.com\/wp-content\/uploads\/2023\/09\/HybriCool-Flat-EN.pdf\" target=\"_blank\" rel=\"noopener\">Product Catalogue_EN<\/a><\/li>\n<li><a href=\"https:\/\/aiolosair.com\/wp-content\/uploads\/2023\/10\/Hybricool-Flat-Montaj-ve-Kullanim-Kilavuzu-1.pdf\" target=\"_blank\" rel=\"noopener\">Montaj ve Kullan\u0131m K\u0131lavuzu<\/a><\/li>\n<\/ul>\n\n\t\t<\/div>\n\t<\/div>\n\n\t<div class=\"wpb_text_column wpb_content_element\" >\n\t\t<div class=\"wpb_wrapper\">\n\t\t\t\n\t\t<\/div>\n\t<\/div>\n<\/div><\/div><\/div><ul class=\"vc_general vc_pagination vc_pagination-style-outline vc_pagination-shape-square vc_pagination-color-grey\"><li class=\"vc_pagination-item vc_active\" data-vc-tab><a href=\"#1641918213908-2cd727fb-e11f\" class=\"vc_pagination-trigger\" data-vc-tabs data-vc-container=\".vc_tta\"><\/a><\/li><li class=\"vc_pagination-item\" data-vc-tab><a href=\"#1641918213908-9c6caeb3-d4c8\" class=\"vc_pagination-trigger\" data-vc-tabs data-vc-container=\".vc_tta\"><\/a><\/li><li class=\"vc_pagination-item\" data-vc-tab><a href=\"#1642000567830-338054c7-4a12\" class=\"vc_pagination-trigger\" data-vc-tabs data-vc-container=\".vc_tta\"><\/a><\/li><li class=\"vc_pagination-item\" data-vc-tab><a href=\"#1642000611142-3233c69b-1216\" class=\"vc_pagination-trigger\" data-vc-tabs data-vc-container=\".vc_tta\"><\/a><\/li><li class=\"vc_pagination-item\" data-vc-tab><a href=\"#1643035801532-90b5ee46-ea05\" class=\"vc_pagination-trigger\" data-vc-tabs data-vc-container=\".vc_tta\"><\/a><\/li><li class=\"vc_pagination-item\" data-vc-tab><a href=\"#1695641402455-acc3b4f9-1cd9\" class=\"vc_pagination-trigger\" data-vc-tabs data-vc-container=\".vc_tta\"><\/a><\/li><\/ul><\/div><\/div><\/div><\/div><\/div><\/div><\/div><!-- Row Backgrounds --><div class=\"upb_color\" data-bg-override=\"ex-full\" data-bg-color=\"#f6f6f6\" data-fadeout=\"\" data-fadeout-percentage=\"30\" data-parallax-content=\"\" data-parallax-content-sense=\"30\" data-row-effect-mobile-disable=\"true\" data-img-parallax-mobile-disable=\"true\" data-rtl=\"false\"  data-custom-vc-row=\"\"  data-vc=\"6.6.0.1\"  data-is_old_vc=\"\"  data-theme-support=\"\"   data-overlay=\"false\" data-overlay-color=\"\" data-overlay-pattern=\"\" data-overlay-pattern-opacity=\"\" data-overlay-pattern-size=\"\"    ><\/div><div class=\"vc_row wpb_row vc_row-fluid\"><div class=\"wpb_column vc_column_container vc_col-sm-12\"><div class=\"vc_column-inner\"><div class=\"wpb_wrapper\"><\/div><\/div><\/div><\/div>","protected":false},"excerpt":{"rendered":"<p>HybriCool FlatDescriptionFeaturesApplication AreasTechnical DataApplicationDocumentationDescription Horizontal Type %100 Fresh Air A\/C Unit with Indirect Evaporative Cooling (IEC) for cooling spaces which need cooling, heating and ventilation with fresh air without humidifying the supply air. Unit casing is air tight, outer surface powder coated double skin, 20 mm Rockwool insulated for lowest heat transfer and sound absorption.&hellip;<\/p>","protected":false},"author":2,"featured_media":0,"parent":0,"menu_order":20,"comment_status":"closed","ping_status":"closed","template":"","meta":{"footnotes":""},"class_list":["post-16044","page","type-page","status-publish","hentry","description-off"],"aioseo_notices":[],"_links":{"self":[{"href":"https:\/\/aiolosair.com\/tr\/wp-json\/wp\/v2\/pages\/16044","targetHints":{"allow":["GET"]}}],"collection":[{"href":"https:\/\/aiolosair.com\/tr\/wp-json\/wp\/v2\/pages"}],"about":[{"href":"https:\/\/aiolosair.com\/tr\/wp-json\/wp\/v2\/types\/page"}],"author":[{"embeddable":true,"href":"https:\/\/aiolosair.com\/tr\/wp-json\/wp\/v2\/users\/2"}],"replies":[{"embeddable":true,"href":"https:\/\/aiolosair.com\/tr\/wp-json\/wp\/v2\/comments?post=16044"}],"version-history":[{"count":4,"href":"https:\/\/aiolosair.com\/tr\/wp-json\/wp\/v2\/pages\/16044\/revisions"}],"predecessor-version":[{"id":16318,"href":"https:\/\/aiolosair.com\/tr\/wp-json\/wp\/v2\/pages\/16044\/revisions\/16318"}],"wp:attachment":[{"href":"https:\/\/aiolosair.com\/tr\/wp-json\/wp\/v2\/media?parent=16044"}],"curies":[{"name":"wp","href":"https:\/\/api.w.org\/{rel}","templated":true}]}}