{"id":16166,"date":"2023-10-12T11:53:32","date_gmt":"2023-10-12T11:53:32","guid":{"rendered":"https:\/\/aiolosair.com\/?page_id=16166"},"modified":"2023-10-12T14:02:49","modified_gmt":"2023-10-12T14:02:49","slug":"hybricool-idec","status":"publish","type":"page","link":"https:\/\/aiolosair.com\/tr\/hybricool-idec\/","title":{"rendered":"HybriCool IDEC"},"content":{"rendered":"<div class=\"vc_row wpb_row vc_row-fluid vc_custom_1490183704313 vc_row-o-equal-height vc_row-flex\"><div class=\"wpb_column vc_column_container vc_col-sm-12\"><div class=\"vc_column-inner vc_custom_1490183961234\"><div class=\"wpb_wrapper\">\n\t<div  class=\"wpb_single_image wpb_content_element vc_align_center\">\n\t\t\n\t\t<figure class=\"wpb_wrapper vc_figure\">\n\t\t\t<div class=\"vc_single_image-wrapper vc_box_rounded  vc_box_border_grey\"><img loading=\"lazy\" decoding=\"async\" width=\"1024\" height=\"768\" src=\"https:\/\/aiolosair.com\/wp-content\/uploads\/2023\/10\/png-1024x768.png\" class=\"vc_single_image-img attachment-large\" alt=\"\" srcset=\"https:\/\/aiolosair.com\/wp-content\/uploads\/2023\/10\/png-1024x768.png 1024w, https:\/\/aiolosair.com\/wp-content\/uploads\/2023\/10\/png-768x576.png 768w, https:\/\/aiolosair.com\/wp-content\/uploads\/2023\/10\/png-1536x1152.png 1536w\" sizes=\"auto, (max-width: 1024px) 100vw, 1024px\"  data-dt-location=\"https:\/\/aiolosair.com\/tr\/png\/\" \/><\/div>\n\t\t<\/figure>\n\t<\/div>\n<div class=\"vc_tta-container\" data-vc-action=\"collapse\"><h2>HybriCool IDEC<\/h2><div class=\"vc_general vc_tta vc_tta-tabs vc_tta-color-blue vc_tta-style-modern vc_tta-shape-rounded vc_tta-spacing-1 vc_tta-gap-15 vc_tta-has-pagination vc_tta-tabs-position-top vc_tta-controls-align-center\"><div class=\"vc_tta-tabs-container\"><ul class=\"vc_tta-tabs-list\"><li class=\"vc_tta-tab vc_active\" data-vc-tab><a href=\"#1641918213908-2cd727fb-e11f\" data-vc-tabs data-vc-container=\".vc_tta\"><span class=\"vc_tta-title-text\">A\u00e7\u0131klama<\/span><\/a><\/li><li class=\"vc_tta-tab\" data-vc-tab><a href=\"#1641918213908-9c6caeb3-d4c8\" data-vc-tabs data-vc-container=\".vc_tta\"><span class=\"vc_tta-title-text\">\u00d6zellikler<\/span><\/a><\/li><li class=\"vc_tta-tab\" data-vc-tab><a href=\"#1642000567830-338054c7-4a12\" data-vc-tabs data-vc-container=\".vc_tta\"><span class=\"vc_tta-title-text\">Uygulama Alanlar\u0131<\/span><\/a><\/li><li class=\"vc_tta-tab\" data-vc-tab><a href=\"#1642000611142-3233c69b-1216\" data-vc-tabs data-vc-container=\".vc_tta\"><span class=\"vc_tta-title-text\">Teknik Veri<\/span><\/a><\/li><li class=\"vc_tta-tab\" data-vc-tab><a href=\"#1643035801532-90b5ee46-ea05\" data-vc-tabs data-vc-container=\".vc_tta\"><span class=\"vc_tta-title-text\">Uygulama<\/span><\/a><\/li><li class=\"vc_tta-tab\" data-vc-tab><a href=\"#1695641402455-acc3b4f9-1cd9\" data-vc-tabs data-vc-container=\".vc_tta\"><span class=\"vc_tta-title-text\">Dok\u00fcmantasyon<\/span><\/a><\/li><\/ul><\/div><div class=\"vc_tta-panels-container\"><div class=\"vc_tta-panels\"><div class=\"vc_tta-panel vc_active\" id=\"1641918213908-2cd727fb-e11f\" data-vc-content=\".vc_tta-panel-body\"><div class=\"vc_tta-panel-heading\"><h4 class=\"vc_tta-panel-title\"><a href=\"#1641918213908-2cd727fb-e11f\" data-vc-accordion data-vc-container=\".vc_tta-container\"><span class=\"vc_tta-title-text\">A\u00e7\u0131klama<\/span><\/a><\/h4><\/div><div class=\"vc_tta-panel-body\">\n\t<div class=\"wpb_text_column wpb_content_element\" >\n\t\t<div class=\"wpb_wrapper\">\n\t\t\t<p><a href=\"https:\/\/aiolosair.com\/tr\/sema\/\"><img loading=\"lazy\" decoding=\"async\" class=\"size-full wp-image-16184 aligncenter\" src=\"https:\/\/aiolosair.com\/wp-content\/uploads\/2023\/10\/sema-e1696938239929.png\" alt=\"\" width=\"1890\" height=\"573\" srcset=\"https:\/\/aiolosair.com\/wp-content\/uploads\/2023\/10\/sema-e1696938239929.png 1890w, https:\/\/aiolosair.com\/wp-content\/uploads\/2023\/10\/sema-e1696938239929-300x91.png 300w, https:\/\/aiolosair.com\/wp-content\/uploads\/2023\/10\/sema-e1696938239929-1024x310.png 1024w, https:\/\/aiolosair.com\/wp-content\/uploads\/2023\/10\/sema-e1696938239929-768x233.png 768w, https:\/\/aiolosair.com\/wp-content\/uploads\/2023\/10\/sema-e1696938239929-1536x466.png 1536w\" sizes=\"auto, (max-width: 1890px) 100vw, 1890px\" \/><\/a><\/p>\n<p style=\"text-align: center;\">\u015eEK\u0130L - Diyagramdaki de\u011ferler Hybricool AHU Combi'ye g\u00f6re al\u0131nm\u0131\u015ft\u0131r. <strong>IDEC-072<\/strong><\/p>\n<p>&nbsp;<\/p>\n\n\t\t<\/div>\n\t<\/div>\n<div id=\"ultimate-heading-966369cfff59ae1ae\" class=\"uvc-heading ult-adjust-bottom-margin ultimate-heading-966369cfff59ae1ae uvc-3325  uvc-heading-default-font-sizes\" data-hspacer=\"no_spacer\"  data-halign=\"center\" style=\"text-align:center\"><div class=\"uvc-heading-spacer no_spacer\" style=\"top\"><\/div><div class=\"uvc-main-heading ult-responsive\"  data-ultimate-target='.uvc-heading.ultimate-heading-966369cfff59ae1ae h2'  data-responsive-json-new='{\"font-size\":\"\",\"line-height\":\"\"}' ><h2 style=\"--font-weight:theme;\">\u00c7ok A\u015famal\u0131 Buharla\u015fmal\u0131 So\u011futma<\/h2><\/div><\/div><div class=\"vc_empty_space\"   style=\"height: 32px\"><span class=\"vc_empty_space_inner\"><\/span><\/div>\n\t<div class=\"wpb_text_column wpb_content_element\" >\n\t\t<div class=\"wpb_wrapper\">\n\t\t\t<h3>A\u015fama 1 \u2013 Dolayl\u0131 Buharla\u015fmal\u0131 So\u011futma<\/h3>\n<p>\u0130lk dolayl\u0131 a\u015famada hava nem eklenmeden so\u011futulur. Bu duyusal so\u011futma a\u015famas\u0131nda, giri\u015f havas\u0131 Dolayl\u0131 Buharla\u015fmal\u0131 So\u011futma teknolojisi ile \u00f6n so\u011futulur. Birinci a\u015fama so\u011futma, birincil hava ak\u0131m\u0131na nem eklenmedi\u011fi i\u00e7in sabit nem i\u00e7eri\u011fine sahip bir do\u011fru \u00e7izgiyi takip eder. Bu y\u00f6ntem, kompres\u00f6r kullanmadan kuru termometre ve \u0131slak termometre s\u0131cakl\u0131klar\u0131n\u0131 d\u00fc\u015f\u00fcrerek enerji verimlili\u011fini art\u0131r\u0131r.<\/p>\n<p>&nbsp;<\/p>\n<h3>Do\u011frudan Buharla\u015fmal\u0131 So\u011futma<\/h3>\n<p>Ayn\u0131 hava ak\u0131m\u0131, ek so\u011futma sa\u011flayan ve havay\u0131 mek\u00e2n\u0131 kondisyonlamak i\u00e7in gerekli olan nemi doyuran \u0131slak (buharla\u015fma pedi) bir ge\u00e7er. \u0130kinci a\u015fama, birinci a\u015famadan ayr\u0131lan havan\u0131n durumuyla \u0131slak termometre s\u0131cakl\u0131k \u00e7izgisini takip eder. Temiz hava, yaln\u0131zca do\u011frudan buharla\u015fmal\u0131 bir so\u011futucu kullanmaktan daha d\u00fc\u015f\u00fck nem i\u00e7eren neredeyse doygun bir durumda teslim edilir.<\/p>\n\n\t\t<\/div>\n\t<\/div>\n<div class=\"vc_empty_space\"   style=\"height: 32px\"><span class=\"vc_empty_space_inner\"><\/span><\/div>\n\t<div class=\"wpb_text_column wpb_content_element\" >\n\t\t<div class=\"wpb_wrapper\">\n\t\t\t<h4>Sistem Avantajlar\u0131<\/h4>\n<p>Kompres\u00f6r ve so\u011futucu yok<\/p>\n<p>Su buharla\u015fmas\u0131yla do\u011fal so\u011futma<\/p>\n<p>Y\u00fcksek ambiyant s\u0131cakl\u0131klarda daha iyi performans<\/p>\n<p>Klima sistemlerinden daha az elektrik t\u00fcketir<\/p>\n<p>Do\u011frudan buharla\u015fmal\u0131 so\u011futmaya g\u00f6re 5 \u00b0C daha iyi so\u011futma ve daha d\u00fc\u015f\u00fck besleme s\u0131cakl\u0131\u011f\u0131<\/p>\n<p>0 Taze Hava<\/p>\n\n\t\t<\/div>\n\t<\/div>\n<\/div><\/div><div class=\"vc_tta-panel\" id=\"1641918213908-9c6caeb3-d4c8\" data-vc-content=\".vc_tta-panel-body\"><div class=\"vc_tta-panel-heading\"><h4 class=\"vc_tta-panel-title\"><a href=\"#1641918213908-9c6caeb3-d4c8\" data-vc-accordion data-vc-container=\".vc_tta-container\"><span class=\"vc_tta-title-text\">\u00d6zellikler<\/span><\/a><\/h4><\/div><div class=\"vc_tta-panel-body\">\n\t<div class=\"wpb_text_column wpb_content_element  vc_custom_1696942617609\" >\n\t\t<div class=\"wpb_wrapper\">\n\t\t\t<h3><b>\u00d6zellikler<\/b><\/h3>\n<ul>\n<li>1. a\u015fama so\u011futma mod\u00fcl\u00fc PPP \u0131s\u0131 de\u011fi\u015ftirici, su p\u00fcsk\u00fcrtme nozullar\u0131 ve PP su borular\u0131 ile tahliye solenoid valf i\u00e7erir<\/li>\n<li>2. a\u015fama so\u011futma mod\u00fcl\u00fc, nozullarla buharla\u015fma pedlerini, 3 yollu vana i\u00e7erir<\/li>\n<li>Frekans invert\u00f6rl\u00fc do\u011frudan tahrikli santrif\u00fcj fi\u015fli fanlar<\/li>\n<li>Standart olarak G4 - ISO ePM10 \u00f6n filtre<\/li>\n<li>Opsiyonel olarak F7 - F9 ISO ePM2.5 veya ISO ePM1 final filtre<\/li>\n<li>Sens\u00f6rler ve akt\u00fcat\u00f6rlerle tam donan\u0131ml\u0131 kontrol sistemi<\/li>\n<li>Mod-Bus RTU<\/li>\n<li>Bacnet MSTP<\/li>\n<li>Oda Kontrol\u00f6r\u00fc<\/li>\n<\/ul>\n\n\t\t<\/div>\n\t<\/div>\n<\/div><\/div><div class=\"vc_tta-panel\" id=\"1642000567830-338054c7-4a12\" data-vc-content=\".vc_tta-panel-body\"><div class=\"vc_tta-panel-heading\"><h4 class=\"vc_tta-panel-title\"><a href=\"#1642000567830-338054c7-4a12\" data-vc-accordion data-vc-container=\".vc_tta-container\"><span class=\"vc_tta-title-text\">Uygulama Alanlar\u0131<\/span><\/a><\/h4><\/div><div class=\"vc_tta-panel-body\"><div class=\"wpb_layerslider_element wpb_content_element\"><script type=\"text\/javascript\">jQuery(function() { _initLayerSlider( '#layerslider_13_470i6thywzye', {createdWith: '6.11.8', sliderVersion: '6.11.8', skin: 'v6', skinsPath: 'https:\/\/aiolosair.com\/wp-content\/plugins\/LayerSlider\/assets\/static\/layerslider\/skins\/'}); });<\/script><div id=\"layerslider_13_470i6thywzye\" class=\"ls-wp-container fitvidsignore\" style=\"width:1280px;height:720px;margin:0 auto;margin-bottom: 0px;\"><div class=\"ls-slide\" data-ls=\"duration:1500;kenburnsscale:1.2;\"><img loading=\"lazy\" decoding=\"async\" width=\"1280\" height=\"720\" src=\"https:\/\/aiolosair.com\/wp-content\/uploads\/2023\/10\/A1.jpg\" class=\"ls-bg\" alt=\"\" srcset=\"https:\/\/aiolosair.com\/wp-content\/uploads\/2023\/10\/A1.jpg 1280w, https:\/\/aiolosair.com\/wp-content\/uploads\/2023\/10\/A1-300x169.jpg 300w, https:\/\/aiolosair.com\/wp-content\/uploads\/2023\/10\/A1-1024x576.jpg 1024w, https:\/\/aiolosair.com\/wp-content\/uploads\/2023\/10\/A1-768x432.jpg 768w\" sizes=\"auto, (max-width: 1280px) 100vw, 1280px\" \/><\/div><div class=\"ls-slide\" data-ls=\"duration:1500;kenburnsscale:1.2;\"><img loading=\"lazy\" decoding=\"async\" width=\"1280\" height=\"720\" src=\"https:\/\/aiolosair.com\/wp-content\/uploads\/2023\/10\/a2.jpg\" class=\"ls-bg\" alt=\"\" srcset=\"https:\/\/aiolosair.com\/wp-content\/uploads\/2023\/10\/a2.jpg 1280w, https:\/\/aiolosair.com\/wp-content\/uploads\/2023\/10\/a2-300x169.jpg 300w, https:\/\/aiolosair.com\/wp-content\/uploads\/2023\/10\/a2-1024x576.jpg 1024w, https:\/\/aiolosair.com\/wp-content\/uploads\/2023\/10\/a2-768x432.jpg 768w\" sizes=\"auto, (max-width: 1280px) 100vw, 1280px\" \/><\/div><div class=\"ls-slide\" data-ls=\"duration:1500;kenburnsscale:1.2;\"><img loading=\"lazy\" decoding=\"async\" width=\"1280\" height=\"720\" src=\"https:\/\/aiolosair.com\/wp-content\/uploads\/2023\/10\/a3.jpg\" class=\"ls-bg\" alt=\"\" srcset=\"https:\/\/aiolosair.com\/wp-content\/uploads\/2023\/10\/a3.jpg 1280w, https:\/\/aiolosair.com\/wp-content\/uploads\/2023\/10\/a3-300x169.jpg 300w, https:\/\/aiolosair.com\/wp-content\/uploads\/2023\/10\/a3-1024x576.jpg 1024w, https:\/\/aiolosair.com\/wp-content\/uploads\/2023\/10\/a3-768x432.jpg 768w\" sizes=\"auto, (max-width: 1280px) 100vw, 1280px\" \/><\/div><div class=\"ls-slide\" data-ls=\"duration:1500;kenburnsscale:1.2;\"><img loading=\"lazy\" decoding=\"async\" width=\"1280\" height=\"720\" src=\"https:\/\/aiolosair.com\/wp-content\/uploads\/2023\/10\/a4.jpg\" class=\"ls-bg\" alt=\"\" srcset=\"https:\/\/aiolosair.com\/wp-content\/uploads\/2023\/10\/a4.jpg 1280w, https:\/\/aiolosair.com\/wp-content\/uploads\/2023\/10\/a4-300x169.jpg 300w, https:\/\/aiolosair.com\/wp-content\/uploads\/2023\/10\/a4-1024x576.jpg 1024w, https:\/\/aiolosair.com\/wp-content\/uploads\/2023\/10\/a4-768x432.jpg 768w\" sizes=\"auto, (max-width: 1280px) 100vw, 1280px\" \/><\/div><div class=\"ls-slide\" data-ls=\"duration:1500;kenburnsscale:1.2;\"><img loading=\"lazy\" decoding=\"async\" width=\"1280\" height=\"720\" src=\"https:\/\/aiolosair.com\/wp-content\/uploads\/2023\/10\/a5.jpg\" class=\"ls-bg\" alt=\"\" srcset=\"https:\/\/aiolosair.com\/wp-content\/uploads\/2023\/10\/a5.jpg 1280w, https:\/\/aiolosair.com\/wp-content\/uploads\/2023\/10\/a5-300x169.jpg 300w, https:\/\/aiolosair.com\/wp-content\/uploads\/2023\/10\/a5-1024x576.jpg 1024w, https:\/\/aiolosair.com\/wp-content\/uploads\/2023\/10\/a5-768x432.jpg 768w\" sizes=\"auto, (max-width: 1280px) 100vw, 1280px\" \/><\/div><div class=\"ls-slide\" data-ls=\"duration:1500;kenburnsscale:1.2;\"><img loading=\"lazy\" decoding=\"async\" width=\"1280\" height=\"720\" src=\"https:\/\/aiolosair.com\/wp-content\/uploads\/2023\/10\/a6.jpg\" class=\"ls-bg\" alt=\"\" srcset=\"https:\/\/aiolosair.com\/wp-content\/uploads\/2023\/10\/a6.jpg 1280w, https:\/\/aiolosair.com\/wp-content\/uploads\/2023\/10\/a6-300x169.jpg 300w, https:\/\/aiolosair.com\/wp-content\/uploads\/2023\/10\/a6-1024x576.jpg 1024w, https:\/\/aiolosair.com\/wp-content\/uploads\/2023\/10\/a6-768x432.jpg 768w\" sizes=\"auto, (max-width: 1280px) 100vw, 1280px\" \/><\/div><\/div><\/div><\/div><\/div><div class=\"vc_tta-panel\" id=\"1642000611142-3233c69b-1216\" data-vc-content=\".vc_tta-panel-body\"><div class=\"vc_tta-panel-heading\"><h4 class=\"vc_tta-panel-title\"><a href=\"#1642000611142-3233c69b-1216\" data-vc-accordion data-vc-container=\".vc_tta-container\"><span class=\"vc_tta-title-text\">Teknik Veri<\/span><\/a><\/h4><\/div><div class=\"vc_tta-panel-body\">\n\t<div  class=\"wpb_single_image wpb_content_element vc_align_center\">\n\t\t\n\t\t<figure class=\"wpb_wrapper vc_figure\">\n\t\t\t<div class=\"vc_single_image-wrapper   vc_box_border_grey\"><img loading=\"lazy\" decoding=\"async\" width=\"933\" height=\"510\" src=\"https:\/\/aiolosair.com\/wp-content\/uploads\/2023\/10\/idec-technical-data.jpg\" class=\"vc_single_image-img attachment-full\" alt=\"\" srcset=\"https:\/\/aiolosair.com\/wp-content\/uploads\/2023\/10\/idec-technical-data.jpg 933w, https:\/\/aiolosair.com\/wp-content\/uploads\/2023\/10\/idec-technical-data-300x164.jpg 300w, https:\/\/aiolosair.com\/wp-content\/uploads\/2023\/10\/idec-technical-data-768x420.jpg 768w\" sizes=\"auto, (max-width: 933px) 100vw, 933px\"  data-dt-location=\"https:\/\/aiolosair.com\/tr\/hybricool-idec\/idec-technical-data\/\" \/><\/div>\n\t\t<\/figure>\n\t<\/div>\n<\/div><\/div><div class=\"vc_tta-panel\" id=\"1643035801532-90b5ee46-ea05\" data-vc-content=\".vc_tta-panel-body\"><div class=\"vc_tta-panel-heading\"><h4 class=\"vc_tta-panel-title\"><a href=\"#1643035801532-90b5ee46-ea05\" data-vc-accordion data-vc-container=\".vc_tta-container\"><span class=\"vc_tta-title-text\">Uygulama<\/span><\/a><\/h4><\/div><div class=\"vc_tta-panel-body\">\n\t<div  class=\"wpb_single_image wpb_content_element vc_align_center\">\n\t\t\n\t\t<figure class=\"wpb_wrapper vc_figure\">\n\t\t\t<div class=\"vc_single_image-wrapper   vc_box_border_grey\"><img loading=\"lazy\" decoding=\"async\" width=\"440\" height=\"1236\" src=\"https:\/\/aiolosair.com\/wp-content\/uploads\/2023\/10\/idec-applications-e1697025831509.jpg\" class=\"vc_single_image-img attachment-full\" alt=\"\" srcset=\"https:\/\/aiolosair.com\/wp-content\/uploads\/2023\/10\/idec-applications-e1697025831509.jpg 440w, https:\/\/aiolosair.com\/wp-content\/uploads\/2023\/10\/idec-applications-e1697025831509-107x300.jpg 107w, https:\/\/aiolosair.com\/wp-content\/uploads\/2023\/10\/idec-applications-e1697025831509-365x1024.jpg 365w\" sizes=\"auto, (max-width: 440px) 100vw, 440px\"  data-dt-location=\"https:\/\/aiolosair.com\/tr\/idec-applications\/\" \/><\/div>\n\t\t<\/figure>\n\t<\/div>\n<\/div><\/div><div class=\"vc_tta-panel\" id=\"1695641402455-acc3b4f9-1cd9\" data-vc-content=\".vc_tta-panel-body\"><div class=\"vc_tta-panel-heading\"><h4 class=\"vc_tta-panel-title\"><a href=\"#1695641402455-acc3b4f9-1cd9\" data-vc-accordion data-vc-container=\".vc_tta-container\"><span class=\"vc_tta-title-text\">Dok\u00fcmantasyon<\/span><\/a><\/h4><\/div><div class=\"vc_tta-panel-body\">\n\t<div class=\"wpb_text_column wpb_content_element\" >\n\t\t<div class=\"wpb_wrapper\">\n\t\t\t<a href=\"https:\/\/aiolosair.com\/wp-content\/uploads\/2023\/10\/HybriCool-IDEC_EN.pdf\" class=\"pdfemb-viewer\" style=\"\" data-width=\"max\" data-height=\"max\"  data-toolbar=\"bottom\" data-toolbar-fixed=\"off\">HybriCool IDEC_EN<br\/><\/a>\n\n\t\t<\/div>\n\t<\/div>\n\n\t<div class=\"wpb_text_column wpb_content_element\" >\n\t\t<div class=\"wpb_wrapper\">\n\t\t\t<p><a href=\"https:\/\/aiolosair.com\/tr\/hybricool-flat\/download\/\" rel=\"attachment wp-att-16061\"><img loading=\"lazy\" decoding=\"async\" class=\"alignleft size-thumbnail wp-image-16061\" src=\"https:\/\/aiolosair.com\/wp-content\/uploads\/2023\/09\/download-150x150.png\" alt=\"\" width=\"150\" height=\"150\" srcset=\"https:\/\/aiolosair.com\/wp-content\/uploads\/2023\/09\/download-150x150.png 150w, https:\/\/aiolosair.com\/wp-content\/uploads\/2023\/09\/download-300x300.png 300w, https:\/\/aiolosair.com\/wp-content\/uploads\/2023\/09\/download-1024x1024.png 1024w, https:\/\/aiolosair.com\/wp-content\/uploads\/2023\/09\/download-768x768.png 768w, https:\/\/aiolosair.com\/wp-content\/uploads\/2023\/09\/download-1536x1536.png 1536w, https:\/\/aiolosair.com\/wp-content\/uploads\/2023\/09\/download-2048x2048.png 2048w\" sizes=\"auto, (max-width: 150px) 100vw, 150px\" \/><\/a><\/p>\n<p>&nbsp;<\/p>\n<ul>\n<li><a href=\"https:\/\/aiolosair.com\/wp-content\/uploads\/2023\/10\/HybriCool-IDEC_TR.pdf\" target=\"_blank\" rel=\"noopener\">\u00dcr\u00fcn Katalo\u011fu_TR<\/a><\/li>\n<li><a href=\"https:\/\/aiolosair.com\/wp-content\/uploads\/2023\/10\/HybriCool-IDEC_EN.pdf\" target=\"_blank\" rel=\"noopener\">Product Catalogue_EN<\/a><\/li>\n<\/ul>\n\n\t\t<\/div>\n\t<\/div>\n\n\t<div class=\"wpb_text_column wpb_content_element\" >\n\t\t<div class=\"wpb_wrapper\">\n\t\t\t\n\t\t<\/div>\n\t<\/div>\n<\/div><\/div><\/div><ul class=\"vc_general vc_pagination vc_pagination-style-outline vc_pagination-shape-square vc_pagination-color-grey\"><li class=\"vc_pagination-item vc_active\" data-vc-tab><a href=\"#1641918213908-2cd727fb-e11f\" class=\"vc_pagination-trigger\" data-vc-tabs data-vc-container=\".vc_tta\"><\/a><\/li><li class=\"vc_pagination-item\" data-vc-tab><a href=\"#1641918213908-9c6caeb3-d4c8\" class=\"vc_pagination-trigger\" data-vc-tabs data-vc-container=\".vc_tta\"><\/a><\/li><li class=\"vc_pagination-item\" data-vc-tab><a href=\"#1642000567830-338054c7-4a12\" class=\"vc_pagination-trigger\" data-vc-tabs data-vc-container=\".vc_tta\"><\/a><\/li><li class=\"vc_pagination-item\" data-vc-tab><a href=\"#1642000611142-3233c69b-1216\" class=\"vc_pagination-trigger\" data-vc-tabs data-vc-container=\".vc_tta\"><\/a><\/li><li class=\"vc_pagination-item\" data-vc-tab><a href=\"#1643035801532-90b5ee46-ea05\" class=\"vc_pagination-trigger\" data-vc-tabs data-vc-container=\".vc_tta\"><\/a><\/li><li class=\"vc_pagination-item\" data-vc-tab><a href=\"#1695641402455-acc3b4f9-1cd9\" class=\"vc_pagination-trigger\" data-vc-tabs data-vc-container=\".vc_tta\"><\/a><\/li><\/ul><\/div><\/div><\/div><\/div><\/div><\/div><\/div><!-- Row Backgrounds --><div class=\"upb_color\" data-bg-override=\"ex-full\" data-bg-color=\"#f6f6f6\" data-fadeout=\"\" data-fadeout-percentage=\"30\" data-parallax-content=\"\" data-parallax-content-sense=\"30\" data-row-effect-mobile-disable=\"true\" data-img-parallax-mobile-disable=\"true\" data-rtl=\"false\"  data-custom-vc-row=\"\"  data-vc=\"6.6.0.1\"  data-is_old_vc=\"\"  data-theme-support=\"\"   data-overlay=\"false\" data-overlay-color=\"\" data-overlay-pattern=\"\" data-overlay-pattern-opacity=\"\" data-overlay-pattern-size=\"\"    ><\/div><div class=\"vc_row wpb_row vc_row-fluid\"><div class=\"wpb_column vc_column_container vc_col-sm-12\"><div class=\"vc_column-inner\"><div class=\"wpb_wrapper\"><\/div><\/div><\/div><\/div>","protected":false},"excerpt":{"rendered":"<p>HybriCool IDECDescriptionFeaturesApplication AreasTechnical DataApplicationDocumentationDescription FIGURE &#8211; Values on the diagram are taken according to IDEC-072 &nbsp; Multi &#8211; Stage Evaporative Cooling Stage 1 \u2013 Indirect Evaporative Cooling In first indirect stage air is cooled without adding moisture. In this sensible cooling stage, inlet air is precooled with Indirect Evaporative Cooling technology. First-stage cooling follows a&hellip;<\/p>","protected":false},"author":2,"featured_media":0,"parent":0,"menu_order":20,"comment_status":"closed","ping_status":"closed","template":"","meta":{"footnotes":""},"class_list":["post-16166","page","type-page","status-publish","hentry","description-off"],"aioseo_notices":[],"_links":{"self":[{"href":"https:\/\/aiolosair.com\/tr\/wp-json\/wp\/v2\/pages\/16166","targetHints":{"allow":["GET"]}}],"collection":[{"href":"https:\/\/aiolosair.com\/tr\/wp-json\/wp\/v2\/pages"}],"about":[{"href":"https:\/\/aiolosair.com\/tr\/wp-json\/wp\/v2\/types\/page"}],"author":[{"embeddable":true,"href":"https:\/\/aiolosair.com\/tr\/wp-json\/wp\/v2\/users\/2"}],"replies":[{"embeddable":true,"href":"https:\/\/aiolosair.com\/tr\/wp-json\/wp\/v2\/comments?post=16166"}],"version-history":[{"count":32,"href":"https:\/\/aiolosair.com\/tr\/wp-json\/wp\/v2\/pages\/16166\/revisions"}],"predecessor-version":[{"id":16244,"href":"https:\/\/aiolosair.com\/tr\/wp-json\/wp\/v2\/pages\/16166\/revisions\/16244"}],"wp:attachment":[{"href":"https:\/\/aiolosair.com\/tr\/wp-json\/wp\/v2\/media?parent=16166"}],"curies":[{"name":"wp","href":"https:\/\/api.w.org\/{rel}","templated":true}]}}