{"id":16351,"date":"2024-03-12T14:18:12","date_gmt":"2024-03-12T14:18:12","guid":{"rendered":"https:\/\/aiolosair.com\/?page_id=16351"},"modified":"2024-03-12T14:18:12","modified_gmt":"2024-03-12T14:18:12","slug":"hybricool-ahu-combi","status":"publish","type":"page","link":"https:\/\/aiolosair.com\/tr\/hybricool-ahu-combi\/","title":{"rendered":"HybriCool AHU Combi"},"content":{"rendered":"<div class=\"vc_row wpb_row vc_row-fluid vc_custom_1490183704313 vc_row-o-equal-height vc_row-flex\"><div class=\"wpb_column vc_column_container vc_col-sm-12\"><div class=\"vc_column-inner vc_custom_1490183961234\"><div class=\"wpb_wrapper\"><div class=\"vc_tta-container\" data-vc-action=\"collapse\"><h2>HybriCool AHU Combi<\/h2><div class=\"vc_general vc_tta vc_tta-tabs vc_tta-color-blue vc_tta-style-modern vc_tta-shape-rounded vc_tta-spacing-1 vc_tta-gap-15 vc_tta-has-pagination vc_tta-tabs-position-top vc_tta-controls-align-center\"><div class=\"vc_tta-tabs-container\"><ul class=\"vc_tta-tabs-list\"><li class=\"vc_tta-tab vc_active\" data-vc-tab><a href=\"#1641918213908-2cd727fb-e11f\" data-vc-tabs data-vc-container=\".vc_tta\"><span class=\"vc_tta-title-text\">A\u00e7\u0131klama<\/span><\/a><\/li><li class=\"vc_tta-tab\" data-vc-tab><a href=\"#1642000567830-338054c7-4a12\" data-vc-tabs data-vc-container=\".vc_tta\"><span class=\"vc_tta-title-text\">Uygulama Alanlar\u0131<\/span><\/a><\/li><li class=\"vc_tta-tab\" data-vc-tab><a href=\"#1695641402455-acc3b4f9-1cd9\" data-vc-tabs data-vc-container=\".vc_tta\"><span class=\"vc_tta-title-text\">Dok\u00fcmantasyon<\/span><\/a><\/li><\/ul><\/div><div class=\"vc_tta-panels-container\"><div class=\"vc_tta-panels\"><div class=\"vc_tta-panel vc_active\" id=\"1641918213908-2cd727fb-e11f\" data-vc-content=\".vc_tta-panel-body\"><div class=\"vc_tta-panel-heading\"><h4 class=\"vc_tta-panel-title\"><a href=\"#1641918213908-2cd727fb-e11f\" data-vc-accordion data-vc-container=\".vc_tta-container\"><span class=\"vc_tta-title-text\">A\u00e7\u0131klama<\/span><\/a><\/h4><\/div><div class=\"vc_tta-panel-body\">\n\t<div class=\"wpb_text_column wpb_content_element\" >\n\t\t<div class=\"wpb_wrapper\">\n\t\t\t<p><img decoding=\"async\" class=\"aligncenter\" src=\"https:\/\/aiolosair.com\/wp-content\/uploads\/2024\/03\/Hybricool-AHU-combi-Diagram.png\" \/><\/p>\n<p style=\"text-align: center;\">\u015eEK\u0130L - Diyagramdaki de\u011ferler Hybricool AHU Combi'ye g\u00f6re al\u0131nm\u0131\u015ft\u0131r. <strong>Hybricool AHU Combi<\/strong><\/p>\n\n\t\t<\/div>\n\t<\/div>\n<div class=\"vc_empty_space\"   style=\"height: 32px\"><span class=\"vc_empty_space_inner\"><\/span><\/div><div id=\"ultimate-heading-491569d002e55f2ef\" class=\"uvc-heading ult-adjust-bottom-margin ultimate-heading-491569d002e55f2ef uvc-9614  uvc-heading-default-font-sizes\" data-hspacer=\"no_spacer\"  data-halign=\"center\" style=\"text-align:center\"><div class=\"uvc-heading-spacer no_spacer\" style=\"top\"><\/div><div class=\"uvc-main-heading ult-responsive\"  data-ultimate-target='.uvc-heading.ultimate-heading-491569d002e55f2ef h2'  data-responsive-json-new='{\"font-size\":\"\",\"line-height\":\"\"}' ><h2 style=\"--font-weight:theme;\">Taze hava hi\u00e7 bu kadar EKONOM\u0130K olmam\u0131\u015ft\u0131<\/h2><\/div><div class=\"uvc-sub-heading ult-responsive\"  data-ultimate-target='.uvc-heading.ultimate-heading-491569d002e55f2ef .uvc-sub-heading '  data-responsive-json-new='{\"font-size\":\"\",\"line-height\":\"\"}'  style=\"font-weight:normal;\"><\/p>\n<h4><\/h4>\n<p><\/div><\/div><div class=\"vc_empty_space\"   style=\"height: 32px\"><span class=\"vc_empty_space_inner\"><\/span><\/div>\n\t<div class=\"wpb_text_column wpb_content_element\" >\n\t\t<div class=\"wpb_wrapper\">\n\t\t\t<p>\u0130\u015fletmelerin iklimlendirmesinde en y\u00fcksek enerji t\u00fcketimi taze havan\u0131n \u015fartland\u0131r\u0131lmas\u0131nda olu\u015fuyor. Genellikle \u0131s\u0131 geri kazan\u0131ml\u0131 cihazlarla yap\u0131lan taze hava iklimlendirmesi daha y\u00fcksek kapasitelerde hava ihtiyac\u0131 olu\u015ftu\u011funda \u00fclkemizde yayg\u0131n olarak VRF D\u0131\u015f \u00dcniteli Klima Santrallar\u0131 ile \u00e7\u00f6z\u00fcl\u00fcyor. Klima Santral\u0131n\u0131n i\u00e7ine konulan DX Batarya'ya VRF d\u0131\u015f \u00fcnitesi ba\u011flanarak sahada uygulanan bak\u0131r borulama ve gaz \u015farj\u0131 ile otomasyon sistemi adapte edilerek \u00e7\u00f6z\u00fcm \u00fcretiliyor. Ancak sahada yap\u0131lan bu i\u015flem hem maliyet hem de uygulamada ya\u015fanabilecek aksakl\u0131klar\u0131n test, kontrol ve d\u00fczeltilmesi a\u00e7\u0131s\u0131ndan bir\u00e7ok zorluklar\u0131 ve riskleri de beraberinde getiriyor. AiolosAir olarak geli\u015ftirdi\u011fimiz HybriCool Combi AHU paket klima santrallar\u0131m\u0131z ile d\u0131\u015f \u00fcniteye gerek kalmadan b\u00fct\u00fcn otomasyon sitemi ile fabrikasyon olarak test edilmi\u015f \u015fekilde ihtiyac\u0131n\u0131z\u0131 en g\u00fcvenilir \u015fekilde kar\u015f\u0131layabiliyoruz. \u0130lk yat\u0131r\u0131m maliyet avantaj\u0131n\u0131n yan\u0131nda klasik uygulamalara g\u00f6re 'lere varan ekstra enerji tasarrufu** da cebinizde kal\u0131yor.<\/p>\n<ul>\n<li><strong><em>Fabrikasyon paket \u00fcnite<\/em><\/strong><\/li>\n<li><strong><em>Entegre kompres\u00f6r, evaporat\u00f6r ve kondanser ile d\u0131\u015f \u00fcnitesiz<\/em><\/strong><\/li>\n<li><strong><em>Tak ve \u00e7al\u0131\u015ft\u0131r<\/em><\/strong><\/li>\n<li><strong><em>\u0130lk yat\u0131r\u0131m maliyet avantaj\u0131<\/em><\/strong><\/li>\n<li><strong><em>Y\u00fczde 35'lere varan ilave enerji tasarrufu!<\/em><\/strong><\/li>\n<\/ul>\n<p>** Enerji tasarrufu proje ihtiya\u00e7lar\u0131na g\u00f6re ve kullan\u0131m \u015fartlar\u0131na g\u00f6re de\u011fi\u015fiklik g\u00f6sterebilir.<\/p>\n\n\t\t<\/div>\n\t<\/div>\n<div class=\"vc_empty_space\"   style=\"height: 32px\"><span class=\"vc_empty_space_inner\"><\/span><\/div><\/div><\/div><div class=\"vc_tta-panel\" id=\"1642000567830-338054c7-4a12\" data-vc-content=\".vc_tta-panel-body\"><div class=\"vc_tta-panel-heading\"><h4 class=\"vc_tta-panel-title\"><a href=\"#1642000567830-338054c7-4a12\" data-vc-accordion data-vc-container=\".vc_tta-container\"><span class=\"vc_tta-title-text\">Uygulama Alanlar\u0131<\/span><\/a><\/h4><\/div><div class=\"vc_tta-panel-body\"><div class=\"wpb_layerslider_element wpb_content_element\"><script type=\"text\/javascript\">jQuery(function() { _initLayerSlider( '#layerslider_13_14z0yquxg6h4a', {createdWith: '6.11.8', sliderVersion: '6.11.8', skin: 'v6', skinsPath: 'https:\/\/aiolosair.com\/wp-content\/plugins\/LayerSlider\/assets\/static\/layerslider\/skins\/'}); });<\/script><div id=\"layerslider_13_14z0yquxg6h4a\" class=\"ls-wp-container fitvidsignore\" style=\"width:1280px;height:720px;margin:0 auto;margin-bottom: 0px;\"><div class=\"ls-slide\" data-ls=\"duration:1500;kenburnsscale:1.2;\"><img loading=\"lazy\" decoding=\"async\" width=\"1280\" height=\"720\" src=\"https:\/\/aiolosair.com\/wp-content\/uploads\/2023\/10\/A1.jpg\" class=\"ls-bg\" alt=\"\" srcset=\"https:\/\/aiolosair.com\/wp-content\/uploads\/2023\/10\/A1.jpg 1280w, https:\/\/aiolosair.com\/wp-content\/uploads\/2023\/10\/A1-300x169.jpg 300w, https:\/\/aiolosair.com\/wp-content\/uploads\/2023\/10\/A1-1024x576.jpg 1024w, https:\/\/aiolosair.com\/wp-content\/uploads\/2023\/10\/A1-768x432.jpg 768w\" sizes=\"auto, (max-width: 1280px) 100vw, 1280px\" \/><\/div><div class=\"ls-slide\" data-ls=\"duration:1500;kenburnsscale:1.2;\"><img loading=\"lazy\" decoding=\"async\" width=\"1280\" height=\"720\" src=\"https:\/\/aiolosair.com\/wp-content\/uploads\/2023\/10\/a2.jpg\" class=\"ls-bg\" alt=\"\" srcset=\"https:\/\/aiolosair.com\/wp-content\/uploads\/2023\/10\/a2.jpg 1280w, https:\/\/aiolosair.com\/wp-content\/uploads\/2023\/10\/a2-300x169.jpg 300w, https:\/\/aiolosair.com\/wp-content\/uploads\/2023\/10\/a2-1024x576.jpg 1024w, https:\/\/aiolosair.com\/wp-content\/uploads\/2023\/10\/a2-768x432.jpg 768w\" sizes=\"auto, (max-width: 1280px) 100vw, 1280px\" \/><\/div><div class=\"ls-slide\" data-ls=\"duration:1500;kenburnsscale:1.2;\"><img loading=\"lazy\" decoding=\"async\" width=\"1280\" height=\"720\" src=\"https:\/\/aiolosair.com\/wp-content\/uploads\/2023\/10\/a3.jpg\" class=\"ls-bg\" alt=\"\" srcset=\"https:\/\/aiolosair.com\/wp-content\/uploads\/2023\/10\/a3.jpg 1280w, https:\/\/aiolosair.com\/wp-content\/uploads\/2023\/10\/a3-300x169.jpg 300w, https:\/\/aiolosair.com\/wp-content\/uploads\/2023\/10\/a3-1024x576.jpg 1024w, https:\/\/aiolosair.com\/wp-content\/uploads\/2023\/10\/a3-768x432.jpg 768w\" sizes=\"auto, (max-width: 1280px) 100vw, 1280px\" \/><\/div><div class=\"ls-slide\" data-ls=\"duration:1500;kenburnsscale:1.2;\"><img loading=\"lazy\" decoding=\"async\" width=\"1280\" height=\"720\" src=\"https:\/\/aiolosair.com\/wp-content\/uploads\/2023\/10\/a4.jpg\" class=\"ls-bg\" alt=\"\" srcset=\"https:\/\/aiolosair.com\/wp-content\/uploads\/2023\/10\/a4.jpg 1280w, https:\/\/aiolosair.com\/wp-content\/uploads\/2023\/10\/a4-300x169.jpg 300w, https:\/\/aiolosair.com\/wp-content\/uploads\/2023\/10\/a4-1024x576.jpg 1024w, https:\/\/aiolosair.com\/wp-content\/uploads\/2023\/10\/a4-768x432.jpg 768w\" sizes=\"auto, (max-width: 1280px) 100vw, 1280px\" \/><\/div><div class=\"ls-slide\" data-ls=\"duration:1500;kenburnsscale:1.2;\"><img loading=\"lazy\" decoding=\"async\" width=\"1280\" height=\"720\" src=\"https:\/\/aiolosair.com\/wp-content\/uploads\/2023\/10\/a5.jpg\" class=\"ls-bg\" alt=\"\" srcset=\"https:\/\/aiolosair.com\/wp-content\/uploads\/2023\/10\/a5.jpg 1280w, https:\/\/aiolosair.com\/wp-content\/uploads\/2023\/10\/a5-300x169.jpg 300w, https:\/\/aiolosair.com\/wp-content\/uploads\/2023\/10\/a5-1024x576.jpg 1024w, https:\/\/aiolosair.com\/wp-content\/uploads\/2023\/10\/a5-768x432.jpg 768w\" sizes=\"auto, (max-width: 1280px) 100vw, 1280px\" \/><\/div><div class=\"ls-slide\" data-ls=\"duration:1500;kenburnsscale:1.2;\"><img loading=\"lazy\" decoding=\"async\" width=\"1280\" height=\"720\" src=\"https:\/\/aiolosair.com\/wp-content\/uploads\/2023\/10\/a6.jpg\" class=\"ls-bg\" alt=\"\" srcset=\"https:\/\/aiolosair.com\/wp-content\/uploads\/2023\/10\/a6.jpg 1280w, https:\/\/aiolosair.com\/wp-content\/uploads\/2023\/10\/a6-300x169.jpg 300w, https:\/\/aiolosair.com\/wp-content\/uploads\/2023\/10\/a6-1024x576.jpg 1024w, https:\/\/aiolosair.com\/wp-content\/uploads\/2023\/10\/a6-768x432.jpg 768w\" sizes=\"auto, (max-width: 1280px) 100vw, 1280px\" \/><\/div><\/div><\/div><\/div><\/div><div class=\"vc_tta-panel\" id=\"1695641402455-acc3b4f9-1cd9\" data-vc-content=\".vc_tta-panel-body\"><div class=\"vc_tta-panel-heading\"><h4 class=\"vc_tta-panel-title\"><a href=\"#1695641402455-acc3b4f9-1cd9\" data-vc-accordion data-vc-container=\".vc_tta-container\"><span class=\"vc_tta-title-text\">Dok\u00fcmantasyon<\/span><\/a><\/h4><\/div><div class=\"vc_tta-panel-body\">\n\t<div class=\"wpb_text_column wpb_content_element\" >\n\t\t<div class=\"wpb_wrapper\">\n\t\t\t<p><img decoding=\"async\" src=\"https:\/\/aiolosair.com\/wp-content\/uploads\/2024\/03\/AHU-combi_TR.png\" \/><\/p>\n\n\t\t<\/div>\n\t<\/div>\n\n\t<div class=\"wpb_text_column wpb_content_element\" >\n\t\t<div class=\"wpb_wrapper\">\n\t\t\t\n\t\t<\/div>\n\t<\/div>\n<\/div><\/div><\/div><ul class=\"vc_general vc_pagination vc_pagination-style-outline vc_pagination-shape-square vc_pagination-color-grey\"><li class=\"vc_pagination-item vc_active\" data-vc-tab><a href=\"#1641918213908-2cd727fb-e11f\" class=\"vc_pagination-trigger\" data-vc-tabs data-vc-container=\".vc_tta\"><\/a><\/li><li class=\"vc_pagination-item\" data-vc-tab><a href=\"#1642000567830-338054c7-4a12\" class=\"vc_pagination-trigger\" data-vc-tabs data-vc-container=\".vc_tta\"><\/a><\/li><li class=\"vc_pagination-item\" data-vc-tab><a href=\"#1695641402455-acc3b4f9-1cd9\" class=\"vc_pagination-trigger\" data-vc-tabs data-vc-container=\".vc_tta\"><\/a><\/li><\/ul><\/div><\/div><\/div><\/div><\/div><\/div><\/div><!-- Row Backgrounds --><div class=\"upb_color\" data-bg-override=\"ex-full\" data-bg-color=\"#f6f6f6\" data-fadeout=\"\" data-fadeout-percentage=\"30\" data-parallax-content=\"\" data-parallax-content-sense=\"30\" data-row-effect-mobile-disable=\"true\" data-img-parallax-mobile-disable=\"true\" data-rtl=\"false\"  data-custom-vc-row=\"\"  data-vc=\"6.6.0.1\"  data-is_old_vc=\"\"  data-theme-support=\"\"   data-overlay=\"false\" data-overlay-color=\"\" data-overlay-pattern=\"\" data-overlay-pattern-opacity=\"\" data-overlay-pattern-size=\"\"    ><\/div><div class=\"vc_row wpb_row vc_row-fluid\"><div class=\"wpb_column vc_column_container vc_col-sm-12\"><div class=\"vc_column-inner\"><div class=\"wpb_wrapper\"><\/div><\/div><\/div><\/div>","protected":false},"excerpt":{"rendered":"<p>HybriCool AHU CombiDescriptionApplication AreasDocumentationDescription FIGURE &#8211; Values on the diagram are taken according to Hybricool AHU Combi Fresh air has never been so ECONOMIC In businesses, the highest energy consumption in air conditioning comes from conditioning fresh air. Typically, fresh air conditioning, which is often done with heat recovery devices, is solved in our country&hellip;<\/p>","protected":false},"author":2,"featured_media":0,"parent":0,"menu_order":20,"comment_status":"closed","ping_status":"closed","template":"","meta":{"footnotes":""},"class_list":["post-16351","page","type-page","status-publish","hentry","description-off"],"aioseo_notices":[],"_links":{"self":[{"href":"https:\/\/aiolosair.com\/tr\/wp-json\/wp\/v2\/pages\/16351","targetHints":{"allow":["GET"]}}],"collection":[{"href":"https:\/\/aiolosair.com\/tr\/wp-json\/wp\/v2\/pages"}],"about":[{"href":"https:\/\/aiolosair.com\/tr\/wp-json\/wp\/v2\/types\/page"}],"author":[{"embeddable":true,"href":"https:\/\/aiolosair.com\/tr\/wp-json\/wp\/v2\/users\/2"}],"replies":[{"embeddable":true,"href":"https:\/\/aiolosair.com\/tr\/wp-json\/wp\/v2\/comments?post=16351"}],"version-history":[{"count":10,"href":"https:\/\/aiolosair.com\/tr\/wp-json\/wp\/v2\/pages\/16351\/revisions"}],"predecessor-version":[{"id":16363,"href":"https:\/\/aiolosair.com\/tr\/wp-json\/wp\/v2\/pages\/16351\/revisions\/16363"}],"wp:attachment":[{"href":"https:\/\/aiolosair.com\/tr\/wp-json\/wp\/v2\/media?parent=16351"}],"curies":[{"name":"wp","href":"https:\/\/api.w.org\/{rel}","templated":true}]}}