{"id":835,"date":"2014-03-18T10:02:39","date_gmt":"2014-03-18T10:02:39","guid":{"rendered":"http:\/\/the7.dream-demo.com\/business\/?page_id=5"},"modified":"2023-07-17T15:02:37","modified_gmt":"2023-07-17T15:02:37","slug":"about-company","status":"publish","type":"page","link":"https:\/\/aiolosair.com\/tr\/about-company\/","title":{"rendered":"Hakk\u0131m\u0131zda"},"content":{"rendered":"<div class=\"vc_row wpb_row vc_row-fluid vc_custom_1641918519153 vc_row-has-fill\"><div class=\"wpb_column vc_column_container vc_col-sm-12 vc_col-lg-12 vc_col-md-12\"><div class=\"vc_column-inner vc_custom_1476030031960\"><div class=\"wpb_wrapper\"><div id=\"ultimate-heading-430569d0154fc03bf\" class=\"uvc-heading ult-adjust-bottom-margin ultimate-heading-430569d0154fc03bf uvc-7877 accent-title-color\" data-hspacer=\"no_spacer\"  data-halign=\"center\" style=\"text-align:center\"><div class=\"uvc-heading-spacer no_spacer\" style=\"top\"><\/div><div class=\"uvc-main-heading ult-responsive\"  data-ultimate-target='.uvc-heading.ultimate-heading-430569d0154fc03bf h1'  data-responsive-json-new='{\"font-size\":\"desktop:34px;mobile_landscape:22px;mobile:22px;\",\"line-height\":\"desktop:46px;mobile_landscape:32px;mobile:32px;\"}' ><h1 style=\"font-family:&#039;Fira Sans&#039;;font-weight:700;color:#003b81;\">AiolosAir<\/h1><\/div><div class=\"uvc-sub-heading ult-responsive\"  data-ultimate-target='.uvc-heading.ultimate-heading-430569d0154fc03bf .uvc-sub-heading '  data-responsive-json-new='{\"font-size\":\"desktop:58px;mobile_landscape:38px;mobile:30px;\",\"line-height\":\"desktop:68px;mobile_landscape:48px;mobile:40px;\"}'  style=\"font-family:&#039;Fira Sans Condensed&#039;;font-weight:700;color:#ffffff;margin-top:10px;margin-bottom:20px;\">Hakk\u0131m\u0131zda<\/div><\/div><style type=\"text\/css\" data-type=\"the7_shortcodes-inline-css\">.dt-breadcrumbs-id-00e7ad14fe45716ac790718ece057902 .breadcrumbs {\n  display: inline-block;\n  margin: 0;\n  padding: 2px 12px 2px 12px;\n  border: 1px solid rgba(255,255,255,0.25);\n  border-radius: 0px;\n}\n.dt-breadcrumbs-id-00e7ad14fe45716ac790718ece057902 .breadcrumbs * {\n  font-size: 13px;\n  line-height: 16px;\n  color: #ffffff;\n}\n<\/style><div class=\"dt-breadcrumbs-shortcode dt-breadcrumbs-id-00e7ad14fe45716ac790718ece057902 align-centre\"><div class=\"assistive-text\">You are here:<\/div><ol class=\"breadcrumbs text-small\" itemscope itemtype=\"https:\/\/schema.org\/BreadcrumbList\"><li itemprop=\"itemListElement\" itemscope itemtype=\"https:\/\/schema.org\/ListItem\"><a itemprop=\"item\" href=\"https:\/\/aiolosair.com\/tr\/\" title=\"\"><span itemprop=\"name\">Home<\/span><\/a><meta itemprop=\"position\" content=\"1\" \/><\/li><li class=\"current\" itemprop=\"itemListElement\" itemscope itemtype=\"https:\/\/schema.org\/ListItem\"><span itemprop=\"name\">Sayfa<\/span><meta itemprop=\"position\" content=\"2\" \/><\/li><\/ol><\/div><\/div><\/div><\/div><\/div><!-- Row Backgrounds --><div class=\"upb_bg_img\" data-ultimate-bg=\"url(https:\/\/aiolosair.com\/wp-content\/uploads\/2022\/01\/aboutus-scaled.jpg)\" data-image-id=\"id^15580|url^https:\/\/aiolosair.com\/wp-content\/uploads\/2022\/01\/aboutus-scaled.jpg|caption^Wooden block with message about us|alt^null|title^Wooden block with message about us|description^null\" data-ultimate-bg-style=\"vcpb-default\" data-bg-img-repeat=\"no-repeat\" data-bg-img-size=\"cover\" data-bg-img-position=\"\" data-parallx_sense=\"30\" data-bg-override=\"ex-full\" data-bg_img_attach=\"scroll\" data-upb-overlay-color=\"rgba(0,0,0,0.5)\" data-upb-bg-animation=\"\" data-fadeout=\"\" data-bg-animation=\"left-animation\" data-bg-animation-type=\"h\" data-animation-repeat=\"repeat\" data-fadeout-percentage=\"30\" data-parallax-content=\"\" data-parallax-content-sense=\"30\" data-row-effect-mobile-disable=\"true\" data-img-parallax-mobile-disable=\"true\" data-rtl=\"false\"  data-custom-vc-row=\"\"  data-vc=\"6.6.0.1\"  data-is_old_vc=\"\"  data-theme-support=\"\"   data-overlay=\"true\" data-overlay-color=\"rgba(0,0,0,0.5)\" data-overlay-pattern=\"\" data-overlay-pattern-opacity=\"0.8\" data-overlay-pattern-size=\"\" data-overlay-pattern-attachment=\"scroll\"    ><\/div><div class=\"vc_row wpb_row vc_row-fluid vc_custom_1490183704313 vc_row-o-equal-height vc_row-flex\"><div class=\"wpb_column vc_column_container vc_col-sm-12\"><div class=\"vc_column-inner vc_custom_1490183961234\"><div class=\"wpb_wrapper\"><div class=\"vc_tta-container\" data-vc-action=\"collapse\"><h2>Aiolos Air - Advanced Air Technologies<\/h2><div class=\"vc_general vc_tta vc_tta-tabs vc_tta-color-blue vc_tta-style-modern vc_tta-shape-rounded vc_tta-spacing-1 vc_tta-gap-15 vc_tta-has-pagination vc_tta-tabs-position-top vc_tta-controls-align-center\"><div class=\"vc_tta-tabs-container\"><ul class=\"vc_tta-tabs-list\"><li class=\"vc_tta-tab vc_active\" data-vc-tab><a href=\"#1641918213908-2cd727fb-e11f\" data-vc-tabs data-vc-container=\".vc_tta\"><span class=\"vc_tta-title-text\">Hikayemiz<\/span><\/a><\/li><li class=\"vc_tta-tab\" data-vc-tab><a href=\"#1641918213908-9c6caeb3-d4c8\" data-vc-tabs data-vc-container=\".vc_tta\"><span class=\"vc_tta-title-text\">Aiolos'un Hikayesi<\/span><\/a><\/li><li class=\"vc_tta-tab\" data-vc-tab><a href=\"#1642949366498-e49ee4c8-9f35\" data-vc-tabs data-vc-container=\".vc_tta\"><span class=\"vc_tta-title-text\">Timeline<\/span><\/a><\/li><\/ul><\/div><div class=\"vc_tta-panels-container\"><div class=\"vc_tta-panels\"><div class=\"vc_tta-panel vc_active\" id=\"1641918213908-2cd727fb-e11f\" data-vc-content=\".vc_tta-panel-body\"><div class=\"vc_tta-panel-heading\"><h4 class=\"vc_tta-panel-title\"><a href=\"#1641918213908-2cd727fb-e11f\" data-vc-accordion data-vc-container=\".vc_tta-container\"><span class=\"vc_tta-title-text\">Hikayemiz<\/span><\/a><\/h4><\/div><div class=\"vc_tta-panel-body\">\n\t<div class=\"wpb_text_column wpb_content_element\" >\n\t\t<div class=\"wpb_wrapper\">\n\t\t\t<p style=\"font-weight: 400; color: black;\">Do\u011fa, insanlara konfor i\u00e7inde ya\u015famak i\u00e7in gerekli olan t\u00fcm enerji kaynaklar\u0131n\u0131 verir. Ancak, enerji kaynaklar\u0131 s\u0131n\u0131rs\u0131z de\u011fildir. S\u00fcrd\u00fcr\u00fclebilir bir medeniyet, do\u011fal kaynaklarla yenilik\u00e7i \u00fcr\u00fcnlerle elde edilebilir. \u0130novasyon kendisi de do\u011fada gizlidir. Hava, Su, Toprak ve Ate\u015f. Do\u011fan\u0131n d\u00f6rt elementi s\u00fcrekli olarak birbirinden enerji kazanmaktad\u0131r.<\/p>\n<p style=\"font-weight: 400; color: black;\"><b>AiolosAir<\/b><b>\u00ae<\/b>\u00a0, merkezi ve da\u011f\u0131t\u0131lm\u0131\u015f uygulamalarda, ak\u0131ll\u0131 enerji geri kazan\u0131m \u00e7\u00f6z\u00fcmleri ile y\u00fcksek enerji verimli \u00fcr\u00fcnler geli\u015ftirmek i\u00e7in do\u011fadan ilham al\u0131r. Geni\u015f \u00fcr\u00fcn yelpazemizi ve \u00e7\u00f6z\u00fcmlerimizi end\u00fcstriyel veya ticari binalara veya ya\u015fad\u0131\u011f\u0131n\u0131z evlere, do\u011fadan enerji transfer ederek havay\u0131 havaland\u0131rmak, so\u011futmak ve \u0131s\u0131tmak i\u00e7in kullan\u0131yoruz veya do\u011fadan sald\u0131\u011f\u0131m\u0131z egzoz havas\u0131ndan enerji geri kazan\u0131yoruz.<\/p>\n<p style=\"font-weight: 400; color: black;\"><b>AiolosAir<\/b><b>\u00ae<\/b>\u00a0, kendisini \u015funlar\u0131 geli\u015ftirmeye ve \u00fcretmeye adam\u0131\u015ft\u0131r:<\/p>\n<ul style=\"color: black;\">\n<li style=\"font-weight: 400;\">S\u00fcrd\u00fcr\u00fclebilir<\/li>\n<li style=\"font-weight: 400;\">Enerji verimli<\/li>\n<li style=\"font-weight: 400;\">Kolay se\u00e7ilebilir<\/li>\n<li style=\"font-weight: 400;\">Kolay \u00fcretilebilir<\/li>\n<li style=\"font-weight: 400;\">Kolay kurulum ve ba\u015flatma<\/li>\n<li style=\"font-weight: 400;\">Tak ve \u00c7al\u0131\u015ft\u0131r tam kontrol<\/li>\n<li style=\"font-weight: 400;\">Yenilik\u00e7i<\/li>\n<\/ul>\n<p style=\"font-weight: 400; color: black;\">HVAC ekipmanlar\u0131.<\/p>\n<p style=\"font-weight: 400; color: black;\">Bizimle ileti\u015fime ge\u00e7erek ne yapabilece\u011fimiz hakk\u0131nda bir fikir edinin!<\/p>\n\n\t\t<\/div>\n\t<\/div>\n<\/div><\/div><div class=\"vc_tta-panel\" id=\"1641918213908-9c6caeb3-d4c8\" data-vc-content=\".vc_tta-panel-body\"><div class=\"vc_tta-panel-heading\"><h4 class=\"vc_tta-panel-title\"><a href=\"#1641918213908-9c6caeb3-d4c8\" data-vc-accordion data-vc-container=\".vc_tta-container\"><span class=\"vc_tta-title-text\">Aiolos'un Hikayesi<\/span><\/a><\/h4><\/div><div class=\"vc_tta-panel-body\"><div class=\"vc_row wpb_row vc_inner vc_row-fluid\"><div class=\"wpb_column vc_column_container vc_col-sm-12\"><div class=\"vc_column-inner\"><div class=\"wpb_wrapper\"><style type=\"text\/css\" data-type=\"the7_shortcodes-inline-css\">.shortcode-single-image-wrap.shortcode-single-image-ec1f49d4141efc50e9e201087a06cca5.enable-bg-rollover .rollover i,\n.shortcode-single-image-wrap.shortcode-single-image-ec1f49d4141efc50e9e201087a06cca5.enable-bg-rollover .rollover-video i {\n  background: -webkit-linear-gradient();\n  background: linear-gradient();\n}\n.shortcode-single-image-wrap.shortcode-single-image-ec1f49d4141efc50e9e201087a06cca5 .rollover-icon {\n  font-size: 32px;\n  color: #ffffff;\n  min-width: 44px;\n  min-height: 44px;\n  line-height: 44px;\n  border-radius: 100px;\n  border-style: solid;\n  border-width: 0px;\n}\n.dt-icon-bg-on.shortcode-single-image-wrap.shortcode-single-image-ec1f49d4141efc50e9e201087a06cca5 .rollover-icon {\n  background: rgba(255,255,255,0.3);\n  box-shadow: none;\n}\n<\/style><div class=\"shortcode-single-image-wrap shortcode-single-image-ec1f49d4141efc50e9e201087a06cca5 alignnone  enable-bg-rollover dt-icon-bg-off\" style=\"margin-top:0px; margin-bottom:0px; margin-left:0px; margin-right:0px;\"><div class=\"shortcode-single-image\"><div class=\"fancy-media-wrap  layzr-bg\" style=\"\"><img loading=\"lazy\" decoding=\"async\" class=\"preload-me lazy-load\" src=\"data:image\/svg+xml,%3Csvg%20xmlns%3D&#39;http%3A%2F%2Fwww.w3.org%2F2000%2Fsvg&#39;%20viewBox%3D&#39;0%200%20250%20163&#39;%2F%3E\" data-src=\"https:\/\/aiolosair.com\/wp-content\/uploads\/2022\/01\/Original-1.jpg\" data-srcset=\"https:\/\/aiolosair.com\/wp-content\/uploads\/2022\/01\/Original-1.jpg 250w\" width=\"250\" height=\"163\"  data-dt-location=\"https:\/\/aiolosair.com\/tr\/about-company\/original-3\/\" style=\"box-shadow:5px 5px 5px 5px rgba(0,0,0,0.6); -webkit-box-shadow:5px 5px 5px 5px rgba(0,0,0,0.6);\" alt=\"\" \/><\/div><\/div><\/div><\/div><\/div><\/div><\/div>\n\t<div class=\"wpb_text_column wpb_content_element  vc_custom_1641920892251\" >\n\t\t<div class=\"wpb_wrapper\">\n\t\t\t<p style=\"font-weight: 400; color: black;\" class=\" translation-block\"><em>AIOLOS (Aeolus)\u00a0<\/em>, r\u00fczgarlar\u0131n ilahi koruyucusu ve mitolojik, y\u00fczen <em>Aiolia (Aeolia) adas\u0131n\u0131n<\/em> kral\u0131yd\u0131. \u015eiddetli F\u0131rt\u0131na-R\u00fczgarlar\u0131n\u0131 adas\u0131n\u0131n i\u00e7indeki kocaman bir ma\u011faran\u0131n i\u00e7inde g\u00fcvenli bir \u015fekilde sakl\u0131 tutar, onlar\u0131 sadece en b\u00fcy\u00fck tanr\u0131lar\u0131n emriyle d\u00fcnyaya y\u0131k\u0131m getirmek i\u00e7in serbest b\u0131rak\u0131rd\u0131.<\/p>\n<p style=\"font-weight: 400; color: black;\" class=\" translation-block\">Kahraman Odysseus bir kez Aiolos'un adas\u0131n\u0131 ziyaret etti ve g\u00fcvenli bir \u015fekilde eve d\u00f6n\u00fc\u015f yolculu\u011funu sa\u011flamak i\u00e7in t\u00fcm F\u0131rt\u0131na-R\u00fczgarlar\u0131n\u0131 i\u00e7eren bir \u00e7anta emanet edildi. Ancak, yolculuk s\u0131ras\u0131nda kahraman\u0131n a\u00e7g\u00f6zl\u00fc arkada\u015flar\u0131 alt\u0131n aray\u0131\u015f\u0131nda \u00e7antay\u0131 a\u00e7t\u0131 ve ka\u00e7an r\u00fczgarlar gemilerini Aiolos'un k\u0131y\u0131s\u0131na geri g\u00f6t\u00fcrd\u00fc. R\u00fczgarlar genellikle <em>at \u015feklinde<\/em> tanr\u0131lar veya ruhlar olarak tasarlanm\u0131\u015ft\u0131r ve bu nedenle Aiolos, Yunanca hippos (\"at\") ve tad\u00ean (\"s\u0131k\u0131ca dizginlenmi\u015f\") kelimelerinden t\u00fcretilen Hippotades, \"atlar\u0131n dize getiricisi\" olarak adland\u0131r\u0131lm\u0131\u015ft\u0131r.<\/p>\n\n\t\t<\/div>\n\t<\/div>\n<\/div><\/div><div class=\"vc_tta-panel\" id=\"1642949366498-e49ee4c8-9f35\" data-vc-content=\".vc_tta-panel-body\"><div class=\"vc_tta-panel-heading\"><h4 class=\"vc_tta-panel-title\"><a href=\"#1642949366498-e49ee4c8-9f35\" data-vc-accordion data-vc-container=\".vc_tta-container\"><span class=\"vc_tta-title-text\">Timeline<\/span><\/a><\/h4><\/div><div class=\"vc_tta-panel-body\"><div class=\"smile-icon-timeline-wrap csstime\"     style=\"\"><div class=\"timeline-line\" style=\"border-right-color:;\"><span><\/span><\/div><div class=\"timeline-wrapper\"><\/div>\n\t\t\t\t<div id=\"timeline-seperator-7125\" class=\"timeline-separator-text\" data-sep-col=\"#ffffff\" data-sep-bg-col=\"\"><span class=\"sep-text ult-responsive\"  data-ultimate-target='#timeline-seperator-7125 .sep-text'  data-responsive-json-new='{\"font-size\":\"\",\"line-height\":\"\"}'  style=\"color:#ffffff;border-style:double;border-color:#263a7c;border-width:1px;border-radius:5px;\">2018 y\u0131l\u0131nda AiolosAir, AiolosAir MEA'y\u0131 kurdu.<\/span><\/div><div class=\"timeline-wrapper\"><\/div>\n\t\t\t\t<div id=\"timeline-seperator-9450\" class=\"timeline-separator-text\" data-sep-col=\"#ffffff\" data-sep-bg-col=\"\"><span class=\"sep-text ult-responsive\"  data-ultimate-target='#timeline-seperator-9450 .sep-text'  data-responsive-json-new='{\"font-size\":\"\",\"line-height\":\"\"}'  style=\"color:#ffffff;border-style:double;border-color:#263a7c;border-width:1px;border-radius:5px;\">2019<\/span><\/div><div class=\"timeline-wrapper\"><div class=\"timeline-block\"><div class=\"timeline-dot\"><\/div><div class=\"ult-timeline-arrow\"><s><\/s><l><\/l><\/div><div class=\"timeline-icon-block\"><div class=\"ult-timeline-icon tl-icon-no-bg\" style=\"   \"><\/div> <!-- icon --><\/div><div class=\"timeline-header-block\" >\n\t\t\t\t\t\t\t<div id=\"timeline-item-7222\" class=\"timeline-header\" style=\"\"><h3 class=\"ult-timeline-title ult-responsive\"  data-ultimate-target='#timeline-item-7222 .ult-timeline-title'  data-responsive-json-new='{\"font-size\":\"\",\"line-height\":\"\"}'  style=\"\">HybriCool \u00fcretildi.<\/h3><div class=\"ult-responsive timeline-item-spt\"  data-ultimate-target='#timeline-item-7222 .timeline-item-spt'  data-responsive-json-new='{\"font-size\":\"\",\"line-height\":\"\"}'  style=\"\"><\/div><\/div> <!-- header --><\/div><\/div><div class=\"timeline-block\"><div class=\"timeline-dot\"><\/div><div class=\"ult-timeline-arrow\"><s><\/s><l><\/l><\/div><div class=\"timeline-icon-block\"><div class=\"ult-timeline-icon tl-icon-no-bg\" style=\"   \"><\/div> <!-- icon --><\/div><div class=\"timeline-header-block\" >\n\t\t\t\t\t\t\t<div id=\"timeline-item-3686\" class=\"timeline-header\" style=\"\"><h3 class=\"ult-timeline-title ult-responsive\"  data-ultimate-target='#timeline-item-3686 .ult-timeline-title'  data-responsive-json-new='{\"font-size\":\"\",\"line-height\":\"\"}'  style=\"\">HybriCool'un ilk \u00fcnitesi m\u00fc\u015fteriye teslim edildi.<\/h3><div class=\"ult-responsive timeline-item-spt\"  data-ultimate-target='#timeline-item-3686 .timeline-item-spt'  data-responsive-json-new='{\"font-size\":\"\",\"line-height\":\"\"}'  style=\"\"><\/div><\/div> <!-- header --><\/div><\/div><\/div>\n\t\t\t\t<div id=\"timeline-seperator-5569\" class=\"timeline-separator-text\" data-sep-col=\"#ffffff\" data-sep-bg-col=\"\"><span class=\"sep-text ult-responsive\"  data-ultimate-target='#timeline-seperator-5569 .sep-text'  data-responsive-json-new='{\"font-size\":\"\",\"line-height\":\"\"}'  style=\"color:#ffffff;border-style:double;border-color:#263a7c;border-width:1px;border-radius:5px;\">2020<\/span><\/div><div class=\"timeline-wrapper\"><div class=\"timeline-block\"><div class=\"timeline-dot\"><\/div><div class=\"ult-timeline-arrow\"><s><\/s><l><\/l><\/div><div class=\"timeline-icon-block\"><div class=\"ult-timeline-icon tl-icon-no-bg\" style=\"   \"><\/div> <!-- icon --><\/div><div class=\"timeline-header-block\" >\n\t\t\t\t\t\t\t<div id=\"timeline-item-5880\" class=\"timeline-header\" style=\"\"><h3 class=\"ult-timeline-title ult-responsive\"  data-ultimate-target='#timeline-item-5880 .ult-timeline-title'  data-responsive-json-new='{\"font-size\":\"\",\"line-height\":\"\"}'  style=\"\">AiolosAir Sat\u0131\u015f Ortaklar\u0131<\/h3><div class=\"ult-responsive timeline-item-spt\"  data-ultimate-target='#timeline-item-5880 .timeline-item-spt'  data-responsive-json-new='{\"font-size\":\"\",\"line-height\":\"\"}'  style=\"\">AiolosAir EU West-Germany<br \/>\nAiolosAir EU East-Poland<br \/>\nAiolosAir APAC-Malaysia<\/div><\/div> <!-- header --><\/div><\/div><div class=\"timeline-block\"><div class=\"timeline-dot\"><\/div><div class=\"ult-timeline-arrow\"><s><\/s><l><\/l><\/div><div class=\"timeline-icon-block\"><div class=\"ult-timeline-icon tl-icon-no-bg\" style=\"   \"><\/div> <!-- icon --><\/div><div class=\"timeline-header-block\" >\n\t\t\t\t\t\t\t<div id=\"timeline-item-8953\" class=\"timeline-header\" style=\"\"><h3 class=\"ult-timeline-title ult-responsive\"  data-ultimate-target='#timeline-item-8953 .ult-timeline-title'  data-responsive-json-new='{\"font-size\":\"\",\"line-height\":\"\"}'  style=\"\">Yeni \u00fcr\u00fcnlerimiz portf\u00f6y\u00fcm\u00fcze eklendi.<\/h3><div class=\"ult-responsive timeline-item-spt\"  data-ultimate-target='#timeline-item-8953 .timeline-item-spt'  data-responsive-json-new='{\"font-size\":\"\",\"line-height\":\"\"}'  style=\"\">HybriCool Flat<br \/>\nHybriCool-HE<br \/>\nHepaBooster<br \/>\nPuriClean<\/div><\/div> <!-- header --><\/div><\/div><\/div>\n\t\t\t\t<div id=\"timeline-seperator-5101\" class=\"timeline-separator-text\" data-sep-col=\"#ffffff\" data-sep-bg-col=\"\"><span class=\"sep-text ult-responsive\"  data-ultimate-target='#timeline-seperator-5101 .sep-text'  data-responsive-json-new='{\"font-size\":\"\",\"line-height\":\"\"}'  style=\"color:#ffffff;border-style:double;border-color:#263a7c;border-width:1px;border-radius:5px;\">2021<\/span><\/div><div class=\"timeline-wrapper\"><div class=\"timeline-block\"><div class=\"timeline-dot\"><\/div><div class=\"ult-timeline-arrow\"><s><\/s><l><\/l><\/div><div class=\"timeline-icon-block\"><div class=\"ult-timeline-icon tl-icon-no-bg\" style=\"   \"><\/div> <!-- icon --><\/div><div class=\"timeline-header-block\" >\n\t\t\t\t\t\t\t<div id=\"timeline-item-9984\" class=\"timeline-header\" style=\"\"><h3 class=\"ult-timeline-title ult-responsive\"  data-ultimate-target='#timeline-item-9984 .ult-timeline-title'  data-responsive-json-new='{\"font-size\":\"\",\"line-height\":\"\"}'  style=\"\">Yeni \u00fcr\u00fcnlerimiz portf\u00f6y\u00fcm\u00fcze eklendi.<\/h3><div class=\"ult-responsive timeline-item-spt\"  data-ultimate-target='#timeline-item-9984 .timeline-item-spt'  data-responsive-json-new='{\"font-size\":\"\",\"line-height\":\"\"}'  style=\"\">HybriCool Flat-V<br \/>\nAiolosAir Aura<br \/>\nChillOut<\/div><\/div> <!-- header --><\/div><\/div><div class=\"timeline-block\"><div class=\"timeline-dot\"><\/div><div class=\"ult-timeline-arrow\"><s><\/s><l><\/l><\/div><div class=\"timeline-icon-block\"><div class=\"ult-timeline-icon tl-icon-no-bg\" style=\"   \"><\/div> <!-- icon --><\/div><div class=\"timeline-header-block\" >\n\t\t\t\t\t\t\t<div id=\"timeline-item-2308\" class=\"timeline-header\" style=\"\"><h3 class=\"ult-timeline-title ult-responsive\"  data-ultimate-target='#timeline-item-2308 .ult-timeline-title'  data-responsive-json-new='{\"font-size\":\"\",\"line-height\":\"\"}'  style=\"\">M\u00fc\u015fterilere 30'dan fazla \u00fcnite teslim edildi.<\/h3><div class=\"ult-responsive timeline-item-spt\"  data-ultimate-target='#timeline-item-2308 .timeline-item-spt'  data-responsive-json-new='{\"font-size\":\"\",\"line-height\":\"\"}'  style=\"\"><\/div><\/div> <!-- header --><\/div><\/div><\/div><div class=\"timeline-feature-item feat-item\"><div class=\"feat-dot\"><div class=\"timeline-dot\"><\/div><\/div><div class=\"ult-timeline-arrow\"><s><\/s><l><\/l><\/div><div class=\"timeline-icon-block\"><div class=\"ult-timeline-icon tl-icon-no-bg\" style=\"   \"><\/div> <!-- icon --><\/div><div class=\"timeline-header-block\" >\n\t\t\t\t\t\t\t<div class=\"timeline-header\" id=\"timeline-featured-1051\"  style=\"\"><h3\n\t\t\t class=\"ult-timeline-title ult-responsive\"   data-ultimate-target='#timeline-featured-1051 .ult-timeline-title'  data-responsive-json-new='{\"font-size\":\"\",\"line-height\":\"\"}'  style=\"\">2022<\/h3><div class=\"ult-responsive custom-lht\"  data-ultimate-target='#timeline-featured-1051 .custom-lht'  data-responsive-json-new='{\"font-size\":\"\",\"line-height\":\"\"}'  style=\"\"><\/div><\/div> <!-- header --><\/div><\/div><div class=\"timeline-wrapper\"><\/div><\/div><\/div><\/div><\/div><ul class=\"vc_general vc_pagination vc_pagination-style-outline vc_pagination-shape-square vc_pagination-color-grey\"><li class=\"vc_pagination-item vc_active\" data-vc-tab><a href=\"#1641918213908-2cd727fb-e11f\" class=\"vc_pagination-trigger\" data-vc-tabs data-vc-container=\".vc_tta\"><\/a><\/li><li class=\"vc_pagination-item\" data-vc-tab><a href=\"#1641918213908-9c6caeb3-d4c8\" class=\"vc_pagination-trigger\" data-vc-tabs data-vc-container=\".vc_tta\"><\/a><\/li><li class=\"vc_pagination-item\" data-vc-tab><a href=\"#1642949366498-e49ee4c8-9f35\" class=\"vc_pagination-trigger\" data-vc-tabs data-vc-container=\".vc_tta\"><\/a><\/li><\/ul><\/div><\/div><\/div><\/div><\/div><\/div><\/div><!-- Row Backgrounds --><div class=\"upb_color\" data-bg-override=\"ex-full\" data-bg-color=\"#f6f6f6\" data-fadeout=\"\" data-fadeout-percentage=\"30\" data-parallax-content=\"\" data-parallax-content-sense=\"30\" data-row-effect-mobile-disable=\"true\" data-img-parallax-mobile-disable=\"true\" data-rtl=\"false\"  data-custom-vc-row=\"\"  data-vc=\"6.6.0.1\"  data-is_old_vc=\"\"  data-theme-support=\"\"   data-overlay=\"false\" data-overlay-color=\"\" data-overlay-pattern=\"\" data-overlay-pattern-opacity=\"\" data-overlay-pattern-size=\"\"    ><\/div>","protected":false},"excerpt":{"rendered":"<p>AiolosAirAbout CompanyAiolos Air &#8211; Advanced Air TechnologiesOur StoryStory of AiolosTimelineOur Story Nature gives human all sources of energy to live in comfort. However, energy resources are not unlimited. Sustainable civilization can be obtained with natural resources with innovative products. Innovation itself is also hidden in nature. Air, Water, Earth and Fire. Four elements of nature&hellip;<\/p>","protected":false},"author":1,"featured_media":0,"parent":0,"menu_order":20,"comment_status":"closed","ping_status":"closed","template":"","meta":{"footnotes":""},"class_list":["post-835","page","type-page","status-publish","hentry","description-off"],"aioseo_notices":[],"_links":{"self":[{"href":"https:\/\/aiolosair.com\/tr\/wp-json\/wp\/v2\/pages\/835","targetHints":{"allow":["GET"]}}],"collection":[{"href":"https:\/\/aiolosair.com\/tr\/wp-json\/wp\/v2\/pages"}],"about":[{"href":"https:\/\/aiolosair.com\/tr\/wp-json\/wp\/v2\/types\/page"}],"author":[{"embeddable":true,"href":"https:\/\/aiolosair.com\/tr\/wp-json\/wp\/v2\/users\/1"}],"replies":[{"embeddable":true,"href":"https:\/\/aiolosair.com\/tr\/wp-json\/wp\/v2\/comments?post=835"}],"version-history":[{"count":0,"href":"https:\/\/aiolosair.com\/tr\/wp-json\/wp\/v2\/pages\/835\/revisions"}],"wp:attachment":[{"href":"https:\/\/aiolosair.com\/tr\/wp-json\/wp\/v2\/media?parent=835"}],"curies":[{"name":"wp","href":"https:\/\/api.w.org\/{rel}","templated":true}]}}